{"id":727625,"date":"2025-08-27T20:25:08","date_gmt":"2025-08-27T17:25:08","guid":{"rendered":"https:\/\/roveyayinevi.com.tr\/index.php\/urun\/derin-kabus\/"},"modified":"2026-04-08T02:44:10","modified_gmt":"2026-04-07T23:44:10","slug":"derin-kabus","status":"publish","type":"product","link":"https:\/\/roveyayinevi.com.tr\/index.php\/urun\/derin-kabus\/","title":{"rendered":"Derin Kabus"},"content":{"rendered":"<p>Bursa-\u0130zmir-Eski\u015fehir \u00fc\u00e7geninde cereyan eden ger\u00e7ek ve paranormal olaylar\u0131n girift hale geldi\u011fi s\u00fcr\u00fckleyici bir roman\u2026 Yazar, ak\u0131c\u0131 \u00fcslubuyla okuyucunun elinden roman\u0131 b\u0131rakt\u0131rmazken, okuyucu kendisini adeta bir gerilim filmi izlerken bulacak.  \u00d6yleki, okuyucu kendisini bir anda Porsuk Nehri\u2019nin derin sular\u0131nda bulacak, daha \u00fczeriniz kurumadan \u0130zmir\u2019de bulunan yazl\u0131k evin korulu\u011fundaki gizli mezar\u0131n \u00fcrpertisini  iliklerine kadar hissedecek. <\/p>\n","protected":false},"excerpt":{"rendered":"<p>Bursa-\u0130zmir-Eski\u015fehir \u00fc\u00e7geninde cereyan eden ger\u00e7ek ve paranormal olaylar\u0131n girift hale geldi\u011fi s\u00fcr\u00fckleyici bir roman\u2026 Yazar, ak\u0131c\u0131 \u00fcslubuyla okuyucunun elinden roman\u0131 b\u0131rakt\u0131rmazken, okuyucu kendisini adeta bir gerilim<span class=\"excerpt-hellip\"> [\u2026]<\/span><\/p>\n","protected":false},"featured_media":0,"template":"","meta":{"_monsterinsights_skip_tracking":false,"_monsterinsights_sitenote_active":false,"_monsterinsights_sitenote_note":"","_monsterinsights_sitenote_category":0},"product_brand":[],"product_cat":[12291,12711],"product_tag":[],"class_list":{"0":"post-727625","1":"product","2":"type-product","3":"status-publish","5":"product_cat-edebiyat","6":"product_cat-roman-oyku","7":"pa_cilt-ciltsiz","8":"pa_tur-kitap","9":"pa_yayinevi-cinaralti-yayinlari","10":"pa_yazar-murat-sadiklar","12":"first","13":"instock","14":"sale","15":"shipping-taxable","16":"purchasable","17":"product-type-simple"},"_links":{"self":[{"href":"https:\/\/roveyayinevi.com.tr\/index.php\/wp-json\/wp\/v2\/product\/727625","targetHints":{"allow":["GET"]}}],"collection":[{"href":"https:\/\/roveyayinevi.com.tr\/index.php\/wp-json\/wp\/v2\/product"}],"about":[{"href":"https:\/\/roveyayinevi.com.tr\/index.php\/wp-json\/wp\/v2\/types\/product"}],"wp:attachment":[{"href":"https:\/\/roveyayinevi.com.tr\/index.php\/wp-json\/wp\/v2\/media?parent=727625"}],"wp:term":[{"taxonomy":"product_brand","embeddable":true,"href":"https:\/\/roveyayinevi.com.tr\/index.php\/wp-json\/wp\/v2\/product_brand?post=727625"},{"taxonomy":"product_cat","embeddable":true,"href":"https:\/\/roveyayinevi.com.tr\/index.php\/wp-json\/wp\/v2\/product_cat?post=727625"},{"taxonomy":"product_tag","embeddable":true,"href":"https:\/\/roveyayinevi.com.tr\/index.php\/wp-json\/wp\/v2\/product_tag?post=727625"}],"curies":[{"name":"wp","href":"https:\/\/api.w.org\/{rel}","templated":true}]}}