{"id":727623,"date":"2025-08-27T20:25:07","date_gmt":"2025-08-27T17:25:07","guid":{"rendered":"https:\/\/roveyayinevi.com.tr\/index.php\/urun\/luna-mutluluk-adasi-tas-boyama-ciltli\/"},"modified":"2026-04-16T02:35:22","modified_gmt":"2026-04-15T23:35:22","slug":"luna-mutluluk-adasi-tas-boyama-ciltli","status":"publish","type":"product","link":"https:\/\/roveyayinevi.com.tr\/index.php\/urun\/luna-mutluluk-adasi-tas-boyama-ciltli\/","title":{"rendered":"Luna Mutluluk Adas\u0131-Ta\u015f Boyama (Ciltli)"},"content":{"rendered":"<p>Luna, en yak\u0131n arkada\u015f\u0131 Bal\u0131k Lu ile birlikte Mutluluk Adas\u0131\u2019nda ya\u015f\u0131yor ve kimsenin mutsuz olmad\u0131\u011f\u0131 Mutluluk Adas\u0131\u2019na seni de davet ediyor. Luna\u2019n\u0131n maceralar\u0131n\u0131 okurken hem onunla e\u011flenecek hem de kitap i\u00e7erisindeki ta\u015f boyama \u015fablonlar\u0131n\u0131 deneme f\u0131rsat\u0131 elde edeceksin. Kitap i\u00e7erisindeki kahramanlar, do\u011fal ta\u015f \u00fczerine resimlenmi\u015f olup ta\u015f boyamak isteyenler i\u00e7in birer \u015fablon niteli\u011findedir. E\u011flenceli bir okuma deneyimi i\u00e7in Luna ve Mutluluk Adas\u0131 seni bekliyor! <\/p>\n","protected":false},"excerpt":{"rendered":"<p>Luna, en yak\u0131n arkada\u015f\u0131 Bal\u0131k Lu ile birlikte Mutluluk Adas\u0131\u2019nda ya\u015f\u0131yor ve kimsenin mutsuz olmad\u0131\u011f\u0131 Mutluluk Adas\u0131\u2019na seni de davet ediyor. Luna\u2019n\u0131n maceralar\u0131n\u0131 okurken hem onunla<span class=\"excerpt-hellip\"> [\u2026]<\/span><\/p>\n","protected":false},"featured_media":0,"template":"","meta":{"_monsterinsights_skip_tracking":false,"_monsterinsights_sitenote_active":false,"_monsterinsights_sitenote_note":"","_monsterinsights_sitenote_category":0},"product_brand":[],"product_cat":[12644,12274],"product_tag":[],"class_list":{"0":"post-727623","1":"product","2":"type-product","3":"status-publish","5":"product_cat-boyama-kitaplari","6":"product_cat-cocuk-ve-genclik-kitaplari","7":"pa_cilt-ciltli","8":"pa_tur-kitap","9":"pa_yayinevi-luna-yayinlari","10":"pa_yazar-ilknur-ergun-mustafa-simsek","12":"first","13":"instock","14":"sale","15":"shipping-taxable","16":"purchasable","17":"product-type-simple"},"_links":{"self":[{"href":"https:\/\/roveyayinevi.com.tr\/index.php\/wp-json\/wp\/v2\/product\/727623","targetHints":{"allow":["GET"]}}],"collection":[{"href":"https:\/\/roveyayinevi.com.tr\/index.php\/wp-json\/wp\/v2\/product"}],"about":[{"href":"https:\/\/roveyayinevi.com.tr\/index.php\/wp-json\/wp\/v2\/types\/product"}],"wp:attachment":[{"href":"https:\/\/roveyayinevi.com.tr\/index.php\/wp-json\/wp\/v2\/media?parent=727623"}],"wp:term":[{"taxonomy":"product_brand","embeddable":true,"href":"https:\/\/roveyayinevi.com.tr\/index.php\/wp-json\/wp\/v2\/product_brand?post=727623"},{"taxonomy":"product_cat","embeddable":true,"href":"https:\/\/roveyayinevi.com.tr\/index.php\/wp-json\/wp\/v2\/product_cat?post=727623"},{"taxonomy":"product_tag","embeddable":true,"href":"https:\/\/roveyayinevi.com.tr\/index.php\/wp-json\/wp\/v2\/product_tag?post=727623"}],"curies":[{"name":"wp","href":"https:\/\/api.w.org\/{rel}","templated":true}]}}