{"id":727621,"date":"2025-08-27T20:25:05","date_gmt":"2025-08-27T17:25:05","guid":{"rendered":"https:\/\/roveyayinevi.com.tr\/index.php\/urun\/sahaf-mendel\/"},"modified":"2026-04-16T02:35:22","modified_gmt":"2026-04-15T23:35:22","slug":"sahaf-mendel","status":"publish","type":"product","link":"https:\/\/roveyayinevi.com.tr\/index.php\/urun\/sahaf-mendel\/","title":{"rendered":"Sahaf Mendel"},"content":{"rendered":"<p>Sava\u015flar\u0131n tarumar etti\u011fi Avrupa\u2019dan ka\u00e7arak \u00f6l\u00fcme s\u0131\u011f\u0131nan Stefan Zweig, \u201cKitaplar, insanlar\u0131 \u00f6l\u00fcmden sonra da birle\u015ftiren ve bizi unutmaya, hayat\u0131n bu en b\u00fcy\u00fck d\u00fc\u015fman\u0131na kar\u015f\u0131 koruyan biricik ara\u00e7t\u0131r,\u201d diye yazm\u0131\u015f. Sahaf Mendel, bu b\u00fcy\u00fck ustan\u0131n savundu\u011fu insani ve k\u00fclt\u00fcrel de\u011ferleri kristalize eden k\u0131sa bir ba\u015fyap\u0131t.Sahafl\u0131k yaparak ge\u00e7imini sa\u011flayan, t\u00fcm hazinesi kitap sevgisi ve bilgisinden ibaret Mendel\u2019in ya\u015fam\u0131, Avusturya\u2019n\u0131n Birinci D\u00fcnya Sava\u015f\u0131\u2019na girmesiyle birlikte alt\u00fcst olur. Fakat yitip giden, Mendel\u2019in e\u015fsiz ansiklopedik belle\u011fi ile kitaplar\u0131 de\u011fildir sadece&#8230; Zweig insani dram\u0131n arka plan\u0131nda sava\u015f\u0131n k\u00fclt\u00fcre olan barbarca sald\u0131r\u0131s\u0131n\u0131 da g\u00f6zler \u00f6n\u00fcne seriyor.Kitab\u0131n ikinci \u00f6yk\u00fcs\u00fc \u201cKad\u0131n ve Do\u011fa\u201d, topra\u011f\u0131n ve insan\u0131n tabi oldu\u011fu g\u00fc\u00e7l\u00fc arzular\u0131 i\u015fleyen \u015fiirsel bir anlat\u0131. Hamdi Varo\u011flu\u2019nun zengin ve ak\u0131c\u0131 T\u00fcrk\u00e7esiyle Yordam Edebiyat\u2019ta&#8230;<\/p>\n","protected":false},"excerpt":{"rendered":"<p>Sava\u015flar\u0131n tarumar etti\u011fi Avrupa\u2019dan ka\u00e7arak \u00f6l\u00fcme s\u0131\u011f\u0131nan Stefan Zweig, \u201cKitaplar, insanlar\u0131 \u00f6l\u00fcmden sonra da birle\u015ftiren ve bizi unutmaya, hayat\u0131n bu en b\u00fcy\u00fck d\u00fc\u015fman\u0131na kar\u015f\u0131 koruyan biricik<span class=\"excerpt-hellip\"> [\u2026]<\/span><\/p>\n","protected":false},"featured_media":0,"template":"","meta":{"_monsterinsights_skip_tracking":false,"_monsterinsights_sitenote_active":false,"_monsterinsights_sitenote_note":"","_monsterinsights_sitenote_category":0},"product_brand":[],"product_cat":[13661,12291],"product_tag":[],"class_list":{"0":"post-727621","1":"product","2":"type-product","3":"status-publish","5":"product_cat-diger-ulke-edebiyatlari","6":"product_cat-edebiyat","7":"pa_cilt-ciltsiz","8":"pa_tur-kitap","9":"pa_yayinevi-yordam-kitap","10":"pa_yazar-stefan-zweig","12":"first","13":"instock","14":"sale","15":"shipping-taxable","16":"purchasable","17":"product-type-simple"},"_links":{"self":[{"href":"https:\/\/roveyayinevi.com.tr\/index.php\/wp-json\/wp\/v2\/product\/727621","targetHints":{"allow":["GET"]}}],"collection":[{"href":"https:\/\/roveyayinevi.com.tr\/index.php\/wp-json\/wp\/v2\/product"}],"about":[{"href":"https:\/\/roveyayinevi.com.tr\/index.php\/wp-json\/wp\/v2\/types\/product"}],"wp:attachment":[{"href":"https:\/\/roveyayinevi.com.tr\/index.php\/wp-json\/wp\/v2\/media?parent=727621"}],"wp:term":[{"taxonomy":"product_brand","embeddable":true,"href":"https:\/\/roveyayinevi.com.tr\/index.php\/wp-json\/wp\/v2\/product_brand?post=727621"},{"taxonomy":"product_cat","embeddable":true,"href":"https:\/\/roveyayinevi.com.tr\/index.php\/wp-json\/wp\/v2\/product_cat?post=727621"},{"taxonomy":"product_tag","embeddable":true,"href":"https:\/\/roveyayinevi.com.tr\/index.php\/wp-json\/wp\/v2\/product_tag?post=727621"}],"curies":[{"name":"wp","href":"https:\/\/api.w.org\/{rel}","templated":true}]}}