{"id":727620,"date":"2025-08-27T20:25:04","date_gmt":"2025-08-27T17:25:04","guid":{"rendered":"https:\/\/roveyayinevi.com.tr\/index.php\/urun\/bir-kadinin-yirmi-dort-saati-3\/"},"modified":"2026-04-16T02:35:22","modified_gmt":"2026-04-15T23:35:22","slug":"bir-kadinin-yirmi-dort-saati-3","status":"publish","type":"product","link":"https:\/\/roveyayinevi.com.tr\/index.php\/urun\/bir-kadinin-yirmi-dort-saati-3\/","title":{"rendered":"Bir Kad\u0131n\u0131n Yirmi D\u00f6rt Saati"},"content":{"rendered":"<p>Bir Kad\u0131n\u0131n Yirmi D\u00f6rt Saati, kumarhaneler kenti Monte Carlo\u2019da ge\u00e7en benzersiz bir a\u015fk, tutku ve pi\u015fmanl\u0131k anlat\u0131s\u0131. Avrupa\u2019n\u0131n 20. y\u00fczy\u0131lda yeti\u015ftirdi\u011fi en b\u00fcy\u00fck yazarlardan Stefan Zweig, e\u015fsiz \u00fcslubuyla yine insan ruhunun en karanl\u0131k k\u00f6\u015felerine uzan\u0131yor.Yaln\u0131z bir kad\u0131n, rulet masas\u0131nda her \u015feyini kaybeden gen\u00e7 bir adamla tan\u0131\u015f\u0131r ve ilk k\u0131v\u0131lc\u0131m\u0131n etkisiyle s\u0131k\u0131c\u0131 hayat\u0131n\u0131 t\u00fcmden de\u011fi\u015ftirebilecek ola\u011fan d\u0131\u015f\u0131 bir g\u00fcn ya\u015far. Merakla ve \u201cbir solukta\u201d okunan bu g\u00fczel kitap defalarca sinemaya uyarland\u0131. Kad\u0131nlar\u0131n \u00f6dedi\u011fi toplumsal bedellerin a\u011f\u0131rl\u0131\u011f\u0131n\u0131 da tart\u0131\u015f\u0131yor olmas\u0131 onu b\u00fcsb\u00fct\u00fcn ilgin\u00e7 k\u0131l\u0131yor. Bir Kad\u0131n\u0131n Yirmi D\u00f6rt Saati, Hamdi Varo\u011flu\u2019nun son derece ak\u0131c\u0131 \u00e7evirisiyle Yordam Edebiyat\u2019ta&#8230;<\/p>\n","protected":false},"excerpt":{"rendered":"<p>Bir Kad\u0131n\u0131n Yirmi D\u00f6rt Saati, kumarhaneler kenti Monte Carlo\u2019da ge\u00e7en benzersiz bir a\u015fk, tutku ve pi\u015fmanl\u0131k anlat\u0131s\u0131. Avrupa\u2019n\u0131n 20. y\u00fczy\u0131lda yeti\u015ftirdi\u011fi en b\u00fcy\u00fck yazarlardan Stefan Zweig,<span class=\"excerpt-hellip\"> [\u2026]<\/span><\/p>\n","protected":false},"featured_media":0,"template":"","meta":{"_monsterinsights_skip_tracking":false,"_monsterinsights_sitenote_active":false,"_monsterinsights_sitenote_note":"","_monsterinsights_sitenote_category":0},"product_brand":[],"product_cat":[13661,12291],"product_tag":[],"class_list":{"0":"post-727620","1":"product","2":"type-product","3":"status-publish","5":"product_cat-diger-ulke-edebiyatlari","6":"product_cat-edebiyat","7":"pa_cilt-ciltsiz","8":"pa_tur-kitap","9":"pa_yayinevi-yordam-kitap","10":"pa_yazar-stefan-zweig","12":"first","13":"instock","14":"sale","15":"shipping-taxable","16":"purchasable","17":"product-type-simple"},"_links":{"self":[{"href":"https:\/\/roveyayinevi.com.tr\/index.php\/wp-json\/wp\/v2\/product\/727620","targetHints":{"allow":["GET"]}}],"collection":[{"href":"https:\/\/roveyayinevi.com.tr\/index.php\/wp-json\/wp\/v2\/product"}],"about":[{"href":"https:\/\/roveyayinevi.com.tr\/index.php\/wp-json\/wp\/v2\/types\/product"}],"wp:attachment":[{"href":"https:\/\/roveyayinevi.com.tr\/index.php\/wp-json\/wp\/v2\/media?parent=727620"}],"wp:term":[{"taxonomy":"product_brand","embeddable":true,"href":"https:\/\/roveyayinevi.com.tr\/index.php\/wp-json\/wp\/v2\/product_brand?post=727620"},{"taxonomy":"product_cat","embeddable":true,"href":"https:\/\/roveyayinevi.com.tr\/index.php\/wp-json\/wp\/v2\/product_cat?post=727620"},{"taxonomy":"product_tag","embeddable":true,"href":"https:\/\/roveyayinevi.com.tr\/index.php\/wp-json\/wp\/v2\/product_tag?post=727620"}],"curies":[{"name":"wp","href":"https:\/\/api.w.org\/{rel}","templated":true}]}}