{"id":727619,"date":"2025-08-27T20:25:02","date_gmt":"2025-08-27T17:25:02","guid":{"rendered":"https:\/\/roveyayinevi.com.tr\/index.php\/urun\/duka-ile-karisi\/"},"modified":"2026-04-16T02:35:22","modified_gmt":"2026-04-15T23:35:22","slug":"duka-ile-karisi","status":"publish","type":"product","link":"https:\/\/roveyayinevi.com.tr\/index.php\/urun\/duka-ile-karisi\/","title":{"rendered":"Duka ile Kar\u0131s\u0131"},"content":{"rendered":"<p>E\u015fsiz hayal g\u00fcc\u00fc ve \u015fiirsel \u00fcslubuyla E.T.A. Hoffmann, Alman romantik edebiyat\u0131 denince akla ilk gelen isimlerden. Duka ile Kar\u0131s\u0131\u2019nda kanallar \u015fehrine, eski Venedik\u2019in b\u00fcy\u00fcleyici atmosferine g\u00f6t\u00fcr\u00fcyor bizi&#8230; Anlat\u0131da bahsi ge\u00e7en Venedik Dukas\u0131, 1354\u2019te Ceneviz donanmas\u0131 taraf\u0131ndan sar\u0131lan \u015fehri d\u00fc\u015fman eline ge\u00e7mekten kurtarm\u0131\u015f tarih\u00ee bir \u015fahsiyet. Hoffmann, Duka ile kar\u0131s\u0131n\u0131 resmeden ger\u00e7ek bir tablodan yola \u00e7\u0131karak son derece merakl\u0131 bir hik\u00e2ye kurguluyor. \u00d6yle ki bunu dinleyenler Duka\u2019n\u0131n kar\u0131s\u0131n\u0131n y\u00fcz\u00fcne dikkatle bak\u0131nca, onun zambak gibi beyaz aln\u0131nda bilinmeyen, yaln\u0131z sezilen bir ac\u0131n\u0131n g\u00f6lgelerini g\u00f6rebiliyorlar.Duka ile Kar\u0131s\u0131, kanl\u0131 iktidar sava\u015flar\u0131 s\u0131ras\u0131nda ya\u015fanan imk\u00e2ns\u0131z bir a\u015fk\u0131n hik\u00e2yesi. Hoffmann\u2019\u0131n dedi\u011fi gibi, \u201cBu b\u00f6yle gelmi\u015f b\u00f6yle gider, bir kere a\u015fk\u0131n saadetini tadan, art\u0131k g\u00fcnlerce, haftalarca, aylarca, alt\u0131n bir \u0131\u015f\u0131kla sar\u0131lm\u0131\u015f bir halde, cennet r\u00fcyalar\u0131 g\u00f6r\u00fcr.\u201dB\u00fcy\u00fck yazar\u0131m\u0131z Sabahattin Ali\u2019nin ustal\u0131kl\u0131 \u00e7evirisi ve sunu\u015f yaz\u0131s\u0131yla Yordam Edebiyat\u2019ta&#8230;<\/p>\n","protected":false},"excerpt":{"rendered":"<p>E\u015fsiz hayal g\u00fcc\u00fc ve \u015fiirsel \u00fcslubuyla E.T.A. Hoffmann, Alman romantik edebiyat\u0131 denince akla ilk gelen isimlerden. Duka ile Kar\u0131s\u0131\u2019nda kanallar \u015fehrine, eski Venedik\u2019in b\u00fcy\u00fcleyici atmosferine g\u00f6t\u00fcr\u00fcyor<span class=\"excerpt-hellip\"> [\u2026]<\/span><\/p>\n","protected":false},"featured_media":0,"template":"","meta":{"_monsterinsights_skip_tracking":false,"_monsterinsights_sitenote_active":false,"_monsterinsights_sitenote_note":"","_monsterinsights_sitenote_category":0},"product_brand":[],"product_cat":[13661,12291],"product_tag":[],"class_list":{"0":"post-727619","1":"product","2":"type-product","3":"status-publish","5":"product_cat-diger-ulke-edebiyatlari","6":"product_cat-edebiyat","7":"pa_cilt-ciltsiz","8":"pa_tur-kitap","9":"pa_yayinevi-yordam-kitap","10":"pa_yazar-e-t-a-hoffmann","12":"first","13":"instock","14":"sale","15":"shipping-taxable","16":"purchasable","17":"product-type-simple"},"_links":{"self":[{"href":"https:\/\/roveyayinevi.com.tr\/index.php\/wp-json\/wp\/v2\/product\/727619","targetHints":{"allow":["GET"]}}],"collection":[{"href":"https:\/\/roveyayinevi.com.tr\/index.php\/wp-json\/wp\/v2\/product"}],"about":[{"href":"https:\/\/roveyayinevi.com.tr\/index.php\/wp-json\/wp\/v2\/types\/product"}],"wp:attachment":[{"href":"https:\/\/roveyayinevi.com.tr\/index.php\/wp-json\/wp\/v2\/media?parent=727619"}],"wp:term":[{"taxonomy":"product_brand","embeddable":true,"href":"https:\/\/roveyayinevi.com.tr\/index.php\/wp-json\/wp\/v2\/product_brand?post=727619"},{"taxonomy":"product_cat","embeddable":true,"href":"https:\/\/roveyayinevi.com.tr\/index.php\/wp-json\/wp\/v2\/product_cat?post=727619"},{"taxonomy":"product_tag","embeddable":true,"href":"https:\/\/roveyayinevi.com.tr\/index.php\/wp-json\/wp\/v2\/product_tag?post=727619"}],"curies":[{"name":"wp","href":"https:\/\/api.w.org\/{rel}","templated":true}]}}