{"id":727616,"date":"2025-08-27T20:24:59","date_gmt":"2025-08-27T17:24:59","guid":{"rendered":"https:\/\/roveyayinevi.com.tr\/index.php\/urun\/erik-agaci-siyah-kopek-ve-bulut\/"},"modified":"2026-04-16T02:35:22","modified_gmt":"2026-04-15T23:35:22","slug":"erik-agaci-siyah-kopek-ve-bulut","status":"publish","type":"product","link":"https:\/\/roveyayinevi.com.tr\/index.php\/urun\/erik-agaci-siyah-kopek-ve-bulut\/","title":{"rendered":"Erik A\u011fac\u0131, Siyah K\u00f6pek ve Bulut"},"content":{"rendered":"<p>Bu bir masal kitab\u0131.   Evet masal; hani \u015fu bir dilek dilenen, a\u011fa\u00e7lar\u0131n ve hayvanlar\u0131n konu\u015ftu\u011fu, bulutlara seyahat edilen masallardan\u2026 Yaln\u0131z \u015fimdiden s\u00f6yleyelim, bildi\u011finiz masallara pek de benzemiyor; prensesler, beyaz atl\u0131 prensler, k\u00f6t\u00fc cad\u0131lar yok bu masalda. Peki ne mi var? Birka\u00e7 kez a\u011faca, ard\u0131ndan bir sokak k\u00f6pe\u011fine, sonra bir kediye ve sonunda da bir buluta d\u00f6n\u00fc\u015fen bir k\u0131z\u0131n hik\u00e2yesi.   Bu bir macera kitab\u0131.   Evet macera. Ya\u015fad\u0131\u011f\u0131m\u0131z d\u00fcnyan\u0131n g\u00fczelliklerini daha yak\u0131ndan g\u00f6rebilece\u011fimiz; i\u00e7inde kar\u0131, ya\u011fmuru, bahar\u0131n \u00e7i\u00e7eklerini, \u00e7ocuk c\u0131v\u0131lt\u0131lar\u0131n\u0131 bar\u0131nd\u0131ran bir macera. Mizah\u00ee dili ve e\u011flenceli ill\u00fcstrasyonlar\u0131yla Erik A\u011fac\u0131, Siyah K\u00f6pek ve Bulut, sizden u\u00e7suz bucaks\u0131z evrendeki yerinizi bulaca\u011f\u0131n\u0131z bir mola vermenizi istiyor<\/p>\n","protected":false},"excerpt":{"rendered":"<p>Bu bir masal kitab\u0131. Evet masal; hani \u015fu bir dilek dilenen, a\u011fa\u00e7lar\u0131n ve hayvanlar\u0131n konu\u015ftu\u011fu, bulutlara seyahat edilen masallardan\u2026 Yaln\u0131z \u015fimdiden s\u00f6yleyelim, bildi\u011finiz masallara pek de<span class=\"excerpt-hellip\"> [\u2026]<\/span><\/p>\n","protected":false},"featured_media":0,"template":"","meta":{"_monsterinsights_skip_tracking":false,"_monsterinsights_sitenote_active":false,"_monsterinsights_sitenote_note":"","_monsterinsights_sitenote_category":0},"product_brand":[],"product_cat":[12274,12523],"product_tag":[],"class_list":{"0":"post-727616","1":"product","2":"type-product","3":"status-publish","5":"product_cat-cocuk-ve-genclik-kitaplari","6":"product_cat-masallar","7":"pa_cilt-ciltsiz","8":"pa_tur-kitap","9":"pa_yayinevi-yeni-insan-yayinlari","10":"pa_yazar-ciler-celikler","12":"first","13":"instock","14":"sale","15":"shipping-taxable","16":"purchasable","17":"product-type-simple"},"_links":{"self":[{"href":"https:\/\/roveyayinevi.com.tr\/index.php\/wp-json\/wp\/v2\/product\/727616","targetHints":{"allow":["GET"]}}],"collection":[{"href":"https:\/\/roveyayinevi.com.tr\/index.php\/wp-json\/wp\/v2\/product"}],"about":[{"href":"https:\/\/roveyayinevi.com.tr\/index.php\/wp-json\/wp\/v2\/types\/product"}],"wp:attachment":[{"href":"https:\/\/roveyayinevi.com.tr\/index.php\/wp-json\/wp\/v2\/media?parent=727616"}],"wp:term":[{"taxonomy":"product_brand","embeddable":true,"href":"https:\/\/roveyayinevi.com.tr\/index.php\/wp-json\/wp\/v2\/product_brand?post=727616"},{"taxonomy":"product_cat","embeddable":true,"href":"https:\/\/roveyayinevi.com.tr\/index.php\/wp-json\/wp\/v2\/product_cat?post=727616"},{"taxonomy":"product_tag","embeddable":true,"href":"https:\/\/roveyayinevi.com.tr\/index.php\/wp-json\/wp\/v2\/product_tag?post=727616"}],"curies":[{"name":"wp","href":"https:\/\/api.w.org\/{rel}","templated":true}]}}