{"id":727615,"date":"2025-08-27T20:24:58","date_gmt":"2025-08-27T17:24:58","guid":{"rendered":"https:\/\/roveyayinevi.com.tr\/index.php\/urun\/son-yaprak-3\/"},"modified":"2026-04-16T02:35:22","modified_gmt":"2026-04-15T23:35:22","slug":"son-yaprak-3","status":"publish","type":"product","link":"https:\/\/roveyayinevi.com.tr\/index.php\/urun\/son-yaprak-3\/","title":{"rendered":"Son Yaprak"},"content":{"rendered":"<p>Son Yaprak, k\u0131sa \u00f6yk\u00fc t\u00fcr\u00fcn\u00fcn b\u00fcy\u00fck ustalar\u0131ndan O. Henry\u2019nin birbirinden g\u00fczel \u00f6yk\u00fclerinden olu\u015fan bir se\u00e7ki. \u00d6yk\u00fclerinde duygusall\u0131\u011f\u0131 mizah ile harmanlayan yazar, ya\u015fad\u0131\u011f\u0131 d\u00f6nemdeki Amerikan toplumunun \u00e7arp\u0131kl\u0131klar\u0131n\u0131 o e\u015fsiz \u00fcslubuyla ince ince i\u011fnelemekten de geri kalm\u0131yor. Kitaba ad\u0131n\u0131 veren \u201cSon Yaprak\u201d ile onu takip eden \u201cNoel Hediyesi\u201d, h\u00fcz\u00fcnl\u00fc ve beklenmedik sonlar\u0131yla d\u00fcnya \u00f6yk\u00fc antolojilerine defalarca girmi\u015f birer \u015faheser. Teksas\u2019ta ge\u00e7en di\u011fer \u00f6yk\u00fclerin \u00f6zelli\u011fi ise farkl\u0131 bir ya\u015fam k\u00fclt\u00fcr\u00fcne sahip, s\u0131ra d\u0131\u015f\u0131 karakterlerin ba\u015flar\u0131ndan ge\u00e7en ilgin\u00e7 maceralar\u0131 dile getiriyor olmalar\u0131&#8230; Western edebiyat\u0131n bu en ba\u015far\u0131l\u0131 \u00f6rnekleri ger\u00e7ek bir okuma heyecan\u0131 vadediyor. Mete Ergin\u2019in ak\u0131c\u0131 ve lezzetli \u00e7evirisiyle Yordam Edebiyat\u2019ta&#8230;<\/p>\n","protected":false},"excerpt":{"rendered":"<p>Son Yaprak, k\u0131sa \u00f6yk\u00fc t\u00fcr\u00fcn\u00fcn b\u00fcy\u00fck ustalar\u0131ndan O. Henry\u2019nin birbirinden g\u00fczel \u00f6yk\u00fclerinden olu\u015fan bir se\u00e7ki. \u00d6yk\u00fclerinde duygusall\u0131\u011f\u0131 mizah ile harmanlayan yazar, ya\u015fad\u0131\u011f\u0131 d\u00f6nemdeki Amerikan toplumunun \u00e7arp\u0131kl\u0131klar\u0131n\u0131<span class=\"excerpt-hellip\"> [\u2026]<\/span><\/p>\n","protected":false},"featured_media":0,"template":"","meta":{"_monsterinsights_skip_tracking":false,"_monsterinsights_sitenote_active":false,"_monsterinsights_sitenote_note":"","_monsterinsights_sitenote_category":0},"product_brand":[],"product_cat":[13661,12291],"product_tag":[],"class_list":{"0":"post-727615","1":"product","2":"type-product","3":"status-publish","5":"product_cat-diger-ulke-edebiyatlari","6":"product_cat-edebiyat","7":"pa_cilt-ciltsiz","8":"pa_tur-kitap","9":"pa_yayinevi-yordam-kitap","10":"pa_yazar-o-henry","12":"first","13":"instock","14":"sale","15":"shipping-taxable","16":"purchasable","17":"product-type-simple"},"_links":{"self":[{"href":"https:\/\/roveyayinevi.com.tr\/index.php\/wp-json\/wp\/v2\/product\/727615","targetHints":{"allow":["GET"]}}],"collection":[{"href":"https:\/\/roveyayinevi.com.tr\/index.php\/wp-json\/wp\/v2\/product"}],"about":[{"href":"https:\/\/roveyayinevi.com.tr\/index.php\/wp-json\/wp\/v2\/types\/product"}],"wp:attachment":[{"href":"https:\/\/roveyayinevi.com.tr\/index.php\/wp-json\/wp\/v2\/media?parent=727615"}],"wp:term":[{"taxonomy":"product_brand","embeddable":true,"href":"https:\/\/roveyayinevi.com.tr\/index.php\/wp-json\/wp\/v2\/product_brand?post=727615"},{"taxonomy":"product_cat","embeddable":true,"href":"https:\/\/roveyayinevi.com.tr\/index.php\/wp-json\/wp\/v2\/product_cat?post=727615"},{"taxonomy":"product_tag","embeddable":true,"href":"https:\/\/roveyayinevi.com.tr\/index.php\/wp-json\/wp\/v2\/product_tag?post=727615"}],"curies":[{"name":"wp","href":"https:\/\/api.w.org\/{rel}","templated":true}]}}