{"id":727613,"date":"2025-08-27T20:24:57","date_gmt":"2025-08-27T17:24:57","guid":{"rendered":"https:\/\/roveyayinevi.com.tr\/index.php\/urun\/baraganin-devedikenleri\/"},"modified":"2026-04-16T02:35:22","modified_gmt":"2026-04-15T23:35:22","slug":"baraganin-devedikenleri","status":"publish","type":"product","link":"https:\/\/roveyayinevi.com.tr\/index.php\/urun\/baraganin-devedikenleri\/","title":{"rendered":"Baragan\u2019\u0131n Devedikenleri"},"content":{"rendered":"<p>Baragan\u2019\u0131n Devedikenleri, \u201cBalkan edebiyat\u0131n\u0131n Gorki\u2019si\u201d olarak bilinen Panait \u0130strati\u2019nin kaleminden son derece s\u00fcr\u00fckleyici, ger\u00e7ek olaylara dayanan bir yap\u0131t. Daha iyi bir hayat bulmak i\u00e7in evlerini terk eden ser\u00fcvenci \u00e7ocuklar\u0131, bir lokma ekmek u\u011fruna verilen kavgalar\u0131 ve yoksul k\u00f6yl\u00fclerin adalet aray\u0131\u015f\u0131n\u0131 anlat\u0131yor. \u0130strati\u2019nin \u015fiirsel \u00fcslubu, e\u015fsiz g\u00fczellikteki do\u011fa ve insan betimlemeleri yine hayranl\u0131k uyand\u0131r\u0131c\u0131. Anlat\u0131lan hik\u00e2ye ne kadar etkiliyse onu bize aktaran on d\u00f6rt ya\u015f\u0131ndaki Matake\u2019nin y\u00fcre\u011fi de o denli saf. Devedikenlerinin pe\u015finden ko\u015farak d\u00fcnyay\u0131 ke\u015ffetme, sevgiyi bulma ve ya\u015fama arzusuyla dopdolu. \u0130strati bu kitab\u0131n\u0131, 1907 Mart\u2019\u0131nda Romen h\u00fck\u00fcmeti taraf\u0131ndan katledilen binlerce isyanc\u0131ya, \u201cd\u00fcnyan\u0131n hak aray\u0131c\u0131lar\u0131\u201dna adam\u0131\u015f. Edebiyat\u0131m\u0131z\u0131n b\u00fcy\u00fck ustalar\u0131ndan Sal\u00e2h Birsel\u2019in Frans\u0131zca asl\u0131ndan \u00e7evirisiyle Yordam Edebiyat\u2019tan! \u201c\u0130strati\u2019nin \u015fah\u0131slar\u0131 hareket halinde yarat\u0131lm\u0131\u015f! Hep ba\u015f d\u00f6nd\u00fcr\u00fcc\u00fc bir s\u00fcrat i\u00e7inde ya\u015f\u0131yorlar. Hele Baragan\u2019\u0131n Devedikenleri\u2019nde e\u015fya ve bitkilerin de bu s\u00fcrat ko\u015fusuna i\u015ftirak eden bir h\u00e2li var.\u201d  Sal\u00e2h Birsel <\/p>\n","protected":false},"excerpt":{"rendered":"<p>Baragan\u2019\u0131n Devedikenleri, \u201cBalkan edebiyat\u0131n\u0131n Gorki\u2019si\u201d olarak bilinen Panait \u0130strati\u2019nin kaleminden son derece s\u00fcr\u00fckleyici, ger\u00e7ek olaylara dayanan bir yap\u0131t. Daha iyi bir hayat bulmak i\u00e7in evlerini terk<span class=\"excerpt-hellip\"> [\u2026]<\/span><\/p>\n","protected":false},"featured_media":0,"template":"","meta":{"_monsterinsights_skip_tracking":false,"_monsterinsights_sitenote_active":false,"_monsterinsights_sitenote_note":"","_monsterinsights_sitenote_category":0},"product_brand":[],"product_cat":[13661,12291],"product_tag":[],"class_list":{"0":"post-727613","1":"product","2":"type-product","3":"status-publish","5":"product_cat-diger-ulke-edebiyatlari","6":"product_cat-edebiyat","7":"pa_cilt-ciltsiz","8":"pa_tur-kitap","9":"pa_yayinevi-yordam-kitap","10":"pa_yazar-panait-istrati","12":"first","13":"instock","14":"sale","15":"shipping-taxable","16":"purchasable","17":"product-type-simple"},"_links":{"self":[{"href":"https:\/\/roveyayinevi.com.tr\/index.php\/wp-json\/wp\/v2\/product\/727613","targetHints":{"allow":["GET"]}}],"collection":[{"href":"https:\/\/roveyayinevi.com.tr\/index.php\/wp-json\/wp\/v2\/product"}],"about":[{"href":"https:\/\/roveyayinevi.com.tr\/index.php\/wp-json\/wp\/v2\/types\/product"}],"wp:attachment":[{"href":"https:\/\/roveyayinevi.com.tr\/index.php\/wp-json\/wp\/v2\/media?parent=727613"}],"wp:term":[{"taxonomy":"product_brand","embeddable":true,"href":"https:\/\/roveyayinevi.com.tr\/index.php\/wp-json\/wp\/v2\/product_brand?post=727613"},{"taxonomy":"product_cat","embeddable":true,"href":"https:\/\/roveyayinevi.com.tr\/index.php\/wp-json\/wp\/v2\/product_cat?post=727613"},{"taxonomy":"product_tag","embeddable":true,"href":"https:\/\/roveyayinevi.com.tr\/index.php\/wp-json\/wp\/v2\/product_tag?post=727613"}],"curies":[{"name":"wp","href":"https:\/\/api.w.org\/{rel}","templated":true}]}}