{"id":727605,"date":"2025-08-27T20:24:50","date_gmt":"2025-08-27T17:24:50","guid":{"rendered":"https:\/\/roveyayinevi.com.tr\/index.php\/urun\/ruyalarla-iyilesme-nusretien-ruya-analizleri\/"},"modified":"2026-04-16T02:35:22","modified_gmt":"2026-04-15T23:35:22","slug":"ruyalarla-iyilesme-nusretien-ruya-analizleri","status":"publish","type":"product","link":"https:\/\/roveyayinevi.com.tr\/index.php\/urun\/ruyalarla-iyilesme-nusretien-ruya-analizleri\/","title":{"rendered":"R\u00fcyalarla \u0130yile\u015fme Nusretien R\u00fcya Analizleri"},"content":{"rendered":"<p>\u201cArt\u0131k r\u00fcyalar\u0131n\u0131z\u0131 bir ba\u015fka g\u00f6receksiniz\u201d \u201cR\u00fcyalarla \u0130yile\u015fme\u201d ad\u0131n\u0131 ta\u015f\u0131yan bu \u00e7al\u0131\u015fma, Nusret Kaya\u2019n\u0131n art\u0131k \u201cNusretien y\u00f6ntem\u201d olarak an\u0131lan \u00f6zg\u00fcn y\u00f6ntemi temelinde dan\u0131\u015fanlarla yap\u0131lan \u00e7al\u0131\u015fmalara dayanmaktad\u0131r. Neredeyse k\u0131rk y\u0131ld\u0131r kendisine ba\u015fvuran dan\u0131\u015fanlar\u0131n\u0131n sorunlar\u0131n\u0131 anlamaya \u00e7al\u0131\u015fan Nusret Kaya, r\u00fcyalardaki \u201csimge dilinin\u201d izlerini saptayarak iyile\u015fme s\u00fcrecine katk\u0131da bulunuyor. R\u00fcyalardaki simge ve semboller, mitoloji, efsaneler ve kutsal kitaplar\u0131n kavram ve i\u015faretiyle \u00e7\u00f6z\u00fcmlenerek anla\u015f\u0131l\u0131r k\u0131l\u0131n\u0131yor.   \u201cR\u00fcyalarla \u0130yile\u015fme\u201d adl\u0131 bu kitap \u00e7ok say\u0131da dan\u0131\u015fan\u0131n\u0131n grup \u00e7al\u0131\u015fmalar\u0131ndaki anlat\u0131, analiz ve tart\u0131\u015fmalar\u0131na ek olarak Nusret Kaya\u2019n\u0131n \u00e7\u00f6z\u00fcmleme ve y\u00f6nlendirmelerini i\u00e7ermektedir. Bu kitapla birlikte art\u0131k \u201cr\u00fcyalar\u0131n\u0131z\u0131 bir ba\u015fka\u201d g\u00f6rece\u011finizden eminiz.<\/p>\n","protected":false},"excerpt":{"rendered":"<p>\u201cArt\u0131k r\u00fcyalar\u0131n\u0131z\u0131 bir ba\u015fka g\u00f6receksiniz\u201d \u201cR\u00fcyalarla \u0130yile\u015fme\u201d ad\u0131n\u0131 ta\u015f\u0131yan bu \u00e7al\u0131\u015fma, Nusret Kaya\u2019n\u0131n art\u0131k \u201cNusretien y\u00f6ntem\u201d olarak an\u0131lan \u00f6zg\u00fcn y\u00f6ntemi temelinde dan\u0131\u015fanlarla yap\u0131lan \u00e7al\u0131\u015fmalara dayanmaktad\u0131r. Neredeyse<span class=\"excerpt-hellip\"> [\u2026]<\/span><\/p>\n","protected":false},"featured_media":0,"template":"","meta":{"_monsterinsights_skip_tracking":false,"_monsterinsights_sitenote_active":false,"_monsterinsights_sitenote_note":"","_monsterinsights_sitenote_category":0},"product_brand":[],"product_cat":[18082,15563],"product_tag":[],"class_list":{"0":"post-727605","1":"product","2":"type-product","3":"status-publish","5":"product_cat-astroloji-fal-ruya","6":"product_cat-hobi","7":"pa_cilt-ciltsiz","8":"pa_tur-kitap","9":"pa_yayinevi-abis-yayincilik","10":"pa_yazar-nusret-kaya","12":"first","13":"instock","14":"sale","15":"shipping-taxable","16":"purchasable","17":"product-type-simple"},"_links":{"self":[{"href":"https:\/\/roveyayinevi.com.tr\/index.php\/wp-json\/wp\/v2\/product\/727605","targetHints":{"allow":["GET"]}}],"collection":[{"href":"https:\/\/roveyayinevi.com.tr\/index.php\/wp-json\/wp\/v2\/product"}],"about":[{"href":"https:\/\/roveyayinevi.com.tr\/index.php\/wp-json\/wp\/v2\/types\/product"}],"wp:attachment":[{"href":"https:\/\/roveyayinevi.com.tr\/index.php\/wp-json\/wp\/v2\/media?parent=727605"}],"wp:term":[{"taxonomy":"product_brand","embeddable":true,"href":"https:\/\/roveyayinevi.com.tr\/index.php\/wp-json\/wp\/v2\/product_brand?post=727605"},{"taxonomy":"product_cat","embeddable":true,"href":"https:\/\/roveyayinevi.com.tr\/index.php\/wp-json\/wp\/v2\/product_cat?post=727605"},{"taxonomy":"product_tag","embeddable":true,"href":"https:\/\/roveyayinevi.com.tr\/index.php\/wp-json\/wp\/v2\/product_tag?post=727605"}],"curies":[{"name":"wp","href":"https:\/\/api.w.org\/{rel}","templated":true}]}}