{"id":727599,"date":"2025-08-27T20:24:45","date_gmt":"2025-08-27T17:24:45","guid":{"rendered":"https:\/\/roveyayinevi.com.tr\/index.php\/urun\/boynuzlar\/"},"modified":"2026-04-16T02:35:22","modified_gmt":"2026-04-15T23:35:22","slug":"boynuzlar","status":"publish","type":"product","link":"https:\/\/roveyayinevi.com.tr\/index.php\/urun\/boynuzlar\/","title":{"rendered":"Boynuzlar"},"content":{"rendered":"<p>\u201cBoynuzlar, muazzam bir roman. \u00dcrk\u00fct\u00fcc\u00fc, h\u0131zl\u0131 ve macera dolu.\u201d \u2013Neil Gaiman   Joe Hill istikrarl\u0131 ve her yap\u0131t\u0131 modern bir korku klasi\u011fi olan nadir yazarlardan biri. Fantastik ve paranormal \u00f6\u011feleri ustal\u0131kla bir araya getirdi\u011fi Boynuzlar ise, \u00e7a\u011fda\u015f korku edebiyat\u0131nda bir d\u00f6n\u00fcm noktas\u0131. Ignatius Perrish bir gece \u00f6nceyi i\u00e7erek ve korkun\u00e7 \u015feyler yaparak ge\u00e7irmi\u015fti. Yeni g\u00fcne ba\u015f a\u011fr\u0131s\u0131yla uyand\u0131. Bir de \u015fakaklar\u0131ndan uzamaya ba\u015flayan boynuzlarla. Sonradan fark etti ki s\u0131rad\u0131\u015f\u0131 olan tek \u015fey boynuzlar\u0131 de\u011fildi: \u0130nsanlar onun yan\u0131ndayken en karanl\u0131k s\u0131rlar\u0131n\u0131, en sapk\u0131n fantezilerini teredd\u00fct etmeden anlat\u0131yordu.   \u015eehirdeki hemen herkes, bir y\u0131l \u00f6nce \u00f6ld\u00fcr\u00fclen hayat\u0131n\u0131n a\u015fk\u0131 Merrin\u2019in cinayetinden Ig\u2019i sorumlu tutup varl\u0131kl\u0131 ailesinin onu yarg\u0131lanmaktan kurtard\u0131\u011f\u0131na inan\u0131yordu. Ig, deh\u015fet verici yeni g\u00f6r\u00fcnt\u00fcs\u00fc ve g\u00fcc\u00fcyle hayat\u0131n\u0131 alt\u00fcst eden katili bulmaya \u00e7al\u0131\u015facakt\u0131. Ama eskisi gibi d\u00fcr\u00fcst biri olarak de\u011fil\u2026 i\u00e7indeki \u015feytana kulak vererek.S\u00f6z konusu intikamsa, \u015feytan ayr\u0131nt\u0131da gizlidir. <\/p>\n","protected":false},"excerpt":{"rendered":"<p>\u201cBoynuzlar, muazzam bir roman. \u00dcrk\u00fct\u00fcc\u00fc, h\u0131zl\u0131 ve macera dolu.\u201d \u2013Neil Gaiman Joe Hill istikrarl\u0131 ve her yap\u0131t\u0131 modern bir korku klasi\u011fi olan nadir yazarlardan biri. Fantastik<span class=\"excerpt-hellip\"> [\u2026]<\/span><\/p>\n","protected":false},"featured_media":0,"template":"","meta":{"_monsterinsights_skip_tracking":false,"_monsterinsights_sitenote_active":false,"_monsterinsights_sitenote_note":"","_monsterinsights_sitenote_category":0},"product_brand":[],"product_cat":[12291,17033],"product_tag":[],"class_list":{"0":"post-727599","1":"product","2":"type-product","3":"status-publish","5":"product_cat-edebiyat","6":"product_cat-korku-gerilim","7":"pa_cilt-ciltsiz","8":"pa_tur-kitap","9":"pa_yayinevi-ithaki-yayinlari","10":"pa_yazar-joe-hill","12":"first","13":"instock","14":"sale","15":"shipping-taxable","16":"purchasable","17":"product-type-simple"},"_links":{"self":[{"href":"https:\/\/roveyayinevi.com.tr\/index.php\/wp-json\/wp\/v2\/product\/727599","targetHints":{"allow":["GET"]}}],"collection":[{"href":"https:\/\/roveyayinevi.com.tr\/index.php\/wp-json\/wp\/v2\/product"}],"about":[{"href":"https:\/\/roveyayinevi.com.tr\/index.php\/wp-json\/wp\/v2\/types\/product"}],"wp:attachment":[{"href":"https:\/\/roveyayinevi.com.tr\/index.php\/wp-json\/wp\/v2\/media?parent=727599"}],"wp:term":[{"taxonomy":"product_brand","embeddable":true,"href":"https:\/\/roveyayinevi.com.tr\/index.php\/wp-json\/wp\/v2\/product_brand?post=727599"},{"taxonomy":"product_cat","embeddable":true,"href":"https:\/\/roveyayinevi.com.tr\/index.php\/wp-json\/wp\/v2\/product_cat?post=727599"},{"taxonomy":"product_tag","embeddable":true,"href":"https:\/\/roveyayinevi.com.tr\/index.php\/wp-json\/wp\/v2\/product_tag?post=727599"}],"curies":[{"name":"wp","href":"https:\/\/api.w.org\/{rel}","templated":true}]}}