{"id":727598,"date":"2025-08-27T20:24:44","date_gmt":"2025-08-27T17:24:44","guid":{"rendered":"https:\/\/roveyayinevi.com.tr\/index.php\/urun\/cuma-karasi\/"},"modified":"2026-04-03T02:42:54","modified_gmt":"2026-04-02T23:42:54","slug":"cuma-karasi","status":"publish","type":"product","link":"https:\/\/roveyayinevi.com.tr\/index.php\/urun\/cuma-karasi\/","title":{"rendered":"Cuma Karas\u0131"},"content":{"rendered":"<p>Nana Kwame Adjei-Brenyah, Roxane Gay\u2019in \u201ckaranl\u0131k, b\u00fcy\u00fcleyici ve m\u00fchim\u201d diye tan\u0131mlad\u0131\u011f\u0131 ilk kitab\u0131yla Pen\/Jean Stein Kitap \u00d6d\u00fcl\u00fc\u2019n\u00fc kazand\u0131. Colson Whitehead taraf\u0131ndan, Ulusal Kitap Vakf\u0131\u2019n\u0131n haz\u0131rlad\u0131\u011f\u0131 35 ya\u015f alt\u0131 5 yazar listesine se\u00e7ildi. Cuma Karas\u0131\u2019nda \u201cbizimkinden biraz daha k\u00f6t\u00fc bir d\u00fcnya\u201d yazd\u0131\u011f\u0131n\u0131, \u201cbelki bu sayede hep beraber daha iyi bir d\u00fcnya hayal edebilece\u011fimizi\u201d s\u00f6yleyen Nana Kwame Adjei-Brenyah bir \u00fclkeyi mahkeme k\u00fcrs\u00fcs\u00fcne \u00e7\u0131kar\u0131yor ama zalim de\u011fil.   Katil beyazlar\u0131 koruyan ve katledilen siyahlar\u0131 vah\u015fete terk eden bir adalet sistemi. Irk\u00e7\u0131l\u0131\u011f\u0131n spora d\u00f6n\u00fc\u015ft\u00fc\u011f\u00fc e\u011flence alanlar\u0131. Kara Cuma s\u0131ras\u0131nda insanl\u0131ktan \u00e7\u0131kan kalabal\u0131klar. Yalan\u0131n bir kenara at\u0131ld\u0131\u011f\u0131, kendine g\u00fcvenin ila\u00e7larla sa\u011fland\u0131\u011f\u0131 merhametsiz bir gelecek. Okullarda silahl\u0131 sald\u0131r\u0131lar. Tekrar tekrar tekrar eden g\u00fcnler.   Adjei-Brenyah\u2019tan Cuma Karas\u0131\u2019ndaki \u00f6yk\u00fcler, delirtici g\u00fcndemin bir acayip yans\u0131mas\u0131, \u00e7o\u011funlu\u011fun az\u0131nl\u0131\u011f\u0131 yok etmek istedi\u011fi d\u00fcnyaya kar\u015f\u0131 \u00f6fkeli bir kahkaha.   \u201cHeyecan verici, \u015fa\u015f\u0131rt\u0131c\u0131: tuhaf, \u00e7\u0131lg\u0131n, g\u00fcncel ve komik. Yine de kapitalizmin sapk\u0131nl\u0131klar\u0131 ve kalpsiz sistemlerin i\u00e7inde kendini g\u00f6stermekte zorlanan sevgi gibi inat\u00e7\u0131 insani sorunlarla y\u00fczle\u015fmesinde gelene\u011fe ba\u011fl\u0131.\u201d \u2013George Saunders   \u201cYarat\u0131c\u0131 ve sars\u0131c\u0131\u2026 Zekice. \u00c7ok y\u00f6nl\u00fc bir yazar olan Adjei-Brenyah her \u00f6yk\u00fcs\u00fcyle mikro evrenler yarat\u0131yor ve beklentilerimizi ala\u015fa\u011f\u0131 edip dertli hayatlar\u0131n i\u00e7ine \u00e7ekiyor bizi.\u201d \u2013Bernardine Evaristo <\/p>\n","protected":false},"excerpt":{"rendered":"<p>Nana Kwame Adjei-Brenyah, Roxane Gay\u2019in \u201ckaranl\u0131k, b\u00fcy\u00fcleyici ve m\u00fchim\u201d diye tan\u0131mlad\u0131\u011f\u0131 ilk kitab\u0131yla Pen\/Jean Stein Kitap \u00d6d\u00fcl\u00fc\u2019n\u00fc kazand\u0131. Colson Whitehead taraf\u0131ndan, Ulusal Kitap Vakf\u0131\u2019n\u0131n haz\u0131rlad\u0131\u011f\u0131 35<span class=\"excerpt-hellip\"> [\u2026]<\/span><\/p>\n","protected":false},"featured_media":0,"template":"","meta":{"_monsterinsights_skip_tracking":false,"_monsterinsights_sitenote_active":false,"_monsterinsights_sitenote_note":"","_monsterinsights_sitenote_category":0},"product_brand":[],"product_cat":[12291,12711],"product_tag":[],"class_list":{"0":"post-727598","1":"product","2":"type-product","3":"status-publish","5":"product_cat-edebiyat","6":"product_cat-roman-oyku","7":"pa_cilt-ciltsiz","8":"pa_tur-kitap","9":"pa_yayinevi-ithaki-yayinlari","10":"pa_yazar-nana-kwame-adjei-brenyah","12":"first","13":"instock","14":"sale","15":"shipping-taxable","16":"purchasable","17":"product-type-simple"},"_links":{"self":[{"href":"https:\/\/roveyayinevi.com.tr\/index.php\/wp-json\/wp\/v2\/product\/727598","targetHints":{"allow":["GET"]}}],"collection":[{"href":"https:\/\/roveyayinevi.com.tr\/index.php\/wp-json\/wp\/v2\/product"}],"about":[{"href":"https:\/\/roveyayinevi.com.tr\/index.php\/wp-json\/wp\/v2\/types\/product"}],"wp:attachment":[{"href":"https:\/\/roveyayinevi.com.tr\/index.php\/wp-json\/wp\/v2\/media?parent=727598"}],"wp:term":[{"taxonomy":"product_brand","embeddable":true,"href":"https:\/\/roveyayinevi.com.tr\/index.php\/wp-json\/wp\/v2\/product_brand?post=727598"},{"taxonomy":"product_cat","embeddable":true,"href":"https:\/\/roveyayinevi.com.tr\/index.php\/wp-json\/wp\/v2\/product_cat?post=727598"},{"taxonomy":"product_tag","embeddable":true,"href":"https:\/\/roveyayinevi.com.tr\/index.php\/wp-json\/wp\/v2\/product_tag?post=727598"}],"curies":[{"name":"wp","href":"https:\/\/api.w.org\/{rel}","templated":true}]}}