{"id":727596,"date":"2025-08-27T20:24:42","date_gmt":"2025-08-27T17:24:42","guid":{"rendered":"https:\/\/roveyayinevi.com.tr\/index.php\/urun\/ev\/"},"modified":"2025-10-27T00:11:09","modified_gmt":"2025-10-26T21:11:09","slug":"ev","status":"publish","type":"product","link":"https:\/\/roveyayinevi.com.tr\/index.php\/urun\/ev\/","title":{"rendered":"Ev"},"content":{"rendered":"<p>\u2026 hayata tutunmak i\u00e7in inanmaya mecbur kald\u0131\u011f\u0131m\u0131z b\u00fct\u00fcn yalanlar g\u00fcn\u00fc gelince a\u00e7\u0131\u011fa \u00e7\u0131k\u0131yor. Ve sonra biz \u00f6lm\u00fcyoruz. Daha k\u00f6t\u00fc bir \u015fey oluyor. \u00d6\u011frendiklerimizle ya\u015famaya devam ediyoruz. Nermin Y\u0131ld\u0131r\u0131m bizleri uzun bir y\u00fcr\u00fcy\u00fc\u015fe \u00e7\u0131kararak, kendini evinde hissedemeyenlerin, evinden zorla kopar\u0131lanlar\u0131n, ka\u00e7mak zorunda kalanlar\u0131n, hi\u00e7bir yere s\u0131\u011f\u0131namayanlar\u0131n d\u00fcnyas\u0131na ortak ediyor. S\u00fcrprizlerle dolu bu yolu ad\u0131mlarken, bir yandan bir kere koptuktan sonra art\u0131k anakaraya ba\u011flanamayan adac\u0131klar\u0131n u\u011fultulu sesine kulak veriyor, bir yandan da kendimizi seyretti\u011fimiz aynalar\u0131n \u00f6b\u00fcr taraf\u0131ndakilerle y\u00fczle\u015fiyoruz. Romanlar\u0131nda okuru aile, toplum ve bellek ekseninde yolculuklara \u00e7\u0131karan Y\u0131ld\u0131r\u0131m, duyarl\u0131 sesi, n\u00fcktedan ve k\u0131vrak diliyle haf\u0131zan\u0131n iplerini k\u00e2h sal\u0131p k\u00e2h sararak s\u0131ms\u0131k\u0131 bir yumak olu\u015ftururken, \u201ck\u00fc\u00e7\u00fck ve muhte\u015fem hayatlar\u0131m\u0131z\u201da bamba\u015fka g\u00f6zlerle bakmam\u0131z\u0131 sa\u011fl\u0131yor.<\/p>\n","protected":false},"excerpt":{"rendered":"<p>\u2026 hayata tutunmak i\u00e7in inanmaya mecbur kald\u0131\u011f\u0131m\u0131z b\u00fct\u00fcn yalanlar g\u00fcn\u00fc gelince a\u00e7\u0131\u011fa \u00e7\u0131k\u0131yor. Ve sonra biz \u00f6lm\u00fcyoruz. Daha k\u00f6t\u00fc bir \u015fey oluyor. \u00d6\u011frendiklerimizle ya\u015famaya devam ediyoruz.<span class=\"excerpt-hellip\"> [\u2026]<\/span><\/p>\n","protected":false},"featured_media":0,"template":"","meta":{"_monsterinsights_skip_tracking":false,"_monsterinsights_sitenote_active":false,"_monsterinsights_sitenote_note":"","_monsterinsights_sitenote_category":0},"product_brand":[],"product_cat":[12291,12711],"product_tag":[],"class_list":{"0":"post-727596","1":"product","2":"type-product","3":"status-publish","5":"product_cat-edebiyat","6":"product_cat-roman-oyku","7":"pa_cilt-ciltsiz","8":"pa_tur-kitap","9":"pa_yayinevi-hep-kitap","10":"pa_yazar-nermin-yildirim","12":"first","13":"instock","14":"sale","15":"shipping-taxable","16":"purchasable","17":"product-type-simple"},"_links":{"self":[{"href":"https:\/\/roveyayinevi.com.tr\/index.php\/wp-json\/wp\/v2\/product\/727596","targetHints":{"allow":["GET"]}}],"collection":[{"href":"https:\/\/roveyayinevi.com.tr\/index.php\/wp-json\/wp\/v2\/product"}],"about":[{"href":"https:\/\/roveyayinevi.com.tr\/index.php\/wp-json\/wp\/v2\/types\/product"}],"wp:attachment":[{"href":"https:\/\/roveyayinevi.com.tr\/index.php\/wp-json\/wp\/v2\/media?parent=727596"}],"wp:term":[{"taxonomy":"product_brand","embeddable":true,"href":"https:\/\/roveyayinevi.com.tr\/index.php\/wp-json\/wp\/v2\/product_brand?post=727596"},{"taxonomy":"product_cat","embeddable":true,"href":"https:\/\/roveyayinevi.com.tr\/index.php\/wp-json\/wp\/v2\/product_cat?post=727596"},{"taxonomy":"product_tag","embeddable":true,"href":"https:\/\/roveyayinevi.com.tr\/index.php\/wp-json\/wp\/v2\/product_tag?post=727596"}],"curies":[{"name":"wp","href":"https:\/\/api.w.org\/{rel}","templated":true}]}}