{"id":727595,"date":"2025-08-27T20:24:41","date_gmt":"2025-08-27T17:24:41","guid":{"rendered":"https:\/\/roveyayinevi.com.tr\/index.php\/urun\/istanbul-yuksek-ogretmen-okulu-1924-1978\/"},"modified":"2026-04-16T02:35:22","modified_gmt":"2026-04-15T23:35:22","slug":"istanbul-yuksek-ogretmen-okulu-1924-1978","status":"publish","type":"product","link":"https:\/\/roveyayinevi.com.tr\/index.php\/urun\/istanbul-yuksek-ogretmen-okulu-1924-1978\/","title":{"rendered":"\u0130stanbul Y\u00fcksek \u00d6\u011fretmen Okulu (1924-1978)"},"content":{"rendered":"<p>G\u00fcn\u00fcm\u00fczde, \u00f6\u011fretmen e\u011fitiminin geli\u015ftirilmesi a\u00e7\u0131s\u0131ndan \u00e7e\u015fitli \u00e7al\u0131\u015fmalar ve tart\u0131\u015fmalar ger\u00e7ekle\u015ftirilmektedir.  Yap\u0131lan \u00e7al\u0131\u015fma ve tart\u0131\u015fmalar\u0131n ge\u00e7mi\u015fi oldu\u011fu, \u00f6\u011fretmen yeti\u015ftirme sisteminin tarihsel temelleri olan bir s\u00fcrecin \u00fcr\u00fcn\u00fc oldu\u011fu g\u00f6z \u00f6n\u00fcnde bulundurulmal\u0131d\u0131r. Ge\u00e7mi\u015fte \u00f6\u011fretmen yeti\u015ftirmenin nas\u0131l oldu\u011funu ortaya koymak bu a\u00e7\u0131dan \u00f6nemlidir. Mevcut \u00e7al\u0131\u015fma Osmanl\u0131 Devleti ve T\u00fcrkiye Cumhuriyeti e\u011fitim tarihinde varl\u0131\u011f\u0131 dikkate de\u011fer olan \u0130stanbul Y\u00fcksek \u00d6\u011fretmen Okulunun 1924-1978 y\u0131llar\u0131 aras\u0131ndaki \u00f6yk\u00fcs\u00fc detayl\u0131 incelemi\u015ftir. \u00c7al\u0131\u015fmada \u0130stanbul Y\u00fcksek \u00d6\u011fretmen Okulu \u00f6\u011fretmen yeti\u015ftirme a\u00e7\u0131s\u0131ndan de\u011ferlendirilmi\u015f; Okulun idari yap\u0131s\u0131, \u00f6\u011fretmenleri, \u00f6\u011frencileri, ba\u015far\u0131lar\u0131, k\u0131s\u0131tlamalar\u0131, sorunlar\u0131, sosyal ve k\u00fclt\u00fcrel durumu ele al\u0131nm\u0131\u015ft\u0131r. K\u0131sacas\u0131 T\u00fcrkiye e\u011fitim tarihindeki yer alan bir \u00f6\u011fretim kurumunun hayat hik\u00e2yesi ortaya konulmaya \u00e7al\u0131\u015f\u0131lm\u0131\u015ft\u0131r.<\/p>\n","protected":false},"excerpt":{"rendered":"<p>G\u00fcn\u00fcm\u00fczde, \u00f6\u011fretmen e\u011fitiminin geli\u015ftirilmesi a\u00e7\u0131s\u0131ndan \u00e7e\u015fitli \u00e7al\u0131\u015fmalar ve tart\u0131\u015fmalar ger\u00e7ekle\u015ftirilmektedir. Yap\u0131lan \u00e7al\u0131\u015fma ve tart\u0131\u015fmalar\u0131n ge\u00e7mi\u015fi oldu\u011fu, \u00f6\u011fretmen yeti\u015ftirme sisteminin tarihsel temelleri olan bir s\u00fcrecin \u00fcr\u00fcn\u00fc oldu\u011fu<span class=\"excerpt-hellip\"> [\u2026]<\/span><\/p>\n","protected":false},"featured_media":0,"template":"","meta":{"_monsterinsights_skip_tracking":false,"_monsterinsights_sitenote_active":false,"_monsterinsights_sitenote_note":"","_monsterinsights_sitenote_category":0},"product_brand":[],"product_cat":[12370,12304],"product_tag":[],"class_list":{"0":"post-727595","1":"product","2":"type-product","3":"status-publish","5":"product_cat-arastirma-inceleme","6":"product_cat-tarih","7":"pa_cilt-ciltsiz","8":"pa_tur-kitap","9":"pa_yayinevi-astana-yayinlari","10":"pa_yazar-sabri-becerikli","12":"first","13":"instock","14":"sale","15":"shipping-taxable","16":"purchasable","17":"product-type-simple"},"_links":{"self":[{"href":"https:\/\/roveyayinevi.com.tr\/index.php\/wp-json\/wp\/v2\/product\/727595","targetHints":{"allow":["GET"]}}],"collection":[{"href":"https:\/\/roveyayinevi.com.tr\/index.php\/wp-json\/wp\/v2\/product"}],"about":[{"href":"https:\/\/roveyayinevi.com.tr\/index.php\/wp-json\/wp\/v2\/types\/product"}],"wp:attachment":[{"href":"https:\/\/roveyayinevi.com.tr\/index.php\/wp-json\/wp\/v2\/media?parent=727595"}],"wp:term":[{"taxonomy":"product_brand","embeddable":true,"href":"https:\/\/roveyayinevi.com.tr\/index.php\/wp-json\/wp\/v2\/product_brand?post=727595"},{"taxonomy":"product_cat","embeddable":true,"href":"https:\/\/roveyayinevi.com.tr\/index.php\/wp-json\/wp\/v2\/product_cat?post=727595"},{"taxonomy":"product_tag","embeddable":true,"href":"https:\/\/roveyayinevi.com.tr\/index.php\/wp-json\/wp\/v2\/product_tag?post=727595"}],"curies":[{"name":"wp","href":"https:\/\/api.w.org\/{rel}","templated":true}]}}