{"id":727594,"date":"2025-08-27T20:24:40","date_gmt":"2025-08-27T17:24:40","guid":{"rendered":"https:\/\/roveyayinevi.com.tr\/index.php\/urun\/yelkenli-ve-motorlu-yatcilik\/"},"modified":"2026-01-22T03:01:01","modified_gmt":"2026-01-22T00:01:01","slug":"yelkenli-ve-motorlu-yatcilik","status":"publish","type":"product","link":"https:\/\/roveyayinevi.com.tr\/index.php\/urun\/yelkenli-ve-motorlu-yatcilik\/","title":{"rendered":"Yelkenli Ve Motorlu Yat\u00e7\u0131l\u0131k"},"content":{"rendered":"<p>ADF Yay\u0131nlar\u0131 e\u011fitim\/\u00f6\u011fretim serisinin son kitab\u0131 olan Yelkenli ve Motorlu Yat\u00e7\u0131l\u0131k, yine ADF Yay\u0131nlar\u0131\u2019ndan \u00e7\u0131kan ve t\u00fckenene kadar bask\u0131lar\u0131 (2011 ve 2013) b\u00fcy\u00fck ilgi g\u00f6ren \u201cYelkenli Yat\u00e7\u0131l\u0131\u011faBa\u015flarken \u2013yetkin denizcilik yolunda ilk ad\u0131mlar\u201d kitab\u0131n\u0131n motorlu tekneleri de i\u00e7ine alacak \u015fekilde g\u00fcncellenmi\u015f ve geni\u015fletilmi\u015f yeni versiyonudur. Kitap 58 \u00fclkede, onay verdi\u011fi 2500 e\u011fitim merkeziyle uluslararas\u0131 bir e\u011fitim kurulu\u015fu haline gelmi\u015f RYA\u2019n\u0131n (Royal Yachting Association) yelkenli ve motorlu yat\u00e7\u0131l\u0131\u011fa ba\u015flang\u0131\u00e7\/giri\u015f kurslar\u0131nda kulland\u0131\u011f\u0131 resmi e\u011fitim kitab\u0131d\u0131r. Yelkenli ve Motorlu Yat\u00e7\u0131l\u0131k y\u00fczlerce deneyimli e\u011fitmenin biriken deneyimlerinden faydalan\u0131larak yaz\u0131lm\u0131\u015f, yeni kavramlar\u0131n anla\u015f\u0131lmas\u0131nda ve \u00f6zellikle yat\u00e7\u0131l\u0131k d\u00fcnyas\u0131nda kullan\u0131lan \u00f6zg\u00fcn terminolojinin hat\u0131rlanmas\u0131nda yard\u0131mc\u0131 olmak \u00fczere tasarlanm\u0131\u015ft\u0131r. Kitapta, 300\u2019den fazla renkli \u00e7izimin yaratt\u0131\u011f\u0131 g\u00f6rsel zenginlikle g\u00f6sterilen\/a\u00e7\u0131klanan, denenmi\u015f ve test edilmi\u015f teknikler, yelkenli ve motorlu teknelerin \u00e7o\u011fu tipine uygundur. Yelkenli ve Motorlu Yat\u00e7\u0131l\u0131k yeni denizcilerin, teknedeki ilk birka\u00e7 g\u00fcnde neyin nerede oldu\u011funu hemen kavramas\u0131n\u0131 sa\u011flayacak, g\u00fcvenilir ve sa\u011flam \u00f6\u011f\u00fctler sunan, her zaman yanlar\u0131nda ta\u015f\u0131y\u0131p ba\u015fvurabilecekleri boyutta m\u00fckemmel bir ba\u015flang\u0131\u00e7 kitab\u0131d\u0131r. <\/p>\n","protected":false},"excerpt":{"rendered":"<p>ADF Yay\u0131nlar\u0131 e\u011fitim\/\u00f6\u011fretim serisinin son kitab\u0131 olan Yelkenli ve Motorlu Yat\u00e7\u0131l\u0131k, yine ADF Yay\u0131nlar\u0131\u2019ndan \u00e7\u0131kan ve t\u00fckenene kadar bask\u0131lar\u0131 (2011 ve 2013) b\u00fcy\u00fck ilgi g\u00f6ren \u201cYelkenli<span class=\"excerpt-hellip\"> [\u2026]<\/span><\/p>\n","protected":false},"featured_media":0,"template":"","meta":{"_monsterinsights_skip_tracking":false,"_monsterinsights_sitenote_active":false,"_monsterinsights_sitenote_note":"","_monsterinsights_sitenote_category":0},"product_brand":[],"product_cat":[12566,13473],"product_tag":[],"class_list":{"0":"post-727594","1":"product","2":"type-product","3":"status-publish","5":"product_cat-egitim","6":"product_cat-sinavlara-hazirlik-okula-yardimci-kaynaklar","7":"pa_cilt-ciltsiz","8":"pa_tur-kitap","9":"pa_yayinevi-amator-denizcilik-federasyonu-akademik","10":"pa_yazar-amator-denizcilik-federasyonu-kolektif","12":"first","13":"instock","14":"sale","15":"shipping-taxable","16":"purchasable","17":"product-type-simple"},"_links":{"self":[{"href":"https:\/\/roveyayinevi.com.tr\/index.php\/wp-json\/wp\/v2\/product\/727594","targetHints":{"allow":["GET"]}}],"collection":[{"href":"https:\/\/roveyayinevi.com.tr\/index.php\/wp-json\/wp\/v2\/product"}],"about":[{"href":"https:\/\/roveyayinevi.com.tr\/index.php\/wp-json\/wp\/v2\/types\/product"}],"wp:attachment":[{"href":"https:\/\/roveyayinevi.com.tr\/index.php\/wp-json\/wp\/v2\/media?parent=727594"}],"wp:term":[{"taxonomy":"product_brand","embeddable":true,"href":"https:\/\/roveyayinevi.com.tr\/index.php\/wp-json\/wp\/v2\/product_brand?post=727594"},{"taxonomy":"product_cat","embeddable":true,"href":"https:\/\/roveyayinevi.com.tr\/index.php\/wp-json\/wp\/v2\/product_cat?post=727594"},{"taxonomy":"product_tag","embeddable":true,"href":"https:\/\/roveyayinevi.com.tr\/index.php\/wp-json\/wp\/v2\/product_tag?post=727594"}],"curies":[{"name":"wp","href":"https:\/\/api.w.org\/{rel}","templated":true}]}}