{"id":727593,"date":"2025-08-27T20:24:39","date_gmt":"2025-08-27T17:24:39","guid":{"rendered":"https:\/\/roveyayinevi.com.tr\/index.php\/urun\/babilin-en-zengin-adami\/"},"modified":"2026-04-16T02:35:22","modified_gmt":"2026-04-15T23:35:22","slug":"babilin-en-zengin-adami","status":"publish","type":"product","link":"https:\/\/roveyayinevi.com.tr\/index.php\/urun\/babilin-en-zengin-adami\/","title":{"rendered":"Babil\u2019in En Zengin Adam\u0131"},"content":{"rendered":"<p>Bir zamanlar Babil\u2019de d\u00fcnyan\u0131n en zengin adam\u0131 ya\u015fard\u0131; ad\u0131 Arkad. Zenginli\u011finin \u00fcn\u00fc b\u00fct\u00fcn d\u00fcnyaya yay\u0131lm\u0131\u015ft\u0131. Ayn\u0131 zamanda eli a\u00e7\u0131kl\u0131\u011f\u0131yla da \u00fcnl\u00fcyd\u00fc. Yard\u0131mlar\u0131nda c\u00f6mertti. Ailesine kar\u015f\u0131 c\u00f6mertti. Kendi harcamalar\u0131nda c\u00f6mertti. Gene de serveti her ge\u00e7en y\u0131l harcad\u0131\u011f\u0131ndan daha h\u0131zl\u0131 bir bi\u00e7imde artard\u0131.\u201cBug\u00fcn,\u201d dedi Kobbi, \u201ceski arkada\u015f\u0131m\u0131z Arkad\u2019la kar\u015f\u0131la\u015ft\u0131m, alt\u0131n kaplama arabas\u0131nda gidiyordu. Onun gibilerden beklenen bir davran\u0131\u015fla beni g\u00f6rmezden gelip ge\u00e7medi. Tam tersi herkesin g\u00f6rebilece\u011fi bi\u00e7imde el sallad\u0131, bana, \u00e7alg\u0131c\u0131 Kobbi\u2019ye g\u00fcl\u00fcmsedi.\u201d\u201cBabil\u2019in en zengin adam\u0131 oldu\u011funu s\u00f6ylerler,\u201d dedi Bansir dalg\u0131n dalg\u0131n. \u201c\u00d6yle zengin ki kral\u0131n hazinesi dara girdi\u011finde ondan bor\u00e7 alt\u0131n ald\u0131\u011f\u0131n\u0131 i\u015fittim,\u201d diye kar\u015f\u0131l\u0131k verdi Kobbi.G\u00fcn\u00fcn birinde gen\u00e7lik g\u00fcnlerinden arkada\u015flar\u0131 Kobbi ve Bansir \u00e7\u0131k\u0131p geldiler ve \u201cSen Arkad,\u201d dediler, \u201cHepimizden daha \u015fansl\u0131 oldun. Biz ayakta kalabilmek i\u00e7in didinip dururken sen Babil\u2019in en zengin adam\u0131 haline geldin. En g\u00fczel giysileri giyip en nadide yiyecekleri yiyebiliyorsun, oysa biz, ailelerimizi eli y\u00fcz\u00fc d\u00fczg\u00fcn giysilerle giydirebilir, kar\u0131nlar\u0131n\u0131 doyurabilirsek ne mutlu bize.\u201cAma bir zamanlar e\u015fittik. Ayn\u0131 hocadan ders ald\u0131k. Ayn\u0131 oyunlarda oynad\u0131k. Ne derslerde ne oyunlarda bizden \u00fcst\u00fcn de\u011fildin. \u201cG\u00f6rd\u00fc\u011f\u00fcm\u00fcz kadar\u0131yla ne bizden daha sadakatla ne de daha \u00e7ok \u00e7al\u0131\u015ft\u0131n. \u00d6yleyse neden kahpe kader d\u00fcnyadaki t\u00fcm iyi \u015feylerin tad\u0131n\u0131 \u00e7\u0131kartmak i\u00e7in seni se\u00e7erken senin kadar hak eden bizleri g\u00f6rmezden geldi?\u201dBunun \u00fczerine Arkad onlara uzun bir s\u00f6ylev \u00e7ekti : \u201cGen\u00e7lik g\u00fcnlerimizden bu yana \u00e7\u0131plak bir varolu\u015fun \u00f6tesinde bir \u015fey elde edemediyseniz bu ya zengin olma yasalar\u0131n\u0131 \u00f6\u011frenemedi\u011finiz ya da onlara uymad\u0131\u011f\u0131n\u0131z i\u00e7indir.\u201d\u201c\u00d6\u011frenmek istediklerinizi size s\u00f6yleyece\u011fim, \u00e7\u00fcnk\u00fc art\u0131k ya\u015fl\u0131 bir adam\u0131m ve ya\u015fl\u0131lar gevezeli\u011fi sever. Gen\u00e7lik \u00f6\u011f\u00fct alacak ya\u015fa geldi\u011finde ona verilen ge\u00e7mi\u015f y\u0131llar\u0131n bilgeli\u011fidir. Ama genellikle gen\u00e7lik, ya\u015fl\u0131l\u0131\u011f\u0131n yaln\u0131zca ge\u00e7mi\u015f g\u00fcnlerin bilgeli\u011fini bildi\u011fini san\u0131r, onun i\u00e7in yararlanamaz. Oysa unutmay\u0131n ki, bug\u00fcn parlayan g\u00fcne\u015f, baban\u0131z do\u011fdu\u011fu g\u00fcn parlayan g\u00fcne\u015fle ayn\u0131 ve en son torununuz bu d\u00fcnyadan gitti\u011finde hala ayn\u0131 g\u00fcne\u015f parl\u0131yor olacak.\u201d<\/p>\n","protected":false},"excerpt":{"rendered":"<p>Bir zamanlar Babil\u2019de d\u00fcnyan\u0131n en zengin adam\u0131 ya\u015fard\u0131; ad\u0131 Arkad. Zenginli\u011finin \u00fcn\u00fc b\u00fct\u00fcn d\u00fcnyaya yay\u0131lm\u0131\u015ft\u0131. Ayn\u0131 zamanda eli a\u00e7\u0131kl\u0131\u011f\u0131yla da \u00fcnl\u00fcyd\u00fc. Yard\u0131mlar\u0131nda c\u00f6mertti. Ailesine kar\u015f\u0131 c\u00f6mertti.<span class=\"excerpt-hellip\"> [\u2026]<\/span><\/p>\n","protected":false},"featured_media":0,"template":"","meta":{"_monsterinsights_skip_tracking":false,"_monsterinsights_sitenote_active":false,"_monsterinsights_sitenote_note":"","_monsterinsights_sitenote_category":0},"product_brand":[],"product_cat":[13043,17647],"product_tag":[],"class_list":{"0":"post-727593","1":"product","2":"type-product","3":"status-publish","5":"product_cat-ekonomi","6":"product_cat-is-dunyasi","7":"pa_cilt-ciltsiz","8":"pa_tur-kitap","9":"pa_yayinevi-butik-yayinlari","10":"pa_yazar-george-s-clason","12":"first","13":"instock","14":"sale","15":"shipping-taxable","16":"purchasable","17":"product-type-simple"},"_links":{"self":[{"href":"https:\/\/roveyayinevi.com.tr\/index.php\/wp-json\/wp\/v2\/product\/727593","targetHints":{"allow":["GET"]}}],"collection":[{"href":"https:\/\/roveyayinevi.com.tr\/index.php\/wp-json\/wp\/v2\/product"}],"about":[{"href":"https:\/\/roveyayinevi.com.tr\/index.php\/wp-json\/wp\/v2\/types\/product"}],"wp:attachment":[{"href":"https:\/\/roveyayinevi.com.tr\/index.php\/wp-json\/wp\/v2\/media?parent=727593"}],"wp:term":[{"taxonomy":"product_brand","embeddable":true,"href":"https:\/\/roveyayinevi.com.tr\/index.php\/wp-json\/wp\/v2\/product_brand?post=727593"},{"taxonomy":"product_cat","embeddable":true,"href":"https:\/\/roveyayinevi.com.tr\/index.php\/wp-json\/wp\/v2\/product_cat?post=727593"},{"taxonomy":"product_tag","embeddable":true,"href":"https:\/\/roveyayinevi.com.tr\/index.php\/wp-json\/wp\/v2\/product_tag?post=727593"}],"curies":[{"name":"wp","href":"https:\/\/api.w.org\/{rel}","templated":true}]}}