{"id":727592,"date":"2025-08-27T20:24:39","date_gmt":"2025-08-27T17:24:39","guid":{"rendered":"https:\/\/roveyayinevi.com.tr\/index.php\/urun\/beni-kiskirtma-ciltli\/"},"modified":"2026-04-16T02:35:22","modified_gmt":"2026-04-15T23:35:22","slug":"beni-kiskirtma-ciltli","status":"publish","type":"product","link":"https:\/\/roveyayinevi.com.tr\/index.php\/urun\/beni-kiskirtma-ciltli\/","title":{"rendered":"Beni K\u0131\u015fk\u0131rtma (Ciltli)"},"content":{"rendered":"<p>Kimsin Neredesin Ad\u0131n ne Nerede do\u011fdun Ka\u00e7 ya\u015f\u0131ndas\u0131n Juliette\u2019in Kuzey Amerika\u2019n\u0131n ba\u015fkomutan\u0131 olmas\u0131 k\u0131sa s\u00fcrede felaketle sonu\u00e7land\u0131. G\u00f6z\u00fcn\u00fc biyolojik anne babas\u0131n\u0131n evinde a\u00e7t\u0131\u011f\u0131nda, art\u0131k ge\u00e7mi\u015finden ka\u00e7amayaca\u011f\u0131n\u0131 anlad\u0131. Kalbini parampar\u00e7a eden s\u0131rlar bir bir a\u00e7\u0131\u011fa \u00e7\u0131k\u0131yor, i\u00e7inde g\u00fc\u00e7lenen karanl\u0131\u011fa kar\u015f\u0131 onu savunmas\u0131z b\u0131rak\u0131yordu. D\u00fcnya liderlerinin \u00e7ocuklar\u0131 birer birer kap\u0131s\u0131na geldi\u011findeyse, Warner\u2019\u0131 aramaktan ba\u015fka \u00e7aresi kalmad\u0131. <\/p>\n","protected":false},"excerpt":{"rendered":"<p>Kimsin Neredesin Ad\u0131n ne Nerede do\u011fdun Ka\u00e7 ya\u015f\u0131ndas\u0131n Juliette\u2019in Kuzey Amerika\u2019n\u0131n ba\u015fkomutan\u0131 olmas\u0131 k\u0131sa s\u00fcrede felaketle sonu\u00e7land\u0131. G\u00f6z\u00fcn\u00fc biyolojik anne babas\u0131n\u0131n evinde a\u00e7t\u0131\u011f\u0131nda, art\u0131k ge\u00e7mi\u015finden ka\u00e7amayaca\u011f\u0131n\u0131<span class=\"excerpt-hellip\"> [\u2026]<\/span><\/p>\n","protected":false},"featured_media":0,"template":"","meta":{"_monsterinsights_skip_tracking":false,"_monsterinsights_sitenote_active":false,"_monsterinsights_sitenote_note":"","_monsterinsights_sitenote_category":0},"product_brand":[],"product_cat":[12540,12291],"product_tag":[],"class_list":{"0":"post-727592","1":"product","2":"type-product","3":"status-publish","5":"product_cat-bilim-kurgu","6":"product_cat-edebiyat","7":"pa_cilt-ciltli","8":"pa_tur-kitap","9":"pa_yayinevi-dex-yayinevi","10":"pa_yazar-tahereh-mafi","12":"first","13":"instock","14":"sale","15":"shipping-taxable","16":"purchasable","17":"product-type-simple"},"_links":{"self":[{"href":"https:\/\/roveyayinevi.com.tr\/index.php\/wp-json\/wp\/v2\/product\/727592","targetHints":{"allow":["GET"]}}],"collection":[{"href":"https:\/\/roveyayinevi.com.tr\/index.php\/wp-json\/wp\/v2\/product"}],"about":[{"href":"https:\/\/roveyayinevi.com.tr\/index.php\/wp-json\/wp\/v2\/types\/product"}],"wp:attachment":[{"href":"https:\/\/roveyayinevi.com.tr\/index.php\/wp-json\/wp\/v2\/media?parent=727592"}],"wp:term":[{"taxonomy":"product_brand","embeddable":true,"href":"https:\/\/roveyayinevi.com.tr\/index.php\/wp-json\/wp\/v2\/product_brand?post=727592"},{"taxonomy":"product_cat","embeddable":true,"href":"https:\/\/roveyayinevi.com.tr\/index.php\/wp-json\/wp\/v2\/product_cat?post=727592"},{"taxonomy":"product_tag","embeddable":true,"href":"https:\/\/roveyayinevi.com.tr\/index.php\/wp-json\/wp\/v2\/product_tag?post=727592"}],"curies":[{"name":"wp","href":"https:\/\/api.w.org\/{rel}","templated":true}]}}