{"id":727590,"date":"2025-08-27T20:24:37","date_gmt":"2025-08-27T17:24:37","guid":{"rendered":"https:\/\/roveyayinevi.com.tr\/index.php\/urun\/kehanet-ciltli\/"},"modified":"2025-11-21T06:26:41","modified_gmt":"2025-11-21T03:26:41","slug":"kehanet-ciltli","status":"publish","type":"product","link":"https:\/\/roveyayinevi.com.tr\/index.php\/urun\/kehanet-ciltli\/","title":{"rendered":"Kehanet (Ciltli)"},"content":{"rendered":"<p>Tarih tekerr\u00fcrleri sever&#8230; Seth asla bir gelece\u011fi olaca\u011f\u0131n\u0131 d\u00fc\u015f\u00fcnmemi\u015fti. Oysa \u015fimdi Josie\u2019yle bir aile kurma ve sonsuza kadar mutlu olma \u015fans\u0131 var. Ama t\u00fcm bunlar\u0131n ger\u00e7ekle\u015fmesi i\u00e7in \u00f6n\u00fcndeki tek engel Titanlar. Bir tanr\u0131 olarak onun yapaca\u011f\u0131 se\u00e7im d\u00fcnyay\u0131 derinden etkileyecek. Ve Seth d\u00fcnyay\u0131 \u00e7\u00f6k\u00fc\u015ften kurtarmak i\u00e7in Olimpos\u2019taki di\u011fer tanr\u0131lar\u0131 \u00f6l\u00fcml\u00fc d\u00fcnyaya girmeye ikna etmek zorunda. Bedel \u00f6denmeli&#8230; Titanlar\u0131 g\u00f6mmek Josie\u2019nin \u00f6ncelikli g\u00f6revi. Ne de olsa bunun i\u00e7in do\u011fdu. Seth ile onu ac\u0131mas\u0131z bir sava\u015f bekliyor. Josie ba\u015far\u0131s\u0131z olursa her \u015feyi kaybedece\u011fini biliyor. Ama sadece kendisi i\u00e7in de\u011fil; sevdi\u011fi adam i\u00e7in, gelecekleri i\u00e7in, d\u00fcnya i\u00e7in sava\u015fmak zorunda. Ve bu sava\u015f\u0131 kazanmak i\u00e7in her \u015feyi yapmaya haz\u0131r&#8230; Melez S\u00f6zle\u015fmeleri ve Lux serilerinin yazar\u0131ndan nefesinizi kesecek ate\u015fli bir Titan roman\u0131 daha. <\/p>\n","protected":false},"excerpt":{"rendered":"<p>Tarih tekerr\u00fcrleri sever&#8230; Seth asla bir gelece\u011fi olaca\u011f\u0131n\u0131 d\u00fc\u015f\u00fcnmemi\u015fti. Oysa \u015fimdi Josie\u2019yle bir aile kurma ve sonsuza kadar mutlu olma \u015fans\u0131 var. Ama t\u00fcm bunlar\u0131n ger\u00e7ekle\u015fmesi<span class=\"excerpt-hellip\"> [\u2026]<\/span><\/p>\n","protected":false},"featured_media":0,"template":"","meta":{"_monsterinsights_skip_tracking":false,"_monsterinsights_sitenote_active":false,"_monsterinsights_sitenote_note":"","_monsterinsights_sitenote_category":0},"product_brand":[],"product_cat":[14643,12291],"product_tag":[],"class_list":{"0":"post-727590","1":"product","2":"type-product","3":"status-publish","5":"product_cat-ask","6":"product_cat-edebiyat","7":"pa_cilt-ciltli","8":"pa_tur-kitap","9":"pa_yayinevi-dex-yayinevi","10":"pa_yazar-jennifer-l-armentrout","12":"first","13":"instock","14":"sale","15":"shipping-taxable","16":"purchasable","17":"product-type-simple"},"_links":{"self":[{"href":"https:\/\/roveyayinevi.com.tr\/index.php\/wp-json\/wp\/v2\/product\/727590","targetHints":{"allow":["GET"]}}],"collection":[{"href":"https:\/\/roveyayinevi.com.tr\/index.php\/wp-json\/wp\/v2\/product"}],"about":[{"href":"https:\/\/roveyayinevi.com.tr\/index.php\/wp-json\/wp\/v2\/types\/product"}],"wp:attachment":[{"href":"https:\/\/roveyayinevi.com.tr\/index.php\/wp-json\/wp\/v2\/media?parent=727590"}],"wp:term":[{"taxonomy":"product_brand","embeddable":true,"href":"https:\/\/roveyayinevi.com.tr\/index.php\/wp-json\/wp\/v2\/product_brand?post=727590"},{"taxonomy":"product_cat","embeddable":true,"href":"https:\/\/roveyayinevi.com.tr\/index.php\/wp-json\/wp\/v2\/product_cat?post=727590"},{"taxonomy":"product_tag","embeddable":true,"href":"https:\/\/roveyayinevi.com.tr\/index.php\/wp-json\/wp\/v2\/product_tag?post=727590"}],"curies":[{"name":"wp","href":"https:\/\/api.w.org\/{rel}","templated":true}]}}