{"id":727588,"date":"2025-08-27T20:24:35","date_gmt":"2025-08-27T17:24:35","guid":{"rendered":"https:\/\/roveyayinevi.com.tr\/index.php\/urun\/kosan-ay\/"},"modified":"2026-04-16T02:35:22","modified_gmt":"2026-04-15T23:35:22","slug":"kosan-ay","status":"publish","type":"product","link":"https:\/\/roveyayinevi.com.tr\/index.php\/urun\/kosan-ay\/","title":{"rendered":"Ko\u015fan Ay"},"content":{"rendered":"<p>Meryem \u00e7ocuklar\u0131yla \u00e7ok mutluydu. Fakat do\u011fdu\u011fu yeri, Batum&#8217;u bir t\u00fcrl\u00fc akl\u0131ndan \u00e7\u0131karam\u0131yordu. Geride b\u0131rakt\u0131\u011f\u0131 akrabalar\u0131n\u0131, kom\u015fular\u0131n\u0131 \u00f6zl\u00fcyordu. Masmavi denizini, portakal ve mandalina bah\u00e7elerini, yemye\u015fil \u00e7ay\u0131rlar\u0131n\u0131, bu \u00e7ay\u0131rlarda ya\u015fayan koyunu, kuzuyu k\u0131sacas\u0131 \u00e7ocuklu\u011funun mutlu g\u00fcnlerini \u00f6zl\u00fcyordu. G\u00fcrcistan&#8217;a, Batum&#8217;a nas\u0131l gidebilirdi? Ne otomobile ne u\u00e7a\u011fa ne de trene verecek paras\u0131 vard\u0131. Ama bir yolunu bulup oraya gitmeliydi. Babas\u0131n\u0131n zaman zaman \u00e7an\u0131 and\u0131ran, k\u00fcpe benzer bir \u015feyin i\u00e7ine girerek seyahatler yapt\u0131\u011f\u0131n\u0131 hat\u0131rlad\u0131. Bu k\u00fcp\u00fc de b\u00fct\u00fcn zorluklara ra\u011fmen \u00c7iftlik k\u00f6y\u00fcne getirmeyi ba\u015farm\u0131\u015ft\u0131. Fakat bu k\u00fcp nas\u0131l hareket eder, nas\u0131l \u00e7al\u0131\u015f\u0131r, Batum&#8217;a nas\u0131l gidip gelirdi?<\/p>\n","protected":false},"excerpt":{"rendered":"<p>Meryem \u00e7ocuklar\u0131yla \u00e7ok mutluydu. Fakat do\u011fdu\u011fu yeri, Batum&#8217;u bir t\u00fcrl\u00fc akl\u0131ndan \u00e7\u0131karam\u0131yordu. Geride b\u0131rakt\u0131\u011f\u0131 akrabalar\u0131n\u0131, kom\u015fular\u0131n\u0131 \u00f6zl\u00fcyordu. Masmavi denizini, portakal ve mandalina bah\u00e7elerini, yemye\u015fil \u00e7ay\u0131rlar\u0131n\u0131, bu<span class=\"excerpt-hellip\"> [\u2026]<\/span><\/p>\n","protected":false},"featured_media":0,"template":"","meta":{"_monsterinsights_skip_tracking":false,"_monsterinsights_sitenote_active":false,"_monsterinsights_sitenote_note":"","_monsterinsights_sitenote_category":0},"product_brand":[],"product_cat":[12291,12711],"product_tag":[],"class_list":{"0":"post-727588","1":"product","2":"type-product","3":"status-publish","5":"product_cat-edebiyat","6":"product_cat-roman-oyku","7":"pa_cilt-ciltsiz","8":"pa_tur-kitap","9":"pa_yayinevi-fa-yayinlari","10":"pa_yazar-abdullah-kundakci","12":"first","13":"instock","14":"sale","15":"shipping-taxable","16":"purchasable","17":"product-type-simple"},"_links":{"self":[{"href":"https:\/\/roveyayinevi.com.tr\/index.php\/wp-json\/wp\/v2\/product\/727588","targetHints":{"allow":["GET"]}}],"collection":[{"href":"https:\/\/roveyayinevi.com.tr\/index.php\/wp-json\/wp\/v2\/product"}],"about":[{"href":"https:\/\/roveyayinevi.com.tr\/index.php\/wp-json\/wp\/v2\/types\/product"}],"wp:attachment":[{"href":"https:\/\/roveyayinevi.com.tr\/index.php\/wp-json\/wp\/v2\/media?parent=727588"}],"wp:term":[{"taxonomy":"product_brand","embeddable":true,"href":"https:\/\/roveyayinevi.com.tr\/index.php\/wp-json\/wp\/v2\/product_brand?post=727588"},{"taxonomy":"product_cat","embeddable":true,"href":"https:\/\/roveyayinevi.com.tr\/index.php\/wp-json\/wp\/v2\/product_cat?post=727588"},{"taxonomy":"product_tag","embeddable":true,"href":"https:\/\/roveyayinevi.com.tr\/index.php\/wp-json\/wp\/v2\/product_tag?post=727588"}],"curies":[{"name":"wp","href":"https:\/\/api.w.org\/{rel}","templated":true}]}}