{"id":727585,"date":"2025-08-27T20:24:33","date_gmt":"2025-08-27T17:24:33","guid":{"rendered":"https:\/\/roveyayinevi.com.tr\/index.php\/urun\/mutluluk-projesi\/"},"modified":"2026-04-13T02:43:51","modified_gmt":"2026-04-12T23:43:51","slug":"mutluluk-projesi","status":"publish","type":"product","link":"https:\/\/roveyayinevi.com.tr\/index.php\/urun\/mutluluk-projesi\/","title":{"rendered":"Mutluluk Projesi"},"content":{"rendered":"<p>Mutlu musunuz?Mutlu olmak i\u00e7in nelere ihtiyac\u0131n\u0131z oldu\u011funu d\u00fc\u015f\u00fcn\u00fcyorsunuz?\u015eimdi size t\u00fcm bu d\u00fc\u015f\u00fcncelerin sa\u00e7ma oldu\u011funu s\u00f6ylesem bana inanmayacaks\u0131n\u0131z. Ancak a\u00e7\u0131klad\u0131\u011f\u0131mda ve i\u00e7inize y\u0131lan gibi \u00e7\u00f6reklenmi\u015f yanl\u0131\u015f hik\u00e2yelerin \u00fcr\u00fcn\u00fc olan inan\u00e7lar\u0131n\u0131zdan sizi kurtard\u0131\u011f\u0131mda bana hak vereceksiniz.Bu kitap mutluluk ve mutlu olmak hakk\u0131nda&#8230;Sizi mutsuz k\u0131lan 53 d\u00fc\u015f\u00fcnce ve inan\u00e7 kal\u0131b\u0131n\u0131 fark ederek k\u0131rd\u0131\u011f\u0131n\u0131zda hep hayalini kurdu\u011funuz dingin ve \u00f6zden gelen mutlulu\u011fa kavu\u015facaks\u0131n\u0131z. Tek yapman\u0131z gereken The Work y\u00f6ntemine kendinizi b\u0131rakmak ve kitaptaki al\u0131\u015ft\u0131rmalar\u0131 yapmak. \u00c7\u00f6z\u00fcm bu kadar kolay!Peki i\u015fe yar\u0131yor mu? Hem de nas\u0131l! Bu y\u00f6ntemi kullanan d\u00fcnya \u00e7ap\u0131nda binlerce insan \u00f6zden gelen mutlulu\u011fa ula\u015ft\u0131. Siz neden onlardan biri olmayas\u0131n\u0131z?\u015eimdi soruyorum, hayat\u0131n\u0131z\u0131 de\u011fi\u015ftirmeye haz\u0131r m\u0131s\u0131n\u0131z?Cevab\u0131n\u0131z evet ise bug\u00fcn cesur bir ad\u0131m at\u0131n ve kitab\u0131n sayfalar\u0131n\u0131 \u00e7evirin. Sonra da hayat\u0131n\u0131z\u0131n nas\u0131l de\u011fi\u015fti\u011fine \u015fahit olun!<\/p>\n","protected":false},"excerpt":{"rendered":"<p>Mutlu musunuz?Mutlu olmak i\u00e7in nelere ihtiyac\u0131n\u0131z oldu\u011funu d\u00fc\u015f\u00fcn\u00fcyorsunuz?\u015eimdi size t\u00fcm bu d\u00fc\u015f\u00fcncelerin sa\u00e7ma oldu\u011funu s\u00f6ylesem bana inanmayacaks\u0131n\u0131z. Ancak a\u00e7\u0131klad\u0131\u011f\u0131mda ve i\u00e7inize y\u0131lan gibi \u00e7\u00f6reklenmi\u015f yanl\u0131\u015f hik\u00e2yelerin<span class=\"excerpt-hellip\"> [\u2026]<\/span><\/p>\n","protected":false},"featured_media":0,"template":"","meta":{"_monsterinsights_skip_tracking":false,"_monsterinsights_sitenote_active":false,"_monsterinsights_sitenote_note":"","_monsterinsights_sitenote_category":0},"product_brand":[],"product_cat":[12364,12376],"product_tag":[],"class_list":{"0":"post-727585","1":"product","2":"type-product","3":"status-publish","5":"product_cat-genel-konular","6":"product_cat-kisisel-gelisim","7":"pa_cilt-ciltsiz","8":"pa_tur-kitap","9":"pa_yayinevi-destek-yayinlari","10":"pa_yazar-feza-karakas","12":"first","13":"instock","14":"sale","15":"shipping-taxable","16":"purchasable","17":"product-type-simple"},"_links":{"self":[{"href":"https:\/\/roveyayinevi.com.tr\/index.php\/wp-json\/wp\/v2\/product\/727585","targetHints":{"allow":["GET"]}}],"collection":[{"href":"https:\/\/roveyayinevi.com.tr\/index.php\/wp-json\/wp\/v2\/product"}],"about":[{"href":"https:\/\/roveyayinevi.com.tr\/index.php\/wp-json\/wp\/v2\/types\/product"}],"wp:attachment":[{"href":"https:\/\/roveyayinevi.com.tr\/index.php\/wp-json\/wp\/v2\/media?parent=727585"}],"wp:term":[{"taxonomy":"product_brand","embeddable":true,"href":"https:\/\/roveyayinevi.com.tr\/index.php\/wp-json\/wp\/v2\/product_brand?post=727585"},{"taxonomy":"product_cat","embeddable":true,"href":"https:\/\/roveyayinevi.com.tr\/index.php\/wp-json\/wp\/v2\/product_cat?post=727585"},{"taxonomy":"product_tag","embeddable":true,"href":"https:\/\/roveyayinevi.com.tr\/index.php\/wp-json\/wp\/v2\/product_tag?post=727585"}],"curies":[{"name":"wp","href":"https:\/\/api.w.org\/{rel}","templated":true}]}}