{"id":727584,"date":"2025-08-27T20:24:32","date_gmt":"2025-08-27T17:24:32","guid":{"rendered":"https:\/\/roveyayinevi.com.tr\/index.php\/urun\/korkusuzca-yasayabilmek\/"},"modified":"2026-04-12T02:42:24","modified_gmt":"2026-04-11T23:42:24","slug":"korkusuzca-yasayabilmek","status":"publish","type":"product","link":"https:\/\/roveyayinevi.com.tr\/index.php\/urun\/korkusuzca-yasayabilmek\/","title":{"rendered":"Korkusuzca Ya\u015fayabilmek"},"content":{"rendered":"<p>Uluslararas\u0131 \u00e7ok satanlar listesinde haftalarca bir numarada yer alan ve T\u00fcrkiye\u2019de y\u00fcz binlerce okura ula\u015fmay\u0131 ba\u015faran Vazge\u00e7ebilmek, Sevebilmek ve \u00d6zg\u00fcrle\u015febilmek kitaplar\u0131n\u0131n d\u00fcnyaca \u00fcnl\u00fc yazar\u0131 Guy Finley, bu kez korkuya meydan okuyan bir ya\u015fam disipliniyle \u00e7\u0131k\u0131yor okurunun kar\u015f\u0131s\u0131na: Korkusuzca Ya\u015famak!Korkunun tarifini \u00e7ok katmanl\u0131 bir bak\u0131\u015f a\u00e7\u0131s\u0131yla yeniden zihin s\u00fczgecinden ge\u00e7iren Guy Finley, korkuyla d\u00fc\u015f\u00fcnce aras\u0131ndaki ba\u011flar\u0131n nas\u0131l ba\u015ftan kurgulanmas\u0131 gerekti\u011fine \u00f6rnek hik\u00e2yelerle ve \u00f6nerdi\u011fi etkili uygulamalarla birlikte dikkat \u00e7ekiyor.Daha d\u00fcne kadar uykular\u0131n\u0131 ka\u00e7\u0131ran \u015feyin ne oldu\u011funu hat\u0131rla mesela. \u00d6nceleri \u00e7ok istedi\u011fin, \u00f6nemsedi\u011fin, kafana takt\u0131\u011f\u0131n, \u00fczerinde \u00e7ok d\u00fc\u015f\u00fcn\u00fcp kayg\u0131land\u0131\u011f\u0131n, belki \u00e7ok istedi\u011fin, u\u011fruna \u00e7ok \u015feyi g\u00f6zden \u00e7\u0131kard\u0131\u011f\u0131n, vakit harcad\u0131\u011f\u0131n \u015feyleri d\u00fc\u015f\u00fcn.\u00c7ok de\u011fil k\u0131sa zaman \u00f6nce, her biri ya\u015fam kaliteni etkileyecek kadar \u00f6nemliyken, sende korku ve kayg\u0131 hislerine neden olurken, bug\u00fcn hi\u00e7bir \u015fey de\u011fi\u015fmedi\u011fi halde g\u00fc\u00e7lerini nas\u0131l kaybettiler peki? Neden eskisi kadar korkutup kayg\u0131land\u0131rm\u0131yorlar seni?Yoksa korku sende sadece bir ya\u015famda kalma refleksi de\u011fil mi? Ayn\u0131 zamanda bir d\u00fc\u015f\u00fcnce hatas\u0131 m\u0131?Korkuyla ilgili d\u00fc\u015f\u00fcnce hatalar\u0131n\u0131n sonlanmas\u0131, elbette birtak\u0131m zihinsel disiplinlerin yeniden yap\u0131lanmas\u0131yla ilgili&#8230;Guy Finley, tam da bu disiplinlerden s\u00f6z ediyor i\u015fte.Korkusuzca Ya\u015famak, bir d\u00fc\u015f\u00fcnce sanat\u0131 kitab\u0131d\u0131r asl\u0131nda. Zorlu\u011fun i\u00e7indeki basit ama etkili kolayl\u0131k gibi&#8230;Korktu\u011fun \u015feye y\u00fckledi\u011fin anlamlar\u0131 g\u00f6zden ge\u00e7ir \u00f6nce, sonras\u0131nda bu kitab\u0131n sayfalar\u0131 aras\u0131nda korkular\u0131ndan \u00f6zg\u00fcrle\u015fmeye ba\u015flayacaks\u0131n zaten&#8230;<\/p>\n","protected":false},"excerpt":{"rendered":"<p>Uluslararas\u0131 \u00e7ok satanlar listesinde haftalarca bir numarada yer alan ve T\u00fcrkiye\u2019de y\u00fcz binlerce okura ula\u015fmay\u0131 ba\u015faran Vazge\u00e7ebilmek, Sevebilmek ve \u00d6zg\u00fcrle\u015febilmek kitaplar\u0131n\u0131n d\u00fcnyaca \u00fcnl\u00fc yazar\u0131 Guy Finley,<span class=\"excerpt-hellip\"> [\u2026]<\/span><\/p>\n","protected":false},"featured_media":0,"template":"","meta":{"_monsterinsights_skip_tracking":false,"_monsterinsights_sitenote_active":false,"_monsterinsights_sitenote_note":"","_monsterinsights_sitenote_category":0},"product_brand":[],"product_cat":[12364,12376],"product_tag":[],"class_list":{"0":"post-727584","1":"product","2":"type-product","3":"status-publish","5":"product_cat-genel-konular","6":"product_cat-kisisel-gelisim","7":"pa_cilt-ciltsiz","8":"pa_tur-kitap","9":"pa_yayinevi-destek-yayinlari","10":"pa_yazar-guy-finley","12":"first","13":"instock","14":"sale","15":"shipping-taxable","16":"purchasable","17":"product-type-simple"},"_links":{"self":[{"href":"https:\/\/roveyayinevi.com.tr\/index.php\/wp-json\/wp\/v2\/product\/727584","targetHints":{"allow":["GET"]}}],"collection":[{"href":"https:\/\/roveyayinevi.com.tr\/index.php\/wp-json\/wp\/v2\/product"}],"about":[{"href":"https:\/\/roveyayinevi.com.tr\/index.php\/wp-json\/wp\/v2\/types\/product"}],"wp:attachment":[{"href":"https:\/\/roveyayinevi.com.tr\/index.php\/wp-json\/wp\/v2\/media?parent=727584"}],"wp:term":[{"taxonomy":"product_brand","embeddable":true,"href":"https:\/\/roveyayinevi.com.tr\/index.php\/wp-json\/wp\/v2\/product_brand?post=727584"},{"taxonomy":"product_cat","embeddable":true,"href":"https:\/\/roveyayinevi.com.tr\/index.php\/wp-json\/wp\/v2\/product_cat?post=727584"},{"taxonomy":"product_tag","embeddable":true,"href":"https:\/\/roveyayinevi.com.tr\/index.php\/wp-json\/wp\/v2\/product_tag?post=727584"}],"curies":[{"name":"wp","href":"https:\/\/api.w.org\/{rel}","templated":true}]}}