{"id":727583,"date":"2025-08-27T20:24:32","date_gmt":"2025-08-27T17:24:32","guid":{"rendered":"https:\/\/roveyayinevi.com.tr\/index.php\/urun\/giordano-bruno-olumumu-bildirirken-siz-benden-daha-cok-korkuyorsunuz\/"},"modified":"2026-04-16T02:35:22","modified_gmt":"2026-04-15T23:35:22","slug":"giordano-bruno-olumumu-bildirirken-siz-benden-daha-cok-korkuyorsunuz","status":"publish","type":"product","link":"https:\/\/roveyayinevi.com.tr\/index.php\/urun\/giordano-bruno-olumumu-bildirirken-siz-benden-daha-cok-korkuyorsunuz\/","title":{"rendered":"Giordano Bruno &#8211; \u00d6l\u00fcm\u00fcm\u00fc Bildirirken Siz Benden Daha \u00c7ok Korkuyorsunuz"},"content":{"rendered":"<p>\u201cSadece bilgeler ve erdemli insanlar \u00e7ok mutlu olabilirler, \u00e7\u00fcnk\u00fc onlar ac\u0131y\u0131 art\u0131k hissetmezler.\u201dR\u00f6nesans felsefesini bi\u00e7imlendiren en \u00f6nemli filozoflardand\u0131r Giordano Bruno&#8230; Ayn\u0131 zamanda bir ke\u015fi\u015f, g\u00f6kbilimci, ok\u00fcltist ve mistiktir de&#8230;Sonsuzluk, madde, ruh g\u00f6\u00e7\u00fc, reenkarnasyon ve b\u00fcy\u00fc \u00fczerine yazd\u0131klar\u0131yla Spinoza, Leibniz,Hegel ve Schopenhauer gibi de\u011ferli filozoflar\u0131 etkilemekle kalmam\u0131\u015f, modern felsefenin baz\u0131 temel ayr\u0131mlar\u0131n\u0131 yeniden \u015fekillendirmi\u015ftir.Vatikan, Bruno\u2019nun ki\u015fisel notlar\u0131n\u0131 ve elyazmalar\u0131n\u0131 gizli tutmaya devam etti\u011finden hakk\u0131nda yap\u0131lm\u0131\u015f \u00e7al\u0131\u015fmalar ne yaz\u0131k ki k\u0131s\u0131tl\u0131d\u0131r, zira Bruno g\u00fcn\u00fcm\u00fczde de h\u00e2l\u00e2 \u201csak\u0131ncal\u0131\u201d g\u00f6r\u00fclmektedir.Kilise\u2019nin fanatik e\u011filimlerine kar\u015f\u0131l\u0131k d\u00fcnyan\u0131n ve evrenin sonsuzlu\u011funu savunan Bruno, sapk\u0131nl\u0131kla su\u00e7lanarak d\u00fc\u015f\u00fcncelerinin bedelini a\u011f\u0131r \u015fekilde \u00f6demi\u015f ve Roma\u2019da diri diri yak\u0131larak idam edilmi\u015ftir.Elinizdeki kitap d\u00fc\u015f\u00fcnceleri u\u011fruna \u00e7ekinmeden \u00f6l\u00fcme giden Bruno\u2019ya dair T\u00fcrk\u00e7ede yaz\u0131lm\u0131\u015f en kapsaml\u0131 ilk kaynakt\u0131r.<\/p>\n","protected":false},"excerpt":{"rendered":"<p>\u201cSadece bilgeler ve erdemli insanlar \u00e7ok mutlu olabilirler, \u00e7\u00fcnk\u00fc onlar ac\u0131y\u0131 art\u0131k hissetmezler.\u201dR\u00f6nesans felsefesini bi\u00e7imlendiren en \u00f6nemli filozoflardand\u0131r Giordano Bruno&#8230; Ayn\u0131 zamanda bir ke\u015fi\u015f, g\u00f6kbilimci, ok\u00fcltist<span class=\"excerpt-hellip\"> [\u2026]<\/span><\/p>\n","protected":false},"featured_media":0,"template":"","meta":{"_monsterinsights_skip_tracking":false,"_monsterinsights_sitenote_active":false,"_monsterinsights_sitenote_note":"","_monsterinsights_sitenote_category":0},"product_brand":[],"product_cat":[12388,26788],"product_tag":[],"class_list":{"0":"post-727583","1":"product","2":"type-product","3":"status-publish","5":"product_cat-felsefe","6":"product_cat-filozoflar","7":"pa_cilt-ciltsiz","8":"pa_tur-kitap","9":"pa_yayinevi-destek-yayinlari","10":"pa_yazar-giordano-bruno","12":"first","13":"instock","14":"sale","15":"shipping-taxable","16":"purchasable","17":"product-type-simple"},"_links":{"self":[{"href":"https:\/\/roveyayinevi.com.tr\/index.php\/wp-json\/wp\/v2\/product\/727583","targetHints":{"allow":["GET"]}}],"collection":[{"href":"https:\/\/roveyayinevi.com.tr\/index.php\/wp-json\/wp\/v2\/product"}],"about":[{"href":"https:\/\/roveyayinevi.com.tr\/index.php\/wp-json\/wp\/v2\/types\/product"}],"wp:attachment":[{"href":"https:\/\/roveyayinevi.com.tr\/index.php\/wp-json\/wp\/v2\/media?parent=727583"}],"wp:term":[{"taxonomy":"product_brand","embeddable":true,"href":"https:\/\/roveyayinevi.com.tr\/index.php\/wp-json\/wp\/v2\/product_brand?post=727583"},{"taxonomy":"product_cat","embeddable":true,"href":"https:\/\/roveyayinevi.com.tr\/index.php\/wp-json\/wp\/v2\/product_cat?post=727583"},{"taxonomy":"product_tag","embeddable":true,"href":"https:\/\/roveyayinevi.com.tr\/index.php\/wp-json\/wp\/v2\/product_tag?post=727583"}],"curies":[{"name":"wp","href":"https:\/\/api.w.org\/{rel}","templated":true}]}}