{"id":727581,"date":"2025-08-27T20:24:30","date_gmt":"2025-08-27T17:24:30","guid":{"rendered":"https:\/\/roveyayinevi.com.tr\/index.php\/urun\/baska-sanat-istemez-sakar-bora-5\/"},"modified":"2026-04-16T02:35:21","modified_gmt":"2026-04-15T23:35:21","slug":"baska-sanat-istemez-sakar-bora-5","status":"publish","type":"product","link":"https:\/\/roveyayinevi.com.tr\/index.php\/urun\/baska-sanat-istemez-sakar-bora-5\/","title":{"rendered":"Ba\u015fka Sanat \u0130stemez! &#8211; Sakar Bora 5"},"content":{"rendered":"<p>E\u011flenceli Ve Pald\u0131r K\u00fcld\u00fcr Maceralar\u0131ylaSakar Bora \u0130\u015fte Kar\u015f\u0131n\u0131zda!Merhaba arkada\u015flar!Aran\u0131zda sanat\u00e7\u0131 olmay\u0131 akl\u0131ndan ge\u00e7iren oldu mu? \u201cYok can\u0131m, neden \u00f6yle bir \u015fey yapay\u0131m ki?\u201d diyorsan\u0131z elinizdeki kitap tam size g\u00f6re.Bu kitapta; sanata nas\u0131l bal\u0131klama dald\u0131\u011f\u0131m\u0131 g\u00f6recek, resim, m\u00fczik, tiyatro ve ebru kurslar\u0131nda yapt\u0131\u011f\u0131m sakarl\u0131klar\u0131 okuyacaks\u0131n\u0131z. Ya\u015fad\u0131\u011f\u0131m maceralar\u0131 okurken hem e\u011flenecek hem de \u00e7ok \u015fey \u00f6\u011freneceksiniz. Bu kadar laftan sonra hangi sanat dal\u0131nda ba\u015far\u0131l\u0131 oldum, merak ediyor musunuz? Ressam m\u0131, m\u00fczisyen mi yoksa bir oyuncu mu oldum?Haa, unutmadan bir de kitap boyunca sinir bozucu \u201cMandal \u00c7etesi\u201d ile u\u011fra\u015ft\u0131m tabii ki.\u201cO da ne?\u201d dedi\u011finizi duyar gibiyim. Ahh ahh! Ne siz sorun ne de ben s\u00f6yleyeyim.Kitab\u0131 okudu\u011funuzda hem sanat dolu maceralar\u0131m\u0131 hem de Mandal \u00c7etesi\u2019nin s\u0131rr\u0131n\u0131 \u00f6\u011frenmi\u015f olacaks\u0131n\u0131z.<\/p>\n","protected":false},"excerpt":{"rendered":"<p>E\u011flenceli Ve Pald\u0131r K\u00fcld\u00fcr Maceralar\u0131ylaSakar Bora \u0130\u015fte Kar\u015f\u0131n\u0131zda!Merhaba arkada\u015flar!Aran\u0131zda sanat\u00e7\u0131 olmay\u0131 akl\u0131ndan ge\u00e7iren oldu mu? \u201cYok can\u0131m, neden \u00f6yle bir \u015fey yapay\u0131m ki?\u201d diyorsan\u0131z elinizdeki kitap<span class=\"excerpt-hellip\"> [\u2026]<\/span><\/p>\n","protected":false},"featured_media":0,"template":"","meta":{"_monsterinsights_skip_tracking":false,"_monsterinsights_sitenote_active":false,"_monsterinsights_sitenote_note":"","_monsterinsights_sitenote_category":0},"product_brand":[],"product_cat":[12291,12711],"product_tag":[],"class_list":{"0":"post-727581","1":"product","2":"type-product","3":"status-publish","5":"product_cat-edebiyat","6":"product_cat-roman-oyku","7":"pa_cilt-ciltsiz","8":"pa_tur-kitap","9":"pa_yayinevi-hayat-yayinlari","10":"pa_yazar-cagri-cebeci","12":"first","13":"instock","14":"sale","15":"shipping-taxable","16":"purchasable","17":"product-type-simple"},"_links":{"self":[{"href":"https:\/\/roveyayinevi.com.tr\/index.php\/wp-json\/wp\/v2\/product\/727581","targetHints":{"allow":["GET"]}}],"collection":[{"href":"https:\/\/roveyayinevi.com.tr\/index.php\/wp-json\/wp\/v2\/product"}],"about":[{"href":"https:\/\/roveyayinevi.com.tr\/index.php\/wp-json\/wp\/v2\/types\/product"}],"wp:attachment":[{"href":"https:\/\/roveyayinevi.com.tr\/index.php\/wp-json\/wp\/v2\/media?parent=727581"}],"wp:term":[{"taxonomy":"product_brand","embeddable":true,"href":"https:\/\/roveyayinevi.com.tr\/index.php\/wp-json\/wp\/v2\/product_brand?post=727581"},{"taxonomy":"product_cat","embeddable":true,"href":"https:\/\/roveyayinevi.com.tr\/index.php\/wp-json\/wp\/v2\/product_cat?post=727581"},{"taxonomy":"product_tag","embeddable":true,"href":"https:\/\/roveyayinevi.com.tr\/index.php\/wp-json\/wp\/v2\/product_tag?post=727581"}],"curies":[{"name":"wp","href":"https:\/\/api.w.org\/{rel}","templated":true}]}}