{"id":727573,"date":"2025-08-27T20:24:22","date_gmt":"2025-08-27T17:24:22","guid":{"rendered":"https:\/\/roveyayinevi.com.tr\/index.php\/urun\/istasyon\/"},"modified":"2026-04-16T02:35:21","modified_gmt":"2026-04-15T23:35:21","slug":"istasyon","status":"publish","type":"product","link":"https:\/\/roveyayinevi.com.tr\/index.php\/urun\/istasyon\/","title":{"rendered":"\u0130stasyon"},"content":{"rendered":"<p>Birg\u00fcl O\u011fuz\u2019dan yaln\u0131zl\u0131k, g\u00fcven ve arkada\u015fl\u0131k \u00fczerine uzun bir hik\u00e2ye. \u201c\u015eimdi ormanda bir patikada dalg\u0131n y\u00fcr\u00fcrken aniden a\u011fa\u00e7lar\u0131n, boyumu a\u015fan yabani otlar\u0131n aras\u0131na dal\u0131p ko\u015fmaya ba\u015flam\u0131\u015f\u0131m gibi hissediyordum. Tren h\u0131zland\u0131k\u00e7a bir sevin\u00e7 dalgas\u0131 y\u00fckseliyordu i\u00e7imde. Ama her an daha da kararan bir ormanda dikenli bitkilerin, b\u00f6ceklerin, gececillerin aras\u0131na f\u00fctursuz dal\u0131\u015f\u0131m\u0131n \u00f6deyemeyece\u011fim bir bedeli oldu\u011fu duygusuna da kap\u0131l\u0131yordum. Davran\u0131\u015f\u0131m\u0131n kayna\u011f\u0131na belirsiz bir gelecekte varaca\u011f\u0131m\u0131 seziyordum.\u201d <\/p>\n","protected":false},"excerpt":{"rendered":"<p>Birg\u00fcl O\u011fuz\u2019dan yaln\u0131zl\u0131k, g\u00fcven ve arkada\u015fl\u0131k \u00fczerine uzun bir hik\u00e2ye. \u201c\u015eimdi ormanda bir patikada dalg\u0131n y\u00fcr\u00fcrken aniden a\u011fa\u00e7lar\u0131n, boyumu a\u015fan yabani otlar\u0131n aras\u0131na dal\u0131p ko\u015fmaya ba\u015flam\u0131\u015f\u0131m<span class=\"excerpt-hellip\"> [\u2026]<\/span><\/p>\n","protected":false},"featured_media":0,"template":"","meta":{"_monsterinsights_skip_tracking":false,"_monsterinsights_sitenote_active":false,"_monsterinsights_sitenote_note":"","_monsterinsights_sitenote_category":0},"product_brand":[],"product_cat":[12291,12711],"product_tag":[],"class_list":{"0":"post-727573","1":"product","2":"type-product","3":"status-publish","5":"product_cat-edebiyat","6":"product_cat-roman-oyku","7":"pa_cilt-ciltsiz","8":"pa_tur-kitap","9":"pa_yayinevi-metis-yayinlari","10":"pa_yazar-birgul-oguz","12":"first","13":"instock","14":"sale","15":"shipping-taxable","16":"purchasable","17":"product-type-simple"},"_links":{"self":[{"href":"https:\/\/roveyayinevi.com.tr\/index.php\/wp-json\/wp\/v2\/product\/727573","targetHints":{"allow":["GET"]}}],"collection":[{"href":"https:\/\/roveyayinevi.com.tr\/index.php\/wp-json\/wp\/v2\/product"}],"about":[{"href":"https:\/\/roveyayinevi.com.tr\/index.php\/wp-json\/wp\/v2\/types\/product"}],"wp:attachment":[{"href":"https:\/\/roveyayinevi.com.tr\/index.php\/wp-json\/wp\/v2\/media?parent=727573"}],"wp:term":[{"taxonomy":"product_brand","embeddable":true,"href":"https:\/\/roveyayinevi.com.tr\/index.php\/wp-json\/wp\/v2\/product_brand?post=727573"},{"taxonomy":"product_cat","embeddable":true,"href":"https:\/\/roveyayinevi.com.tr\/index.php\/wp-json\/wp\/v2\/product_cat?post=727573"},{"taxonomy":"product_tag","embeddable":true,"href":"https:\/\/roveyayinevi.com.tr\/index.php\/wp-json\/wp\/v2\/product_tag?post=727573"}],"curies":[{"name":"wp","href":"https:\/\/api.w.org\/{rel}","templated":true}]}}