{"id":727570,"date":"2025-08-27T20:24:20","date_gmt":"2025-08-27T17:24:20","guid":{"rendered":"https:\/\/roveyayinevi.com.tr\/index.php\/urun\/aktoru-ozgurlestirmek\/"},"modified":"2025-12-30T10:35:05","modified_gmt":"2025-12-30T07:35:05","slug":"aktoru-ozgurlestirmek","status":"publish","type":"product","link":"https:\/\/roveyayinevi.com.tr\/index.php\/urun\/aktoru-ozgurlestirmek\/","title":{"rendered":"Akt\u00f6r\u00fc \u00d6zg\u00fcrle\u015ftirmek"},"content":{"rendered":"<p>Akt\u00f6r\u00fc \u00d6zg\u00fcrle\u015ftirmek\u2019te Eric Morris kendine has oyunculuk sistemini a\u00e7\u0131klamaya ve tan\u0131mlamaya devam ediyor. Tamamen enstr\u00fcmana y\u00f6nelik olan bu kitapta Morris, akt\u00f6rlerin otantik ve organik bir yerden oynamalar\u0131n\u0131 zedeleyen engelleri, ba\u011f\u0131ml\u0131l\u0131klar\u0131, tuzaklar\u0131 ve kemikle\u015fmi\u015f al\u0131\u015fkanl\u0131klar\u0131 ortadan kald\u0131rmak i\u00e7in eksiksiz bir yakla\u015f\u0131m uygulam\u0131\u015ft\u0131r. Tarih boyunca \u00e7o\u011fu oyuncu ko\u00e7u ve \u00f6\u011fretmen, akt\u00f6rlere ket vuran enstr\u00fcmantal problemleri etkin bir bi\u00e7imde ele almakta ba\u015far\u0131s\u0131z olmu\u015ftur. Ancak Morris\u2019in \u00f6\u011fretileri sayesinde akt\u00f6rler, karakterin eserde deneyimledi\u011fi \u015feyi kendilerinin de ger\u00e7ek olarak deneyimlemeleri gerekti\u011fini anlam\u0131\u015flard\u0131r. Bunu ba\u015farmak i\u00e7in akt\u00f6rlerin kendi otantik ger\u00e7eklikleriyle ba\u011flant\u0131 kurma ve bunlar\u0131 ifade etme konusunda \u00f6zg\u00fcr olmalar\u0131 gerekmektedir.<\/p>\n","protected":false},"excerpt":{"rendered":"<p>Akt\u00f6r\u00fc \u00d6zg\u00fcrle\u015ftirmek\u2019te Eric Morris kendine has oyunculuk sistemini a\u00e7\u0131klamaya ve tan\u0131mlamaya devam ediyor. Tamamen enstr\u00fcmana y\u00f6nelik olan bu kitapta Morris, akt\u00f6rlerin otantik ve organik bir yerden<span class=\"excerpt-hellip\"> [\u2026]<\/span><\/p>\n","protected":false},"featured_media":0,"template":"","meta":{"_monsterinsights_skip_tracking":false,"_monsterinsights_sitenote_active":false,"_monsterinsights_sitenote_note":"","_monsterinsights_sitenote_category":0},"product_brand":[],"product_cat":[12409,12408],"product_tag":[],"class_list":{"0":"post-727570","1":"product","2":"type-product","3":"status-publish","5":"product_cat-fotograf-sinema-tiyatro","6":"product_cat-sanat","7":"pa_cilt-ciltsiz","8":"pa_tur-kitap","9":"pa_yayinevi-alfa-yayinlari","10":"pa_yazar-eric-morris","12":"first","13":"instock","14":"sale","15":"shipping-taxable","16":"purchasable","17":"product-type-simple"},"_links":{"self":[{"href":"https:\/\/roveyayinevi.com.tr\/index.php\/wp-json\/wp\/v2\/product\/727570","targetHints":{"allow":["GET"]}}],"collection":[{"href":"https:\/\/roveyayinevi.com.tr\/index.php\/wp-json\/wp\/v2\/product"}],"about":[{"href":"https:\/\/roveyayinevi.com.tr\/index.php\/wp-json\/wp\/v2\/types\/product"}],"wp:attachment":[{"href":"https:\/\/roveyayinevi.com.tr\/index.php\/wp-json\/wp\/v2\/media?parent=727570"}],"wp:term":[{"taxonomy":"product_brand","embeddable":true,"href":"https:\/\/roveyayinevi.com.tr\/index.php\/wp-json\/wp\/v2\/product_brand?post=727570"},{"taxonomy":"product_cat","embeddable":true,"href":"https:\/\/roveyayinevi.com.tr\/index.php\/wp-json\/wp\/v2\/product_cat?post=727570"},{"taxonomy":"product_tag","embeddable":true,"href":"https:\/\/roveyayinevi.com.tr\/index.php\/wp-json\/wp\/v2\/product_tag?post=727570"}],"curies":[{"name":"wp","href":"https:\/\/api.w.org\/{rel}","templated":true}]}}