{"id":727569,"date":"2025-08-27T20:24:19","date_gmt":"2025-08-27T17:24:19","guid":{"rendered":"https:\/\/roveyayinevi.com.tr\/index.php\/urun\/mevlananin-kedisi\/"},"modified":"2026-04-16T02:35:21","modified_gmt":"2026-04-15T23:35:21","slug":"mevlananin-kedisi","status":"publish","type":"product","link":"https:\/\/roveyayinevi.com.tr\/index.php\/urun\/mevlananin-kedisi\/","title":{"rendered":"Mevlana\u2019n\u0131n Kedisi"},"content":{"rendered":"<p>Can Aydo\u011fmu\u015f\u2019la uzun y\u0131llar \u00f6nce \u0130stanbul\u2019da, mahallemizin bakkal\u0131nda kar\u015f\u0131la\u015fm\u0131\u015ft\u0131k. Bakkal\u0131m\u0131z Abbas Efendi\u2019yle sohbetimiz ilgisini \u00e7ekmi\u015f olmal\u0131 ki beni tan\u0131mak istedi\u011fini s\u00f6yledi. Bilgiye a\u00e7, Mevl\u00e2na\u2019ya kar\u015f\u0131 muazzam bir ilgisi olan bu gen\u00e7 adam\u0131n ilk roman\u0131n\u0131n Mevl\u00e2na \u00f6\u011fretisiyle yo\u011frulmu\u015f olmas\u0131 beni hi\u00e7 \u015fa\u015f\u0131rtmad\u0131. S\u00fcr\u00fckleyici, bilgi dolu, bir solukta okunacak bu eserin i\u00e7eri\u011fi Hz. Mevl\u00e2na&#8217;n\u0131n \u00f6\u011fretileriyle, d\u00fc\u015f\u00fcnceleriyle, ya\u015fant\u0131s\u0131yla ve Mevlev\u00ee k\u00fclt\u00fcr\u00fcyle \u00f6rt\u00fc\u015f\u00fcrken, ayn\u0131 zamanda ba\u015ftan sona h\u00fcsn-\u00fc zanla yaz\u0131lm\u0131\u015f. Hz. Mevl\u00e2na&#8217;n\u0131n merhametini, insan ve hayvan sevgisini yans\u0131tan, \u00e7ok g\u00fczel, s\u00fcr\u00fckleyici, elden b\u0131rak\u0131lmadan okunacak bir eser.  Bir yandan g\u00f6\u00e7men bir ailenin \u00fc\u00e7 nesli aras\u0131ndaki \u00e7at\u0131\u015fmalar ile gen\u00e7 bir k\u0131z\u0131n annesinin bask\u0131lar\u0131ndan kurtularak kendi kimli\u011fini ke\u015ffetme m\u00fccadelesini anlatan, bir yandan da d\u00fcnyaya g\u00fcn\u00fcm\u00fczden sekiz y\u00fcz sene \u00f6nce ya\u015fam\u0131\u015f bir kedinin g\u00f6z\u00fcnden bakmam\u0131z\u0131 sa\u011flayan \u00e7ok boyutlu, tarihi zenginlik i\u00e7eren bu kitap, New York\u2019tan Konya\u2019ya uzanan mistik bir yolculuk roman\u0131&#8230;    Can Aydo\u011fmu\u015f hayat\u0131n\u0131 bazen Tayland\u2019\u0131n bir k\u00f6y\u00fcnde, bazen Kanada\u2019da ad\u0131n\u0131 yaln\u0131zca iki kasaba halk\u0131n\u0131n bildi\u011fi bir da\u011fda, bazen \u0130stanbul\u2019daki evinin balkonunda d\u00fc\u015f\u00fcnerek, okuyarak, yazarak m\u00e2n\u00e2 aray\u0131\u015f\u0131yla ge\u00e7iriyor. Bu aray\u0131\u015f bir g\u00fcn Aydo\u011fmu\u015f\u2019un yolunu uzun zaman \u00f6nce bu co\u011frafyan\u0131n en \u00f6nemli \u00e2limi Mevl\u00e2na\u2019yla kesi\u015ftiriyor. Yazar\u0131n gen\u00e7li\u011finde ba\u015f\u0131ndan ge\u00e7en s\u0131k\u0131nt\u0131l\u0131 olaylar, edebiyat\u0131 kurtar\u0131c\u0131s\u0131, bir yol haritas\u0131 gibi g\u00f6rmesinin en b\u00fcy\u00fck sebebi.  Mevl\u00e2na\u2019n\u0131n Kedisi onun ilk edebi eseri de\u011fil; ancak kendi tan\u0131m\u0131yla \u201cherkesin okuyabilece\u011fi ilk edebi eseri\u201d. <\/p>\n","protected":false},"excerpt":{"rendered":"<p>Can Aydo\u011fmu\u015f\u2019la uzun y\u0131llar \u00f6nce \u0130stanbul\u2019da, mahallemizin bakkal\u0131nda kar\u015f\u0131la\u015fm\u0131\u015ft\u0131k. Bakkal\u0131m\u0131z Abbas Efendi\u2019yle sohbetimiz ilgisini \u00e7ekmi\u015f olmal\u0131 ki beni tan\u0131mak istedi\u011fini s\u00f6yledi. Bilgiye a\u00e7, Mevl\u00e2na\u2019ya kar\u015f\u0131 muazzam<span class=\"excerpt-hellip\"> [\u2026]<\/span><\/p>\n","protected":false},"featured_media":0,"template":"","meta":{"_monsterinsights_skip_tracking":false,"_monsterinsights_sitenote_active":false,"_monsterinsights_sitenote_note":"","_monsterinsights_sitenote_category":0},"product_brand":[],"product_cat":[12291,12711],"product_tag":[],"class_list":{"0":"post-727569","1":"product","2":"type-product","3":"status-publish","5":"product_cat-edebiyat","6":"product_cat-roman-oyku","7":"pa_cilt-ciltsiz","8":"pa_tur-kitap","9":"pa_yayinevi-indigo-kitap","10":"pa_yazar-can-aydogmus","12":"first","13":"instock","14":"sale","15":"shipping-taxable","16":"purchasable","17":"product-type-simple"},"_links":{"self":[{"href":"https:\/\/roveyayinevi.com.tr\/index.php\/wp-json\/wp\/v2\/product\/727569","targetHints":{"allow":["GET"]}}],"collection":[{"href":"https:\/\/roveyayinevi.com.tr\/index.php\/wp-json\/wp\/v2\/product"}],"about":[{"href":"https:\/\/roveyayinevi.com.tr\/index.php\/wp-json\/wp\/v2\/types\/product"}],"wp:attachment":[{"href":"https:\/\/roveyayinevi.com.tr\/index.php\/wp-json\/wp\/v2\/media?parent=727569"}],"wp:term":[{"taxonomy":"product_brand","embeddable":true,"href":"https:\/\/roveyayinevi.com.tr\/index.php\/wp-json\/wp\/v2\/product_brand?post=727569"},{"taxonomy":"product_cat","embeddable":true,"href":"https:\/\/roveyayinevi.com.tr\/index.php\/wp-json\/wp\/v2\/product_cat?post=727569"},{"taxonomy":"product_tag","embeddable":true,"href":"https:\/\/roveyayinevi.com.tr\/index.php\/wp-json\/wp\/v2\/product_tag?post=727569"}],"curies":[{"name":"wp","href":"https:\/\/api.w.org\/{rel}","templated":true}]}}