{"id":727568,"date":"2025-08-27T20:24:18","date_gmt":"2025-08-27T17:24:18","guid":{"rendered":"https:\/\/roveyayinevi.com.tr\/index.php\/urun\/doktor-dolittlein-seruveni\/"},"modified":"2026-04-16T02:35:21","modified_gmt":"2026-04-15T23:35:21","slug":"doktor-dolittlein-seruveni","status":"publish","type":"product","link":"https:\/\/roveyayinevi.com.tr\/index.php\/urun\/doktor-dolittlein-seruveni\/","title":{"rendered":"Doktor Dolittle\u2019\u0131n Ser\u00fcveni"},"content":{"rendered":"<p>Hugh John Lofting (14 Ocak 1886 &#8211; 26 Eyl\u00fcl 1947) \u00e7ocuk klasikleri aras\u0131nda yer alan Doctor Dolittle karakterini yaratan \u0130ngiliz yazard\u0131r. Lofting&#8217;in karakteri, Bat\u0131 \u00dclkesinde k\u00fc\u00e7\u00fck bir kasaba olan Puddleby-on-the-Marsh&#8217;ta hekim olan ve hayvanlarla konu\u015fabilen Doktor John Dolittle, ilk olarak I.D\u00fcnya Sava\u015f\u0131 s\u0131ras\u0131nda siperlerde \u00e7ocuklar\u0131 i\u00e7in yaz\u0131ld\u0131. Sava\u015fta ciddi \u015fekilde yaraland\u0131. Sava\u015f\u0131n anlams\u0131zl\u0131\u011f\u0131n\u0131, deh\u015feti deneyimlerken, cephede hayvanlar\u0131n \u00e7ekti\u011fi ac\u0131lara da tan\u0131k oldu. Doktor Dolittle karakteri hayvanlara ve hayvanlar\u0131n ya\u015fam\u0131na sayg\u0131y\u0131 \u00f6ne \u00e7\u0131karak hayvanlar \u00fczeriden \u00e7ocuklara seslendi. Hik\u00e2yeleri kendi \u00e7ocuklar\u0131 d\u00e2hil d\u00fcnyan\u0131n her yerinde \u00e7ocuklar taraf\u0131ndan okundu. <\/p>\n","protected":false},"excerpt":{"rendered":"<p>Hugh John Lofting (14 Ocak 1886 &#8211; 26 Eyl\u00fcl 1947) \u00e7ocuk klasikleri aras\u0131nda yer alan Doctor Dolittle karakterini yaratan \u0130ngiliz yazard\u0131r. Lofting&#8217;in karakteri, Bat\u0131 \u00dclkesinde k\u00fc\u00e7\u00fck<span class=\"excerpt-hellip\"> [\u2026]<\/span><\/p>\n","protected":false},"featured_media":0,"template":"","meta":{"_monsterinsights_skip_tracking":false,"_monsterinsights_sitenote_active":false,"_monsterinsights_sitenote_note":"","_monsterinsights_sitenote_category":0},"product_brand":[],"product_cat":[12274,12467],"product_tag":[],"class_list":{"0":"post-727568","1":"product","2":"type-product","3":"status-publish","5":"product_cat-cocuk-ve-genclik-kitaplari","6":"product_cat-dunya-klasikleri","7":"pa_cilt-ciltsiz","8":"pa_tur-kitap","9":"pa_yayinevi-mirhan-kitap","10":"pa_yazar-hugh-lofting","12":"first","13":"instock","14":"sale","15":"shipping-taxable","16":"purchasable","17":"product-type-simple"},"_links":{"self":[{"href":"https:\/\/roveyayinevi.com.tr\/index.php\/wp-json\/wp\/v2\/product\/727568","targetHints":{"allow":["GET"]}}],"collection":[{"href":"https:\/\/roveyayinevi.com.tr\/index.php\/wp-json\/wp\/v2\/product"}],"about":[{"href":"https:\/\/roveyayinevi.com.tr\/index.php\/wp-json\/wp\/v2\/types\/product"}],"wp:attachment":[{"href":"https:\/\/roveyayinevi.com.tr\/index.php\/wp-json\/wp\/v2\/media?parent=727568"}],"wp:term":[{"taxonomy":"product_brand","embeddable":true,"href":"https:\/\/roveyayinevi.com.tr\/index.php\/wp-json\/wp\/v2\/product_brand?post=727568"},{"taxonomy":"product_cat","embeddable":true,"href":"https:\/\/roveyayinevi.com.tr\/index.php\/wp-json\/wp\/v2\/product_cat?post=727568"},{"taxonomy":"product_tag","embeddable":true,"href":"https:\/\/roveyayinevi.com.tr\/index.php\/wp-json\/wp\/v2\/product_tag?post=727568"}],"curies":[{"name":"wp","href":"https:\/\/api.w.org\/{rel}","templated":true}]}}