{"id":727565,"date":"2025-08-27T20:24:14","date_gmt":"2025-08-27T17:24:14","guid":{"rendered":"https:\/\/roveyayinevi.com.tr\/index.php\/urun\/dusuncelerin-karantinasi\/"},"modified":"2026-04-16T02:35:21","modified_gmt":"2026-04-15T23:35:21","slug":"dusuncelerin-karantinasi","status":"publish","type":"product","link":"https:\/\/roveyayinevi.com.tr\/index.php\/urun\/dusuncelerin-karantinasi\/","title":{"rendered":"D\u00fc\u015f\u00fcncelerin Karantinas\u0131"},"content":{"rendered":"<p>Bu yaz\u0131lanlar, tarif etmek amac\u0131yla yaz\u0131lm\u0131yor ki, bir kan\u0131t sunmak i\u00e7in yaz\u0131l\u0131yor. Akl\u0131m\u0131n, ruhumun i\u00e7indekilerle ilgili bir kan\u0131t sunmak i\u00e7in. Evet, bir kan\u0131t niteli\u011finde t\u00fcm bu c\u00fcmleler. Belki de bir tutanak, ya da, tutunak. Evet, tutunak. Tutunak. Tutunacak bir dal de\u011fil, yanl\u0131\u015f anla\u015f\u0131lmas\u0131n, bir tutunak. Mert \u00c7ak\u0131rcal\u0131, edebiyata akl\u0131n\u0131n tutunaklar\u0131n\u0131 b\u0131rak\u0131yor. <\/p>\n","protected":false},"excerpt":{"rendered":"<p>Bu yaz\u0131lanlar, tarif etmek amac\u0131yla yaz\u0131lm\u0131yor ki, bir kan\u0131t sunmak i\u00e7in yaz\u0131l\u0131yor. Akl\u0131m\u0131n, ruhumun i\u00e7indekilerle ilgili bir kan\u0131t sunmak i\u00e7in. Evet, bir kan\u0131t niteli\u011finde t\u00fcm bu<span class=\"excerpt-hellip\"> [\u2026]<\/span><\/p>\n","protected":false},"featured_media":0,"template":"","meta":{"_monsterinsights_skip_tracking":false,"_monsterinsights_sitenote_active":false,"_monsterinsights_sitenote_note":"","_monsterinsights_sitenote_category":0},"product_brand":[],"product_cat":[18545,12291],"product_tag":[],"class_list":{"0":"post-727565","1":"product","2":"type-product","3":"status-publish","5":"product_cat-anlati","6":"product_cat-edebiyat","7":"pa_cilt-ciltsiz","8":"pa_tur-kitap","9":"pa_yayinevi-luna-yayinlari","10":"pa_yazar-mert-cakircali","12":"first","13":"instock","14":"sale","15":"shipping-taxable","16":"purchasable","17":"product-type-simple"},"_links":{"self":[{"href":"https:\/\/roveyayinevi.com.tr\/index.php\/wp-json\/wp\/v2\/product\/727565","targetHints":{"allow":["GET"]}}],"collection":[{"href":"https:\/\/roveyayinevi.com.tr\/index.php\/wp-json\/wp\/v2\/product"}],"about":[{"href":"https:\/\/roveyayinevi.com.tr\/index.php\/wp-json\/wp\/v2\/types\/product"}],"wp:attachment":[{"href":"https:\/\/roveyayinevi.com.tr\/index.php\/wp-json\/wp\/v2\/media?parent=727565"}],"wp:term":[{"taxonomy":"product_brand","embeddable":true,"href":"https:\/\/roveyayinevi.com.tr\/index.php\/wp-json\/wp\/v2\/product_brand?post=727565"},{"taxonomy":"product_cat","embeddable":true,"href":"https:\/\/roveyayinevi.com.tr\/index.php\/wp-json\/wp\/v2\/product_cat?post=727565"},{"taxonomy":"product_tag","embeddable":true,"href":"https:\/\/roveyayinevi.com.tr\/index.php\/wp-json\/wp\/v2\/product_tag?post=727565"}],"curies":[{"name":"wp","href":"https:\/\/api.w.org\/{rel}","templated":true}]}}