{"id":727564,"date":"2025-08-27T20:24:13","date_gmt":"2025-08-27T17:24:13","guid":{"rendered":"https:\/\/roveyayinevi.com.tr\/index.php\/urun\/mekansizlar\/"},"modified":"2026-04-16T02:35:21","modified_gmt":"2026-04-15T23:35:21","slug":"mekansizlar","status":"publish","type":"product","link":"https:\/\/roveyayinevi.com.tr\/index.php\/urun\/mekansizlar\/","title":{"rendered":"Mekans\u0131zlar"},"content":{"rendered":"<p>Bir k\u00f6y\u00fc talan etmi\u015fti veba salg\u0131n\u0131. Bu k\u00f6y\u00fc ve civar kasabalar\u0131 salg\u0131n\u0131n da etkisiyle k\u0131r\u0131p ge\u00e7irmi\u015fti. So\u011fuk bir k\u0131\u015f ise eti kemirir gibi cesetleri kemirmekteydi&#8230; Duvara yaslan\u0131p \u00e7\u00f6melmi\u015f, elleri bacaklar\u0131n\u0131n aras\u0131nda s\u0131zarak \u00f6len ya\u015fl\u0131 bir adam buna sadece bir \u00f6rnekti. Keza evlerin i\u00e7inde ve d\u0131\u015f\u0131nda sa\u011fa sola devrilmi\u015f meyyitler, bacalar\u0131ndan t\u00fctmeyen dumanlar ve bayku\u015flar\u0131n u\u011fuldamalar\u0131\u2026 Birka\u00e7 k\u00f6pe\u011fin ise cesetleri koklamalar\u0131 ve genizlerinden \u00e7\u0131kard\u0131klar\u0131 ac\u0131 iniltileri, sahipleri taraf\u0131ndan terk edildiklerinin de i\u015fareti idi. Sis yery\u00fcz\u00fcne \u00e7\u00f6km\u00fc\u015f, gecenin karanl\u0131\u011f\u0131 ve kader; \u00f6l\u00fcm yorgan\u0131n\u0131 sessizce \u00fczerlerine \u00f6rtm\u00fc\u015ft\u00fc. Fakat bu \u00f6l\u00fcm bir ki\u015fiyi es ge\u00e7mi\u015f ya da g\u00f6rmezden gelmi\u015fti. Mehmet Umut Uzun, \u00e7ok eski tarihlere dayanan Kabala hakk\u0131ndaki rivayetleri, fantastik bir \u015fekilde kurgulanan metafizik konulu roman\u0131nda hik\u00e2yelendirerek anlatmaktad\u0131r. Kara b\u00fcy\u00fcn\u00fcn oldu\u011fu bir \u00e7a\u011fdan bu zamana kadar geli\u015fen hadiseleri, okuyucu da d\u00e2hil ederek rivayetler \u00fczerine s\u00fcr\u00fckleyici bir ser\u00fcvene yolculuk yap\u0131lmas\u0131n\u0131 sa\u011flamaktad\u0131r. Film tad\u0131nda, keyifle okunabilecek bir roman&#8230; <\/p>\n","protected":false},"excerpt":{"rendered":"<p>Bir k\u00f6y\u00fc talan etmi\u015fti veba salg\u0131n\u0131. Bu k\u00f6y\u00fc ve civar kasabalar\u0131 salg\u0131n\u0131n da etkisiyle k\u0131r\u0131p ge\u00e7irmi\u015fti. So\u011fuk bir k\u0131\u015f ise eti kemirir gibi cesetleri kemirmekteydi&#8230; Duvara<span class=\"excerpt-hellip\"> [\u2026]<\/span><\/p>\n","protected":false},"featured_media":0,"template":"","meta":{"_monsterinsights_skip_tracking":false,"_monsterinsights_sitenote_active":false,"_monsterinsights_sitenote_note":"","_monsterinsights_sitenote_category":0},"product_brand":[],"product_cat":[12291,12711],"product_tag":[],"class_list":{"0":"post-727564","1":"product","2":"type-product","3":"status-publish","5":"product_cat-edebiyat","6":"product_cat-roman-oyku","7":"pa_cilt-ciltsiz","8":"pa_tur-kitap","9":"pa_yayinevi-luna-yayinlari","10":"pa_yazar-mehmet-umut-uzun","12":"first","13":"instock","14":"sale","15":"shipping-taxable","16":"purchasable","17":"product-type-simple"},"_links":{"self":[{"href":"https:\/\/roveyayinevi.com.tr\/index.php\/wp-json\/wp\/v2\/product\/727564","targetHints":{"allow":["GET"]}}],"collection":[{"href":"https:\/\/roveyayinevi.com.tr\/index.php\/wp-json\/wp\/v2\/product"}],"about":[{"href":"https:\/\/roveyayinevi.com.tr\/index.php\/wp-json\/wp\/v2\/types\/product"}],"wp:attachment":[{"href":"https:\/\/roveyayinevi.com.tr\/index.php\/wp-json\/wp\/v2\/media?parent=727564"}],"wp:term":[{"taxonomy":"product_brand","embeddable":true,"href":"https:\/\/roveyayinevi.com.tr\/index.php\/wp-json\/wp\/v2\/product_brand?post=727564"},{"taxonomy":"product_cat","embeddable":true,"href":"https:\/\/roveyayinevi.com.tr\/index.php\/wp-json\/wp\/v2\/product_cat?post=727564"},{"taxonomy":"product_tag","embeddable":true,"href":"https:\/\/roveyayinevi.com.tr\/index.php\/wp-json\/wp\/v2\/product_tag?post=727564"}],"curies":[{"name":"wp","href":"https:\/\/api.w.org\/{rel}","templated":true}]}}