{"id":727563,"date":"2025-08-27T20:24:12","date_gmt":"2025-08-27T17:24:12","guid":{"rendered":"https:\/\/roveyayinevi.com.tr\/index.php\/urun\/istanbulun-baliklari\/"},"modified":"2026-04-16T02:35:21","modified_gmt":"2026-04-15T23:35:21","slug":"istanbulun-baliklari","status":"publish","type":"product","link":"https:\/\/roveyayinevi.com.tr\/index.php\/urun\/istanbulun-baliklari\/","title":{"rendered":"\u0130stanbul\u2019un Bal\u0131klar\u0131"},"content":{"rendered":"<p>\u0130stanbul Bo\u011faz\u0131 y\u00fczy\u0131llard\u0131r binlerce masala ve hik\u00e2yeye ev sahipli\u011fi yapt\u0131. Denizi, ku\u015flar\u0131, bal\u0131klar\u0131 ve k\u0131y\u0131s\u0131nda ya\u015fayan sakinleri ona sevdayla ba\u011fland\u0131. G\u00fcn geldi korsanlar bast\u0131, g\u00fcn geldi f\u0131rt\u0131nalar yakt\u0131 y\u0131kt\u0131. Bo\u011fazda meltemin esti\u011fi, mart\u0131lar\u0131n u\u00e7u\u015ftu\u011fu, bal\u0131k\u00e7\u0131lar\u0131n ko\u015fturdu\u011fu yine s\u0131radan bir g\u00fcn. Fakat o da ne? Yolunda gitmeyen bir \u015feyler var. Bir gemi kaza yapm\u0131\u015f! Gemideki b\u00fct\u00fcn \u00e7\u00f6p denize sa\u00e7\u0131l\u0131yor. Bo\u011faz\u0131n bal\u0131klar\u0131 \u015fa\u015fk\u0131n ve \u00e7aresiz. Derken levre\u011fin akl\u0131na insanlarla i\u015fbirli\u011fi yapma fikri geliyor ve macera ba\u015fl\u0131yor! Bal\u0131klar ve insanlar el ele verip bo\u011faz\u0131 \u00e7\u00f6pten kurtarabilecek mi? Bo\u011faz\u0131n masmavi sular\u0131 Karadeniz&#8217;den Marmara&#8217;ya \u00f6zg\u00fcrce akabilecek mi? <\/p>\n","protected":false},"excerpt":{"rendered":"<p>\u0130stanbul Bo\u011faz\u0131 y\u00fczy\u0131llard\u0131r binlerce masala ve hik\u00e2yeye ev sahipli\u011fi yapt\u0131. Denizi, ku\u015flar\u0131, bal\u0131klar\u0131 ve k\u0131y\u0131s\u0131nda ya\u015fayan sakinleri ona sevdayla ba\u011fland\u0131. G\u00fcn geldi korsanlar bast\u0131, g\u00fcn geldi<span class=\"excerpt-hellip\"> [\u2026]<\/span><\/p>\n","protected":false},"featured_media":0,"template":"","meta":{"_monsterinsights_skip_tracking":false,"_monsterinsights_sitenote_active":false,"_monsterinsights_sitenote_note":"","_monsterinsights_sitenote_category":0},"product_brand":[],"product_cat":[12913,12274],"product_tag":[],"class_list":{"0":"post-727563","1":"product","2":"type-product","3":"status-publish","5":"product_cat-3-6-yas-kitaplari","6":"product_cat-cocuk-ve-genclik-kitaplari","7":"pa_cilt-ciltsiz","8":"pa_tur-kitap","9":"pa_yayinevi-yeni-insan-yayinlari","10":"pa_yazar-meltem-ulu","12":"first","13":"instock","14":"sale","15":"shipping-taxable","16":"purchasable","17":"product-type-simple"},"_links":{"self":[{"href":"https:\/\/roveyayinevi.com.tr\/index.php\/wp-json\/wp\/v2\/product\/727563","targetHints":{"allow":["GET"]}}],"collection":[{"href":"https:\/\/roveyayinevi.com.tr\/index.php\/wp-json\/wp\/v2\/product"}],"about":[{"href":"https:\/\/roveyayinevi.com.tr\/index.php\/wp-json\/wp\/v2\/types\/product"}],"wp:attachment":[{"href":"https:\/\/roveyayinevi.com.tr\/index.php\/wp-json\/wp\/v2\/media?parent=727563"}],"wp:term":[{"taxonomy":"product_brand","embeddable":true,"href":"https:\/\/roveyayinevi.com.tr\/index.php\/wp-json\/wp\/v2\/product_brand?post=727563"},{"taxonomy":"product_cat","embeddable":true,"href":"https:\/\/roveyayinevi.com.tr\/index.php\/wp-json\/wp\/v2\/product_cat?post=727563"},{"taxonomy":"product_tag","embeddable":true,"href":"https:\/\/roveyayinevi.com.tr\/index.php\/wp-json\/wp\/v2\/product_tag?post=727563"}],"curies":[{"name":"wp","href":"https:\/\/api.w.org\/{rel}","templated":true}]}}