{"id":727562,"date":"2025-08-27T20:24:11","date_gmt":"2025-08-27T17:24:11","guid":{"rendered":"https:\/\/roveyayinevi.com.tr\/index.php\/urun\/kulturel-degerlere-duyarli-egitim\/"},"modified":"2026-04-16T02:35:21","modified_gmt":"2026-04-15T23:35:21","slug":"kulturel-degerlere-duyarli-egitim","status":"publish","type":"product","link":"https:\/\/roveyayinevi.com.tr\/index.php\/urun\/kulturel-degerlere-duyarli-egitim\/","title":{"rendered":"K\u00fclt\u00fcrel De\u011ferlere Duyarl\u0131 E\u011fitim"},"content":{"rendered":"<p>G\u00fcn\u00fcm\u00fczde \u00e7okk\u00fclt\u00fcrl\u00fc yap\u0131lar\u0131n daha belirgin hale gelmesi e\u011fitimin de \u00e7okk\u00fclt\u00fcrl\u00fc bir yap\u0131ya sahip olmas\u0131n\u0131 gerekli k\u0131lm\u0131\u015ft\u0131r. E\u011fitimde \u00e7okk\u00fclt\u00fcrl\u00fcl\u00fck denince ilk akla gelen g\u00f6\u00e7men \u00f6\u011frenciler olsa da her \u00f6\u011frencinin birbirinden ba\u011f\u0131ms\u0131z bir k\u00fclt\u00fcre sahip oldu\u011funu d\u00fc\u015f\u00fcn\u00fcrsek asl\u0131nda e\u011fitimde her zaman \u00e7okk\u00fclt\u00fcrl\u00fc bir yap\u0131 oldu\u011funu s\u00f6ylemek m\u00fcmk\u00fcnd\u00fcr. \u015e\u00f6yleki; ayn\u0131 mahallede b\u00fcy\u00fcyen \u00e7ocuklar bile ailelerinden ald\u0131klar\u0131 k\u00fclt\u00fcrel kodlarla birbirinden farkl\u0131l\u0131k g\u00f6stermektedir. Bu noktada \u00e7okk\u00fclt\u00fcrl\u00fc yap\u0131 makro d\u00fczeyde farkl\u0131 \u00fclkeden gelen \u00f6\u011frencileri ifade ederken mikro d\u00fczeyde asl\u0131nda t\u00fcm \u00f6\u011frencilerin birbirinden farkl\u0131 oldu\u011fu g\u00f6r\u00fc\u015f\u00fcne dayanan bir anlay\u0131\u015f\u0131 ifade eder. K\u00fclt\u00fcrel fark\u0131ndal\u0131k bireyin kendisine; \u201cBen kimim?\u201d, \u201cSahip oldu\u011fum d\u00fc\u015f\u00fcnce yap\u0131s\u0131n\u0131n olu\u015fmas\u0131nda ge\u00e7mi\u015fim nas\u0131l bir role sahip?\u201d, \u201cFarkl\u0131 bir yerde do\u011fup b\u00fcy\u00fcseydim, yine ayn\u0131 d\u00fc\u015f\u00fcncelere sahip olur muydum?\u201d sorgulamas\u0131yla ba\u015flamaktad\u0131r. E\u011fitimde k\u00fclt\u00fcrel de\u011ferlerin fark\u0131na varmak, k\u00fclt\u00fcrel de\u011ferlere duyarl\u0131 olmak ve e\u011fitim sistemi i\u00e7inde k\u00fclt\u00fcrel de\u011ferlerin nas\u0131l kullan\u0131laca\u011f\u0131n\u0131 bilmek \u00f6nem ta\u015f\u0131maktad\u0131r. K\u00fclt\u00fcrel de\u011ferlere duyarl\u0131 e\u011fitim, yeni bilginin kazan\u0131m\u0131n\u0131n k\u00fclt\u00fcr arac\u0131l\u0131\u011f\u0131 ile \u015fekillendi\u011finin fark\u0131nda olarak, akademik ve sosyal olarak \u00f6\u011frencileri geli\u015ftirmek i\u00e7in k\u00fclt\u00fcrel farkl\u0131l\u0131klar\u0131 zenginlik olarak g\u00f6ren bir yakla\u015f\u0131md\u0131r. Okula gelen her \u00f6\u011frenci, bireysel olarak farkl\u0131 bir k\u00fclt\u00fcre sahiptir ve bu farkl\u0131l\u0131klar\u0131n e\u011fitim ortam\u0131na yans\u0131mas\u0131 k\u00fclt\u00fcrel de\u011ferlere duyarl\u0131 e\u011fitim ihtiyac\u0131n\u0131 ortaya \u00e7\u0131karmaktad\u0131r. Bu ihtiya\u00e7tan ortaya \u00e7\u0131kan bu kitapta, \u00f6ncelikle k\u00fclt\u00fcrel \u00e7e\u015fitlilik, g\u00f6\u00e7 ve sosyal adalet kavramlar\u0131 ve bu kavramlar\u0131n e\u011fitime etkisi incelenmi\u015ftir. Daha sonra k\u00fclt\u00fcrel de\u011ferlere duyarl\u0131 e\u011fitimin felsefesi ve yasal dayanaklar\u0131 ele al\u0131nm\u0131\u015f ve buradan hareketle k\u00fclt\u00fcrel de\u011ferlere duyarl\u0131 okul y\u00f6neticisi, \u00f6\u011fretmen ve s\u0131n\u0131f y\u00f6netiminin nas\u0131l olmas\u0131 gerekti\u011fi tart\u0131\u015f\u0131lm\u0131\u015ft\u0131r. Son olarak t\u00fcm anlat\u0131lanlar\u0131n \u00f6zeti niteli\u011finde k\u00fclt\u00fcrel de\u011ferlere duyarl\u0131 e\u011fitim ve bu e\u011fitime ili\u015fkin uygulama ders \u00f6rneklerine yer verilmi\u015ftir. Ayr\u0131ca her b\u00f6l\u00fcmde b\u00f6l\u00fcm yazarlar\u0131n\u0131n konuyla ilgili olarak ya\u015fad\u0131\u011f\u0131 ya da tan\u0131k oldu\u011fu \u00f6rnek olaylar yer almaktad\u0131r. <\/p>\n","protected":false},"excerpt":{"rendered":"<p>G\u00fcn\u00fcm\u00fczde \u00e7okk\u00fclt\u00fcrl\u00fc yap\u0131lar\u0131n daha belirgin hale gelmesi e\u011fitimin de \u00e7okk\u00fclt\u00fcrl\u00fc bir yap\u0131ya sahip olmas\u0131n\u0131 gerekli k\u0131lm\u0131\u015ft\u0131r. E\u011fitimde \u00e7okk\u00fclt\u00fcrl\u00fcl\u00fck denince ilk akla gelen g\u00f6\u00e7men \u00f6\u011frenciler olsa da<span class=\"excerpt-hellip\"> [\u2026]<\/span><\/p>\n","protected":false},"featured_media":0,"template":"","meta":{"_monsterinsights_skip_tracking":false,"_monsterinsights_sitenote_active":false,"_monsterinsights_sitenote_note":"","_monsterinsights_sitenote_category":0},"product_brand":[],"product_cat":[15563,24020],"product_tag":[],"class_list":{"0":"post-727562","1":"product","2":"type-product","3":"status-publish","5":"product_cat-hobi","6":"product_cat-kultur","7":"pa_cilt-ciltsiz","8":"pa_tur-kitap","9":"pa_yayinevi-ani-yayincilik","10":"pa_yazar-ani-yayincilik-kolektif","12":"first","13":"instock","14":"sale","15":"shipping-taxable","16":"purchasable","17":"product-type-simple"},"_links":{"self":[{"href":"https:\/\/roveyayinevi.com.tr\/index.php\/wp-json\/wp\/v2\/product\/727562","targetHints":{"allow":["GET"]}}],"collection":[{"href":"https:\/\/roveyayinevi.com.tr\/index.php\/wp-json\/wp\/v2\/product"}],"about":[{"href":"https:\/\/roveyayinevi.com.tr\/index.php\/wp-json\/wp\/v2\/types\/product"}],"wp:attachment":[{"href":"https:\/\/roveyayinevi.com.tr\/index.php\/wp-json\/wp\/v2\/media?parent=727562"}],"wp:term":[{"taxonomy":"product_brand","embeddable":true,"href":"https:\/\/roveyayinevi.com.tr\/index.php\/wp-json\/wp\/v2\/product_brand?post=727562"},{"taxonomy":"product_cat","embeddable":true,"href":"https:\/\/roveyayinevi.com.tr\/index.php\/wp-json\/wp\/v2\/product_cat?post=727562"},{"taxonomy":"product_tag","embeddable":true,"href":"https:\/\/roveyayinevi.com.tr\/index.php\/wp-json\/wp\/v2\/product_tag?post=727562"}],"curies":[{"name":"wp","href":"https:\/\/api.w.org\/{rel}","templated":true}]}}