{"id":727558,"date":"2025-08-27T20:24:08","date_gmt":"2025-08-27T17:24:08","guid":{"rendered":"https:\/\/roveyayinevi.com.tr\/index.php\/urun\/dahice-hatalar\/"},"modified":"2026-04-16T02:35:21","modified_gmt":"2026-04-15T23:35:21","slug":"dahice-hatalar","status":"publish","type":"product","link":"https:\/\/roveyayinevi.com.tr\/index.php\/urun\/dahice-hatalar\/","title":{"rendered":"Dahice Hatalar"},"content":{"rendered":"<p>HERKES HATA YAPAR! TAR\u0130HE DAMGASINI VURMU\u015e EN B\u00dcY\u00dcK D\u00c2H\u0130LER B\u0130LE! Charles Darwin, William Thomson (nam\u0131 di\u011fer Lord Kelvin), Linus Pauling, Fred Hoyle ve Albert Einstein\u2026 Bu isimlerin hepsi bilime inan\u0131lmaz katk\u0131larda bulun-mu\u015f, fikirleriyle bilim tarihinde adeta devrim yaratm\u0131\u015ft\u0131. Fakat onlar bile hatadan muaf de\u011fildi ve hepsi de bir d\u00f6nem fena \u00e7uvallam\u0131\u015ft\u0131. Darwin ya\u015fad\u0131\u011f\u0131 d\u00f6nemin h\u00e2kim g\u00f6r\u00fc\u015flerine yenik d\u00fc\u015ferek Do\u011fal Se\u00e7ilim teorisini y\u00fcz\u00fcne g\u00f6z\u00fcne bula\u015ft\u0131rm\u0131\u015ft\u0131. Muhte\u015fem Lord Kelvin D\u00fcnya&#8217;n\u0131n ya\u015f\u0131n\u0131 yanl\u0131\u015f hesaplam\u0131\u015ft\u0131. 20. y\u00fczy\u0131l\u0131n en \u00f6nemli kimyagerlerinden, iki Nobel \u00f6d\u00fcll\u00fc Linus Pauling rakiplerini alt etme tela\u015f\u0131na yenik d\u00fc\u015fm\u00fc\u015f ve DNA i\u00e7in hatal\u0131 bir model geli\u015ftirmi\u015fti. Astrofizik\u00e7i Fred Hoyle, B\u00fcy\u00fck Patlama teorisinin isim babas\u0131 olmas\u0131na ra\u011fmen, evrene b\u00f6yle bir ba\u015flang\u0131c\u0131 yak\u0131\u015ft\u0131ramam\u0131\u015ft\u0131! Ve &#8220;deha&#8221; dendi\u011finde ilk akla gelen isim Albert Einstein, evreni dengede tutan g\u00fc\u00e7ler hakk\u0131nda yanl\u0131\u015f bir g\u00f6r\u00fc\u015f ileri s\u00fcrm\u00fc\u015ft\u00fc. Sonu\u00e7 olarak, bu be\u015f bilim insan\u0131 hatalar\u0131na ra\u011fmen ve belki de o hatalar sayesinde, evrene bak\u0131\u015f a\u00e7\u0131m\u0131z\u0131 de\u011fi\u015f-tirmi\u015fti. Mario Livio&#8217;nun bu kitapta ola\u011fan\u00fcst\u00fc bir ber-rakl\u0131kla a\u00e7\u0131klad\u0131\u011f\u0131 gibi, hatalar bilimsel geli\u015fme i\u00e7in vazge\u00e7ilmezdi! <\/p>\n","protected":false},"excerpt":{"rendered":"<p>HERKES HATA YAPAR! TAR\u0130HE DAMGASINI VURMU\u015e EN B\u00dcY\u00dcK D\u00c2H\u0130LER B\u0130LE! Charles Darwin, William Thomson (nam\u0131 di\u011fer Lord Kelvin), Linus Pauling, Fred Hoyle ve Albert Einstein\u2026 Bu<span class=\"excerpt-hellip\"> [\u2026]<\/span><\/p>\n","protected":false},"featured_media":0,"template":"","meta":{"_monsterinsights_skip_tracking":false,"_monsterinsights_sitenote_active":false,"_monsterinsights_sitenote_note":"","_monsterinsights_sitenote_category":0},"product_brand":[],"product_cat":[13005,15998],"product_tag":[],"class_list":{"0":"post-727558","1":"product","2":"type-product","3":"status-publish","5":"product_cat-bilim-muhendislik","6":"product_cat-bilim-tarihi","7":"pa_cilt-ciltsiz","8":"pa_tur-kitap","9":"pa_yayinevi-altin-kitaplar","10":"pa_yazar-mario-livio","12":"first","13":"instock","14":"sale","15":"shipping-taxable","16":"purchasable","17":"product-type-simple"},"_links":{"self":[{"href":"https:\/\/roveyayinevi.com.tr\/index.php\/wp-json\/wp\/v2\/product\/727558","targetHints":{"allow":["GET"]}}],"collection":[{"href":"https:\/\/roveyayinevi.com.tr\/index.php\/wp-json\/wp\/v2\/product"}],"about":[{"href":"https:\/\/roveyayinevi.com.tr\/index.php\/wp-json\/wp\/v2\/types\/product"}],"wp:attachment":[{"href":"https:\/\/roveyayinevi.com.tr\/index.php\/wp-json\/wp\/v2\/media?parent=727558"}],"wp:term":[{"taxonomy":"product_brand","embeddable":true,"href":"https:\/\/roveyayinevi.com.tr\/index.php\/wp-json\/wp\/v2\/product_brand?post=727558"},{"taxonomy":"product_cat","embeddable":true,"href":"https:\/\/roveyayinevi.com.tr\/index.php\/wp-json\/wp\/v2\/product_cat?post=727558"},{"taxonomy":"product_tag","embeddable":true,"href":"https:\/\/roveyayinevi.com.tr\/index.php\/wp-json\/wp\/v2\/product_tag?post=727558"}],"curies":[{"name":"wp","href":"https:\/\/api.w.org\/{rel}","templated":true}]}}