{"id":727557,"date":"2025-08-27T20:24:07","date_gmt":"2025-08-27T17:24:07","guid":{"rendered":"https:\/\/roveyayinevi.com.tr\/index.php\/urun\/hitit-kralinin-laneti\/"},"modified":"2026-04-16T02:35:21","modified_gmt":"2026-04-15T23:35:21","slug":"hitit-kralinin-laneti","status":"publish","type":"product","link":"https:\/\/roveyayinevi.com.tr\/index.php\/urun\/hitit-kralinin-laneti\/","title":{"rendered":"Hitit Kral\u0131n\u0131n Laneti"},"content":{"rendered":"<p>&#8230;Efsaneye g\u00f6re kral halk\u0131na zul\u00fcm eder. Bir g\u00fcn, bir karde\u015fi halk\u0131n yard\u0131m\u0131 ile kral\u0131 devirir. Kral\u0131n karde\u015fi, kral\u0131 ve ailesini \u00f6ld\u00fcr\u00fcp ayr\u0131 ayr\u0131 yerlere g\u00f6mer. Onlarla birlikte b\u00fcy\u00fck bir hazine g\u00f6mer ki bu olay\u0131n dilden dile bir ibret olarak dola\u015fmas\u0131n\u0131 ister&#8230; Halil biraz sanki soluklanmak istedi. Hicran ise \u015fa\u015fk\u0131nd\u0131. Kar\u015f\u0131s\u0131ndaki arkeolog kendince mi uydurmu\u015ftu bu anlatt\u0131\u011f\u0131 hik\u00e2ye gibi \u015feyi acaba diye i\u00e7inden ge\u00e7irmiyor da de\u011fildi ama ne olursa olsun hik\u00e2ye ona etkileyici gelmi\u015fti. Hatta devam\u0131n\u0131 da merakla bekliyordu. Halil anlats\u0131n diye belki de yok art\u0131k anlam\u0131nda ba\u015f\u0131n\u0131 sallad\u0131. Halil devam etti&#8230; <\/p>\n","protected":false},"excerpt":{"rendered":"<p>&#8230;Efsaneye g\u00f6re kral halk\u0131na zul\u00fcm eder. Bir g\u00fcn, bir karde\u015fi halk\u0131n yard\u0131m\u0131 ile kral\u0131 devirir. Kral\u0131n karde\u015fi, kral\u0131 ve ailesini \u00f6ld\u00fcr\u00fcp ayr\u0131 ayr\u0131 yerlere g\u00f6mer. Onlarla<span class=\"excerpt-hellip\"> [\u2026]<\/span><\/p>\n","protected":false},"featured_media":0,"template":"","meta":{"_monsterinsights_skip_tracking":false,"_monsterinsights_sitenote_active":false,"_monsterinsights_sitenote_note":"","_monsterinsights_sitenote_category":0},"product_brand":[],"product_cat":[12291,12711],"product_tag":[],"class_list":{"0":"post-727557","1":"product","2":"type-product","3":"status-publish","5":"product_cat-edebiyat","6":"product_cat-roman-oyku","7":"pa_cilt-ciltsiz","8":"pa_tur-kitap","9":"pa_yayinevi-gulnar-yayinlari","10":"pa_yazar-hasan-dogan","12":"first","13":"instock","14":"sale","15":"shipping-taxable","16":"purchasable","17":"product-type-simple"},"_links":{"self":[{"href":"https:\/\/roveyayinevi.com.tr\/index.php\/wp-json\/wp\/v2\/product\/727557","targetHints":{"allow":["GET"]}}],"collection":[{"href":"https:\/\/roveyayinevi.com.tr\/index.php\/wp-json\/wp\/v2\/product"}],"about":[{"href":"https:\/\/roveyayinevi.com.tr\/index.php\/wp-json\/wp\/v2\/types\/product"}],"wp:attachment":[{"href":"https:\/\/roveyayinevi.com.tr\/index.php\/wp-json\/wp\/v2\/media?parent=727557"}],"wp:term":[{"taxonomy":"product_brand","embeddable":true,"href":"https:\/\/roveyayinevi.com.tr\/index.php\/wp-json\/wp\/v2\/product_brand?post=727557"},{"taxonomy":"product_cat","embeddable":true,"href":"https:\/\/roveyayinevi.com.tr\/index.php\/wp-json\/wp\/v2\/product_cat?post=727557"},{"taxonomy":"product_tag","embeddable":true,"href":"https:\/\/roveyayinevi.com.tr\/index.php\/wp-json\/wp\/v2\/product_tag?post=727557"}],"curies":[{"name":"wp","href":"https:\/\/api.w.org\/{rel}","templated":true}]}}