{"id":727554,"date":"2025-08-27T20:24:04","date_gmt":"2025-08-27T17:24:04","guid":{"rendered":"https:\/\/roveyayinevi.com.tr\/index.php\/urun\/siyasetin-ve-uluslararasi-iliskilerin-temel-kavramlari\/"},"modified":"2026-04-16T02:35:21","modified_gmt":"2026-04-15T23:35:21","slug":"siyasetin-ve-uluslararasi-iliskilerin-temel-kavramlari","status":"publish","type":"product","link":"https:\/\/roveyayinevi.com.tr\/index.php\/urun\/siyasetin-ve-uluslararasi-iliskilerin-temel-kavramlari\/","title":{"rendered":"Siyasetin ve Uluslararas\u0131 \u0130li\u015fkilerin Temel Kavramlar\u0131"},"content":{"rendered":"<p>Kavramlar\u0131n siyaset bilimi ve uluslararas\u0131 ili\u015fkiler \u00f6\u011frencileri i\u00e7in \u00f6zel \u00f6nemi vard\u0131r. Siyas\u00ee arg\u00fcmanlar \u00e7o\u011funlukla kavramlar\u0131n ge\u00e7erli anlamlar\u0131 \u00fczerine bir m\u00fccadeleye indirgenir ve her biri \u2018\u00f6zg\u00fcrl\u00fck m\u00fcdafisi\u2019, \u2018demokrasi taraftar\u0131\u2019 ve \u2018adalet savunucusu\u2019 oldu\u011funu iddia eden kar\u015f\u0131t taraflar tart\u0131\u015fabilir, kavga edebilir ve hatta sava\u015fabilirler. Sorun \u015fudur ki \u2018\u00f6zg\u00fcrl\u00fck\u2019, \u2018demokrasi\u2019 ve \u2018adalet\u2019 gibi kelimeler farkl\u0131 insanlara \u00f6yle farkl\u0131 \u015feyler ifade eder ki kavramlar\u0131n kendisi sorunlu gibi g\u00f6z\u00fck\u00fcr. \u0130lk edisyonu Siyasetin Temel Kavramlar\u0131 ismiyle yay\u0131nlanan bu kitap siyas\u00ee analizlerde kar\u015f\u0131la\u015f\u0131lan \u00f6nemli kavramlara n\u00fcfuz etmek i\u00e7in kolay anla\u015f\u0131l\u0131r ve geni\u015f kapsaml\u0131 bir rehberdir. Her kavram enine boyuna ve sarih \u015fekilde incelenmi\u015ftir ve siyas\u00ee arg\u00fcmanlar ve \u00e7al\u0131\u015fmalar i\u00e7in \u00f6nemleri tart\u0131\u015f\u0131lm\u0131\u015ft\u0131r. Kitab\u0131n i\u00e7eri\u011fi g\u00fcncellenmi\u015f ve k\u00fcreselle\u015fmenin siyaset \u00fczerindeki artan etkileri de g\u00f6z \u00f6n\u00fcnde bulundurularak 70 kavram daha eklenmi\u015ftir. Canl\u0131 ve rahat okunur anlat\u0131m tarz\u0131 ve okur dostu yakla\u015f\u0131m\u0131yla me\u015fhur olan kitab\u0131n bu ikinci edisyonu siyaset ve uluslararas\u0131 ili\u015fkiler \u00e7al\u0131\u015fmalar\u0131n\u0131n vazge\u00e7ilmez bir yol arkada\u015f\u0131d\u0131r. <\/p>\n","protected":false},"excerpt":{"rendered":"<p>Kavramlar\u0131n siyaset bilimi ve uluslararas\u0131 ili\u015fkiler \u00f6\u011frencileri i\u00e7in \u00f6zel \u00f6nemi vard\u0131r. Siyas\u00ee arg\u00fcmanlar \u00e7o\u011funlukla kavramlar\u0131n ge\u00e7erli anlamlar\u0131 \u00fczerine bir m\u00fccadeleye indirgenir ve her biri \u2018\u00f6zg\u00fcrl\u00fck m\u00fcdafisi\u2019,<span class=\"excerpt-hellip\"> [\u2026]<\/span><\/p>\n","protected":false},"featured_media":0,"template":"","meta":{"_monsterinsights_skip_tracking":false,"_monsterinsights_sitenote_active":false,"_monsterinsights_sitenote_note":"","_monsterinsights_sitenote_category":0},"product_brand":[],"product_cat":[12337,17225],"product_tag":[],"class_list":{"0":"post-727554","1":"product","2":"type-product","3":"status-publish","5":"product_cat-politika-siyaset","6":"product_cat-uluslararasi-iliskiler","7":"pa_cilt-ciltsiz","8":"pa_tur-kitap","9":"pa_yayinevi-felix-kitap","10":"pa_yazar-andrew-heywood","12":"first","13":"instock","14":"sale","15":"shipping-taxable","16":"purchasable","17":"product-type-simple"},"_links":{"self":[{"href":"https:\/\/roveyayinevi.com.tr\/index.php\/wp-json\/wp\/v2\/product\/727554","targetHints":{"allow":["GET"]}}],"collection":[{"href":"https:\/\/roveyayinevi.com.tr\/index.php\/wp-json\/wp\/v2\/product"}],"about":[{"href":"https:\/\/roveyayinevi.com.tr\/index.php\/wp-json\/wp\/v2\/types\/product"}],"wp:attachment":[{"href":"https:\/\/roveyayinevi.com.tr\/index.php\/wp-json\/wp\/v2\/media?parent=727554"}],"wp:term":[{"taxonomy":"product_brand","embeddable":true,"href":"https:\/\/roveyayinevi.com.tr\/index.php\/wp-json\/wp\/v2\/product_brand?post=727554"},{"taxonomy":"product_cat","embeddable":true,"href":"https:\/\/roveyayinevi.com.tr\/index.php\/wp-json\/wp\/v2\/product_cat?post=727554"},{"taxonomy":"product_tag","embeddable":true,"href":"https:\/\/roveyayinevi.com.tr\/index.php\/wp-json\/wp\/v2\/product_tag?post=727554"}],"curies":[{"name":"wp","href":"https:\/\/api.w.org\/{rel}","templated":true}]}}