{"id":727553,"date":"2025-08-27T20:24:03","date_gmt":"2025-08-27T17:24:03","guid":{"rendered":"https:\/\/roveyayinevi.com.tr\/index.php\/urun\/istemenin-esrari\/"},"modified":"2026-04-16T02:35:21","modified_gmt":"2026-04-15T23:35:21","slug":"istemenin-esrari","status":"publish","type":"product","link":"https:\/\/roveyayinevi.com.tr\/index.php\/urun\/istemenin-esrari\/","title":{"rendered":"\u0130stemenin Esrar\u0131"},"content":{"rendered":"<p>\u0130steklerimizin Y\u00fcce Yaradan nezdinde kabul ve ret sebeplerini a\u00e7\u0131kl\u0131yor \u0130stemenin Esrar\u0131&#8230; Dualar\u0131n etkisine dair pusula ilkeleri ortaya koyuyor.   Dua nas\u0131l makbul olur? Yetenek veya ihtiya\u00e7 diliyle, \u00e7\u0131lg\u0131nca, bilin\u00e7li, d\u00fczenli ve evrensel anlat\u0131mlarla dua nas\u0131l g\u00fc\u00e7lenir? Meleklerle yard\u0131mla\u015fmak, ilahi isimlere dayanmak, g\u0131yabi dua dayanmak, g\u0131yabi dua deste\u011fi almak i\u00e7in neler yap\u0131labilir?  \u015e\u00fck\u00fcrs\u00fczl\u00fck, y\u0131lg\u0131nl\u0131k, hayalcilik, haset, zul\u00fcm, s\u00f6z ta\u015f\u0131mak, \u015firk, sorumsuzluk, Yaradan\u2019a g\u00fcvensizlik, sab\u0131rs\u0131zl\u0131k ve hikmetsizlik duay\u0131 nas\u0131l bozar?   Bir \u00e7i\u00e7ek tohumu hal diliyle Y\u00fcce Yaradan\u2019dan yard\u0131m diler de g\u00f6kten g\u00f6nderilen bir r\u00fczg\u00e2r onu vadilere g\u00f6t\u00fcr\u00fcp topra\u011fa diker. Makbul dua, ar\u015ftan yeti\u015fip kalbimizi kanatland\u0131racak b\u00f6ylesi bir ilahi rahmet r\u00fczg\u00e2r\u0131 \u00e7a\u011fr\u0131s\u0131d\u0131r. G\u00f6zya\u015flar\u0131 e\u015fli\u011finde ar\u015f\u0131 titreten samimi bir yakar\u0131\u015fa kar\u015f\u0131l\u0131k, Y\u00fcce Yaradan adeta k\u00e2inat\u0131 seferber eder. Baz\u0131 b\u00fcy\u00fck dualar insanl\u0131k tarihinin de\u011fi\u015fmesine vesile olmu\u015ftur.   Okuyucular \u015f\u00f6yle yazd\u0131: \u201cDefalarca okumak ve okumak istiyorum.\u201d \u201cKitab\u0131n\u0131z\u0131 okurken ne can\u0131mda can, ne el ve ayaklar\u0131mda derman kald\u0131.\u201d \u201cBu kitab\u0131 okuyunca kalbim manevi bir havayla doldu ta\u015ft\u0131.\u201d \u201cAncak bu kadar g\u00fczel bir anlat\u0131m olur.\u201d<\/p>\n","protected":false},"excerpt":{"rendered":"<p>\u0130steklerimizin Y\u00fcce Yaradan nezdinde kabul ve ret sebeplerini a\u00e7\u0131kl\u0131yor \u0130stemenin Esrar\u0131&#8230; Dualar\u0131n etkisine dair pusula ilkeleri ortaya koyuyor. Dua nas\u0131l makbul olur? Yetenek veya ihtiya\u00e7 diliyle,<span class=\"excerpt-hellip\"> [\u2026]<\/span><\/p>\n","protected":false},"featured_media":0,"template":"","meta":{"_monsterinsights_skip_tracking":false,"_monsterinsights_sitenote_active":false,"_monsterinsights_sitenote_note":"","_monsterinsights_sitenote_category":0},"product_brand":[],"product_cat":[16789,12718,12719],"product_tag":[],"class_list":{"0":"post-727553","1":"product","2":"type-product","3":"status-publish","5":"product_cat-diger-islam","6":"product_cat-din","7":"product_cat-islam","8":"pa_cilt-ciltsiz","9":"pa_tur-kitap","10":"pa_yayinevi-pozitif-yayinlari","11":"pa_yazar-muhammed-bozdag","13":"first","14":"instock","15":"sale","16":"shipping-taxable","17":"purchasable","18":"product-type-simple"},"_links":{"self":[{"href":"https:\/\/roveyayinevi.com.tr\/index.php\/wp-json\/wp\/v2\/product\/727553","targetHints":{"allow":["GET"]}}],"collection":[{"href":"https:\/\/roveyayinevi.com.tr\/index.php\/wp-json\/wp\/v2\/product"}],"about":[{"href":"https:\/\/roveyayinevi.com.tr\/index.php\/wp-json\/wp\/v2\/types\/product"}],"wp:attachment":[{"href":"https:\/\/roveyayinevi.com.tr\/index.php\/wp-json\/wp\/v2\/media?parent=727553"}],"wp:term":[{"taxonomy":"product_brand","embeddable":true,"href":"https:\/\/roveyayinevi.com.tr\/index.php\/wp-json\/wp\/v2\/product_brand?post=727553"},{"taxonomy":"product_cat","embeddable":true,"href":"https:\/\/roveyayinevi.com.tr\/index.php\/wp-json\/wp\/v2\/product_cat?post=727553"},{"taxonomy":"product_tag","embeddable":true,"href":"https:\/\/roveyayinevi.com.tr\/index.php\/wp-json\/wp\/v2\/product_tag?post=727553"}],"curies":[{"name":"wp","href":"https:\/\/api.w.org\/{rel}","templated":true}]}}