{"id":727552,"date":"2025-08-27T20:24:03","date_gmt":"2025-08-27T17:24:03","guid":{"rendered":"https:\/\/roveyayinevi.com.tr\/index.php\/urun\/taymis-kiyilari\/"},"modified":"2026-04-16T02:35:21","modified_gmt":"2026-04-15T23:35:21","slug":"taymis-kiyilari","status":"publish","type":"product","link":"https:\/\/roveyayinevi.com.tr\/index.php\/urun\/taymis-kiyilari\/","title":{"rendered":"Taymis K\u0131y\u0131lar\u0131"},"content":{"rendered":"<p>\u201cTaymis K\u0131y\u0131lar\u0131\u201d, \u201cTuna K\u0131y\u0131lar\u0131\u201d, \u201cGezerek G\u00f6rd\u00fcklerim\u201d gibi d\u00f6neminin fikir atmosferini \u00e7ok etkileyen ve bug\u00fcn de tarih\u00e7inin zevkle okudu\u011fu seyahatnameler onun kaleminin g\u00fcc\u00fcn\u00fc g\u00f6sterir. R\u0131fk\u0131 Atay\u2019\u0131n s\u00fcr\u00fckleyici, zengin muhteval\u0131, z\u0131t g\u00f6r\u00fcn\u00fcm ve olaylara dayanarak tezlerini savunan bir \u00fcslubu vard\u0131r.&#8221; Prof. Dr. \u0130lber ORTAYLI     Falih R\u0131fk\u0131 Atay\u2019\u0131n 1930\u2019lar\u0131n ba\u015f\u0131nda Avrupa\u2019ya ve \u0130ngiltere\u2019ye yapt\u0131\u011f\u0131 bu gezi, yaln\u0131zca siyasal ve tarihsel analizler ve turistik g\u00f6zlemler i\u00e7ermemektedir. Atay, \u00f6zelde \u0130ngiltere ile Osmanl\u0131-T\u00fcrk, genelde ise Avrupa ile Asya-Afrika k\u00fclt\u00fcrleri aras\u0131nda, g\u00fcndelik hayat, maddi k\u00fclt\u00fcr ve gelenekler ba\u011flam\u0131nda \u00e7arp\u0131c\u0131 analizlerde bulunuyor; d\u00f6nemin T\u00fcrkiye\u2019sinin ve yeni cumhuriyetin Bat\u0131l\u0131la\u015fma, \u00e7a\u011fda\u015fla\u015fma ve modernle\u015fme s\u00fcre\u00e7 ve sanc\u0131lar\u0131n\u0131 her iki k\u00fclt\u00fcr\u00fcn birtak\u0131m dinamiklerini mukayese ederek \u00e7\u00f6z\u00fcmlemelerde bulunmaya \u00e7al\u0131\u015f\u0131yor. G\u00fcndelik k\u00fclt\u00fcr\u00fcn \u2018m\u00fczele\u015fmesinden\u2019 sanayile\u015fme ile birlikte kentlerin d\u00f6n\u00fc\u015f\u00fcm\u00fcne; kimlik aray\u0131\u015flar\u0131ndan farkl\u0131 co\u011frafyalardaki ya\u015fam bi\u00e7imlerine kadar d\u00f6nemin siyasi, toplumsal ve k\u00fclt\u00fcrel yans\u0131malar\u0131n\u0131 Bat\u0131l\u0131la\u015fma, Avrupal\u0131la\u015fma ve modernle\u015fme ba\u011flamlar\u0131ndan ele al\u0131yor. \u00d6zellikle Londra sokaklar\u0131nda ve Thames (Taymis) nehrinin k\u0131y\u0131lar\u0131nda dola\u015f\u0131rken tuttu\u011fu notlardan olu\u015fan, edebiyat\u0131m\u0131zda ve d\u00fc\u015f\u00fcnce d\u00fcnyam\u0131zda siyasi, sosyolojik ve antropolojik \u00e7\u00f6z\u00fcmlemeler i\u00e7eren ilk gezi kitaplar\u0131ndan biri olmas\u0131 itibar\u0131yla, uzun bir aradan sonra okurun ilgisine sunulmay\u0131 yeniden hak ediyor.<\/p>\n","protected":false},"excerpt":{"rendered":"<p>\u201cTaymis K\u0131y\u0131lar\u0131\u201d, \u201cTuna K\u0131y\u0131lar\u0131\u201d, \u201cGezerek G\u00f6rd\u00fcklerim\u201d gibi d\u00f6neminin fikir atmosferini \u00e7ok etkileyen ve bug\u00fcn de tarih\u00e7inin zevkle okudu\u011fu seyahatnameler onun kaleminin g\u00fcc\u00fcn\u00fc g\u00f6sterir. R\u0131fk\u0131 Atay\u2019\u0131n s\u00fcr\u00fckleyici,<span class=\"excerpt-hellip\"> [\u2026]<\/span><\/p>\n","protected":false},"featured_media":0,"template":"","meta":{"_monsterinsights_skip_tracking":false,"_monsterinsights_sitenote_active":false,"_monsterinsights_sitenote_note":"","_monsterinsights_sitenote_category":0},"product_brand":[],"product_cat":[13055,13054],"product_tag":[],"class_list":{"0":"post-727552","1":"product","2":"type-product","3":"status-publish","5":"product_cat-gezi-rehberi","6":"product_cat-gezi-ve-rehber-kitaplari","7":"pa_cilt-ciltsiz","8":"pa_tur-kitap","9":"pa_yayinevi-pozitif-yayinlari","10":"pa_yazar-falih-rifki-atay","12":"first","13":"instock","14":"sale","15":"shipping-taxable","16":"purchasable","17":"product-type-simple"},"_links":{"self":[{"href":"https:\/\/roveyayinevi.com.tr\/index.php\/wp-json\/wp\/v2\/product\/727552","targetHints":{"allow":["GET"]}}],"collection":[{"href":"https:\/\/roveyayinevi.com.tr\/index.php\/wp-json\/wp\/v2\/product"}],"about":[{"href":"https:\/\/roveyayinevi.com.tr\/index.php\/wp-json\/wp\/v2\/types\/product"}],"wp:attachment":[{"href":"https:\/\/roveyayinevi.com.tr\/index.php\/wp-json\/wp\/v2\/media?parent=727552"}],"wp:term":[{"taxonomy":"product_brand","embeddable":true,"href":"https:\/\/roveyayinevi.com.tr\/index.php\/wp-json\/wp\/v2\/product_brand?post=727552"},{"taxonomy":"product_cat","embeddable":true,"href":"https:\/\/roveyayinevi.com.tr\/index.php\/wp-json\/wp\/v2\/product_cat?post=727552"},{"taxonomy":"product_tag","embeddable":true,"href":"https:\/\/roveyayinevi.com.tr\/index.php\/wp-json\/wp\/v2\/product_tag?post=727552"}],"curies":[{"name":"wp","href":"https:\/\/api.w.org\/{rel}","templated":true}]}}