{"id":727551,"date":"2025-08-27T20:24:02","date_gmt":"2025-08-27T17:24:02","guid":{"rendered":"https:\/\/roveyayinevi.com.tr\/index.php\/urun\/ilham-perileri-van-gogh\/"},"modified":"2026-04-16T02:35:21","modified_gmt":"2026-04-15T23:35:21","slug":"ilham-perileri-van-gogh","status":"publish","type":"product","link":"https:\/\/roveyayinevi.com.tr\/index.php\/urun\/ilham-perileri-van-gogh\/","title":{"rendered":"\u0130lham Perileri: Van Gogh"},"content":{"rendered":"<p>Periler \u00dclkesi&#8217;nin iki yetenekli ilham perisi Lorza ve Perus, birbirinden renkli d\u00fcnyalara kanat \u00e7\u0131rpmaya devam ediyorlar. Bu kez, sihirli f\u0131r\u00e7a darbeleriyle Periler \u00dclkesi&#8217;ni renklerinden dahi ressam Van Gogh&#8217;un birbirinden g\u00fczel talolar\u0131na renklerin en g\u00fczelini bulup getirmekti.\u00c7ocuklar i\u00e7in \u00e7e\u015fitli m\u00fczikaller d\u00fczenleyen, Susam Soka\u011f\u0131&#8217;n\u0131n metin yazarlar\u0131ndan Ayfer Arta\u00e7, \u00e7ocuklar\u0131 masals\u0131 bir d\u00fcnyaya davet ediyor.Kitapta yer alan karekodlar\u0131 okutup Van Gogh&#8217;un tablolar\u0131ndan ilham al\u0131narak bestelenmi\u015f par\u00e7alar\u0131 dinleyebilirsiniz<\/p>\n","protected":false},"excerpt":{"rendered":"<p>Periler \u00dclkesi&#8217;nin iki yetenekli ilham perisi Lorza ve Perus, birbirinden renkli d\u00fcnyalara kanat \u00e7\u0131rpmaya devam ediyorlar. Bu kez, sihirli f\u0131r\u00e7a darbeleriyle Periler \u00dclkesi&#8217;ni renklerinden dahi ressam<span class=\"excerpt-hellip\"> [\u2026]<\/span><\/p>\n","protected":false},"featured_media":0,"template":"","meta":{"_monsterinsights_skip_tracking":false,"_monsterinsights_sitenote_active":false,"_monsterinsights_sitenote_note":"","_monsterinsights_sitenote_category":0},"product_brand":[],"product_cat":[12274,12649],"product_tag":[],"class_list":{"0":"post-727551","1":"product","2":"type-product","3":"status-publish","5":"product_cat-cocuk-ve-genclik-kitaplari","6":"product_cat-hobi-muzik","7":"pa_cilt-ciltsiz","8":"pa_tur-kitap","9":"pa_yayinevi-ucanfil-ozel-urun","10":"pa_yazar-ayfer-v-artac","12":"first","13":"instock","14":"sale","15":"shipping-taxable","16":"purchasable","17":"product-type-simple"},"_links":{"self":[{"href":"https:\/\/roveyayinevi.com.tr\/index.php\/wp-json\/wp\/v2\/product\/727551","targetHints":{"allow":["GET"]}}],"collection":[{"href":"https:\/\/roveyayinevi.com.tr\/index.php\/wp-json\/wp\/v2\/product"}],"about":[{"href":"https:\/\/roveyayinevi.com.tr\/index.php\/wp-json\/wp\/v2\/types\/product"}],"wp:attachment":[{"href":"https:\/\/roveyayinevi.com.tr\/index.php\/wp-json\/wp\/v2\/media?parent=727551"}],"wp:term":[{"taxonomy":"product_brand","embeddable":true,"href":"https:\/\/roveyayinevi.com.tr\/index.php\/wp-json\/wp\/v2\/product_brand?post=727551"},{"taxonomy":"product_cat","embeddable":true,"href":"https:\/\/roveyayinevi.com.tr\/index.php\/wp-json\/wp\/v2\/product_cat?post=727551"},{"taxonomy":"product_tag","embeddable":true,"href":"https:\/\/roveyayinevi.com.tr\/index.php\/wp-json\/wp\/v2\/product_tag?post=727551"}],"curies":[{"name":"wp","href":"https:\/\/api.w.org\/{rel}","templated":true}]}}