{"id":727550,"date":"2025-08-27T20:24:01","date_gmt":"2025-08-27T17:24:01","guid":{"rendered":"https:\/\/roveyayinevi.com.tr\/index.php\/urun\/fish-balik-ciltli\/"},"modified":"2026-04-16T02:35:21","modified_gmt":"2026-04-15T23:35:21","slug":"fish-balik-ciltli","status":"publish","type":"product","link":"https:\/\/roveyayinevi.com.tr\/index.php\/urun\/fish-balik-ciltli\/","title":{"rendered":"Fish! &#8211; Bal\u0131k (Ciltli)"},"content":{"rendered":"<p>Moral G\u00fcc\u00fcn\u00fc art\u0131rman\u0131n ve Daha Verimli Sonu\u00e7lar Elde Etmenin Etkin Yolu&#8230; Her zaman, sevdi\u011finiz i\u015fi yapamayabilirsiniz. Peki yapt\u0131\u011f\u0131n\u0131z i\u015fi sevmeye ne dersiniz? Herkesin her g\u00fcn i\u015fe enerji, tutku ve olumlu bir tutumla birlikte geldi\u011fi bir i\u015fyeri d\u00fc\u015f\u00fcn\u00fcn. B\u00fct\u00fcn insanlar\u0131n i\u015fine, i\u015f arkada\u015flar\u0131na ve m\u00fc\u015fterilerine tam anlam\u0131yla ba\u011fl\u0131 oldu\u011fu bir i\u015fyeri hayal edin. Bal\u0131k!; t\u00fcm co\u015fkusunu yitirmi\u015f, verimsiz bir departman\u0131 de\u011fi\u015ftirme sorumlulu\u011funu \u00fcstlenen bir y\u00f6neticiyi anlat\u0131yor. \u0130\u015fyerindeki sorunlardan bunalan Mary Jane\u2019in yolu bir g\u00fcn ofisinin \u00e7ok yak\u0131n\u0131nda bulunan, d\u00fcnyaca \u00fcnl\u00fc bal\u0131k pazar\u0131na d\u00fc\u015f\u00fcyor. Bu pazardaki keyifli, co\u015fkulu atmosfere ve e\u015fsiz m\u00fc\u015fteri hizmetlerine tan\u0131k olan y\u00f6neticimiz, burada \u00f6\u011frendiklerini ve ald\u0131\u011f\u0131 basit dersleri kendi departman\u0131nda uygulayarak b\u00fcy\u00fck bir ba\u015f\u0131r\u0131 elde ediyor. G\u00fcn\u00fcm\u00fczde i\u015f hayat\u0131nda en s\u0131k kar\u015f\u0131la\u015f\u0131lan sorunlar\u0131 (\u00e7al\u0131\u015fanlar\u0131n rehaveti ve verimsizli\u011fi de dahil olmak \u00fczere) anlatan Bal\u0131k!, verdi\u011fi kolay uygulanabilir dersler ve ipu\u00e7lar\u0131yla her zaman ba\u015fvurulacak, ger\u00e7ek bir klasik olmaya aday.<\/p>\n","protected":false},"excerpt":{"rendered":"<p>Moral G\u00fcc\u00fcn\u00fc art\u0131rman\u0131n ve Daha Verimli Sonu\u00e7lar Elde Etmenin Etkin Yolu&#8230; Her zaman, sevdi\u011finiz i\u015fi yapamayabilirsiniz. Peki yapt\u0131\u011f\u0131n\u0131z i\u015fi sevmeye ne dersiniz? Herkesin her g\u00fcn i\u015fe<span class=\"excerpt-hellip\"> [\u2026]<\/span><\/p>\n","protected":false},"featured_media":0,"template":"","meta":{"_monsterinsights_skip_tracking":false,"_monsterinsights_sitenote_active":false,"_monsterinsights_sitenote_note":"","_monsterinsights_sitenote_category":0},"product_brand":[],"product_cat":[13043,19008],"product_tag":[],"class_list":{"0":"post-727550","1":"product","2":"type-product","3":"status-publish","5":"product_cat-ekonomi","6":"product_cat-yonetim","7":"pa_cilt-ciltli","8":"pa_tur-kitap","9":"pa_yayinevi-epsilon-yayinlari","10":"pa_yazar-epsilon-yayinlari-kolektif","12":"first","13":"instock","14":"sale","15":"shipping-taxable","16":"purchasable","17":"product-type-simple"},"_links":{"self":[{"href":"https:\/\/roveyayinevi.com.tr\/index.php\/wp-json\/wp\/v2\/product\/727550","targetHints":{"allow":["GET"]}}],"collection":[{"href":"https:\/\/roveyayinevi.com.tr\/index.php\/wp-json\/wp\/v2\/product"}],"about":[{"href":"https:\/\/roveyayinevi.com.tr\/index.php\/wp-json\/wp\/v2\/types\/product"}],"wp:attachment":[{"href":"https:\/\/roveyayinevi.com.tr\/index.php\/wp-json\/wp\/v2\/media?parent=727550"}],"wp:term":[{"taxonomy":"product_brand","embeddable":true,"href":"https:\/\/roveyayinevi.com.tr\/index.php\/wp-json\/wp\/v2\/product_brand?post=727550"},{"taxonomy":"product_cat","embeddable":true,"href":"https:\/\/roveyayinevi.com.tr\/index.php\/wp-json\/wp\/v2\/product_cat?post=727550"},{"taxonomy":"product_tag","embeddable":true,"href":"https:\/\/roveyayinevi.com.tr\/index.php\/wp-json\/wp\/v2\/product_tag?post=727550"}],"curies":[{"name":"wp","href":"https:\/\/api.w.org\/{rel}","templated":true}]}}