{"id":727549,"date":"2025-08-27T20:24:00","date_gmt":"2025-08-27T17:24:00","guid":{"rendered":"https:\/\/roveyayinevi.com.tr\/index.php\/urun\/pratik-enneagram\/"},"modified":"2026-04-16T02:35:21","modified_gmt":"2026-04-15T23:35:21","slug":"pratik-enneagram","status":"publish","type":"product","link":"https:\/\/roveyayinevi.com.tr\/index.php\/urun\/pratik-enneagram\/","title":{"rendered":"Pratik Enneagram"},"content":{"rendered":"<p>\u0130nsan\u0131 tan\u0131mlamak zor, kendimizi tan\u0131maksa en \u00e7etin g\u00f6revlerimizden biri. \u0130nsanl\u0131\u011f\u0131n \u015fafa\u011f\u0131ndan beri belki de en \u00e7etrefilli meselemiz bu oldu. Ki\u015fili\u011fimiz, mizac\u0131m\u0131z, karakterimiz, bizi biz yapan \u00f6zellikler neden b\u00f6yle? Nas\u0131l \u015fekilleniyor, bize neler anlat\u0131yorlar? \u0130nsanl\u0131k bu alanda sadece bilimsel y\u00f6ntemlerle de\u011fil, bilim \u00f6ncesi toplumlarda da devasa boyutlarda bilgi biriktirmi\u015f gibi g\u00f6r\u00fcn\u00fcyor. Enneagram da bu bilgi alanlar\u0131ndan bir tanesi. \u0130nsan\u0131 tan\u0131mlamak ve insan\u0131n kendini tan\u0131mas\u0131 i\u00e7in \u00e7ok g\u00fc\u00e7l\u00fc bir ara\u00e7. Elbette t\u00fcm kadim gelenekler gibi ancak ustalar\u0131n elinde, s\u0131n\u0131rlar\u0131 dahilinde ve yeni bilimsel anlay\u0131\u015flar\u0131n \u0131\u015f\u0131\u011f\u0131nda uyguland\u0131\u011f\u0131 takdirde yeni d\u00fcnyada bize yeni kap\u0131lar a\u00e7abilecek bir bilgelik. Dr. Mehmet \u00d6zdemir, bu alan\u0131n d\u00fcnyadaki en usta uygulay\u0131c\u0131lar\u0131ndan biri ve bu kitab\u0131yla kendini tan\u0131ma yolculu\u011fundaki her insana paha bi\u00e7ilmez bir yol haritas\u0131 sunuyor. Pratik Enneagram okunup b\u0131rak\u0131lacak de\u011fil, s\u00fcrekli \u00e7evremizde bulundurmak isteyece\u011fimiz kitaplardan\u2026 Sinan Canan, Prof. Dr., \u00dcsk\u00fcdar \u00dcniversitesi &amp; A\u00e7\u0131kBeyin Enneagram, her bireyin kendi yap\u0131s\u0131na g\u00f6re bask\u0131n \u00f6zelliklerini, geli\u015fim alanlar\u0131n\u0131 ve hatta d\u00fc\u015febilece\u011fi tuzaklar\u0131, daha derin bir bilgiden yararlanarak s\u00f6yleyen, kendimizi ve bireyleri tan\u0131ma yolculu\u011fumuzda bize y\u00fcksek fayda sa\u011flayan bir envanter. Enneagram sisteminin rahatken veya stresliyken sergiledi\u011fimiz \u00f6zelliklere de\u011finmesinin yan\u0131 s\u0131ra, \u00f6\u011frenme tarz\u0131m\u0131z\u0131n nas\u0131l oldu\u011funa dair de bilgi verebiliyor olmas\u0131n\u0131 heyecan verici buluyorum. \u00d6zellikle ki\u015fisel geli\u015fim alan\u0131nda, ki\u015fisel kalitesine sayg\u0131 duydu\u011fum, i\u015fine duydu\u011fu \u00f6zen ve \u00f6\u011frenmeye olan a\u00e7\u0131kl\u0131\u011f\u0131na tan\u0131k oldu\u011fum Sevgili Dr. Mehmet \u00d6zdemir ile bu yolculu\u011fa \u00e7\u0131kmak i\u015finizi olduk\u00e7a kolayla\u015ft\u0131racakt\u0131r. Bu sistemi kullanmak, benim deneyimimde, ekip i\u00e7i ili\u015fki dengesini \u00e7ok daha iyi anlamama ve empati geli\u015ftirmeme yard\u0131mc\u0131 oldu. Bu kaynaktan bir\u00e7ok ki\u015finin yararlanmas\u0131 dile\u011fimle\u2026 Buket \u00d6zdel, HR Manager, Stryker Turkey Pratik Enneagram, \u201cBen kimim?\u201d sorusunun cevab\u0131n\u0131 incelerken, \u00f6zel hayat\u0131m\u0131zda oldu\u011fu gibi i\u015f, e\u011fitim ve sosyal hayat\u0131m\u0131zda da kullanabilece\u011fimiz bir bilgi birikimi sunuyor bizlere. \u0130\u015f hayat\u0131mda \u00f6zellikle faydaland\u0131\u011f\u0131m bu bilgi sistemi, senaryoda karakter kurgularken olduk\u00e7a kullan\u0131\u015fl\u0131 bir metot oldu benim i\u00e7in. Bu a\u00e7\u0131dan \u00e7al\u0131\u015fmalar\u0131mda Enneagram\u2019dan yararlanmay\u0131 istememle birlikte yak\u0131n zamana kadar T\u00fcrkiye\u2019de Enneagram\u2019\u0131n farkl\u0131 alanlar \u00fczerinde nas\u0131l kullan\u0131laca\u011f\u0131na dair b\u00f6yle tatmin edici bir kaynakla kar\u015f\u0131la\u015fmam\u0131\u015ft\u0131m. Bu kitap, mevcut soru i\u015faretlerinizi gideriyor. \u015eiddetle tavsiye ederim. Aykut Sanver, Yat\u0131r\u0131mc\u0131 &amp; Yap\u0131mc\u0131 <\/p>\n","protected":false},"excerpt":{"rendered":"<p>\u0130nsan\u0131 tan\u0131mlamak zor, kendimizi tan\u0131maksa en \u00e7etin g\u00f6revlerimizden biri. \u0130nsanl\u0131\u011f\u0131n \u015fafa\u011f\u0131ndan beri belki de en \u00e7etrefilli meselemiz bu oldu. Ki\u015fili\u011fimiz, mizac\u0131m\u0131z, karakterimiz, bizi biz yapan \u00f6zellikler<span class=\"excerpt-hellip\"> [\u2026]<\/span><\/p>\n","protected":false},"featured_media":0,"template":"","meta":{"_monsterinsights_skip_tracking":false,"_monsterinsights_sitenote_active":false,"_monsterinsights_sitenote_note":"","_monsterinsights_sitenote_category":0},"product_brand":[],"product_cat":[12364,12376],"product_tag":[],"class_list":{"0":"post-727549","1":"product","2":"type-product","3":"status-publish","5":"product_cat-genel-konular","6":"product_cat-kisisel-gelisim","7":"pa_cilt-ciltsiz","8":"pa_tur-kitap","9":"pa_yayinevi-tuti-kitap","10":"pa_yazar-mehmet-ozdemir","12":"first","13":"instock","14":"sale","15":"shipping-taxable","16":"purchasable","17":"product-type-simple"},"_links":{"self":[{"href":"https:\/\/roveyayinevi.com.tr\/index.php\/wp-json\/wp\/v2\/product\/727549","targetHints":{"allow":["GET"]}}],"collection":[{"href":"https:\/\/roveyayinevi.com.tr\/index.php\/wp-json\/wp\/v2\/product"}],"about":[{"href":"https:\/\/roveyayinevi.com.tr\/index.php\/wp-json\/wp\/v2\/types\/product"}],"wp:attachment":[{"href":"https:\/\/roveyayinevi.com.tr\/index.php\/wp-json\/wp\/v2\/media?parent=727549"}],"wp:term":[{"taxonomy":"product_brand","embeddable":true,"href":"https:\/\/roveyayinevi.com.tr\/index.php\/wp-json\/wp\/v2\/product_brand?post=727549"},{"taxonomy":"product_cat","embeddable":true,"href":"https:\/\/roveyayinevi.com.tr\/index.php\/wp-json\/wp\/v2\/product_cat?post=727549"},{"taxonomy":"product_tag","embeddable":true,"href":"https:\/\/roveyayinevi.com.tr\/index.php\/wp-json\/wp\/v2\/product_tag?post=727549"}],"curies":[{"name":"wp","href":"https:\/\/api.w.org\/{rel}","templated":true}]}}