{"id":727548,"date":"2025-08-27T20:24:00","date_gmt":"2025-08-27T17:24:00","guid":{"rendered":"https:\/\/roveyayinevi.com.tr\/index.php\/urun\/sevgi-ve-para-arasinda-ana-baba-olmak\/"},"modified":"2026-04-16T02:35:21","modified_gmt":"2026-04-15T23:35:21","slug":"sevgi-ve-para-arasinda-ana-baba-olmak","status":"publish","type":"product","link":"https:\/\/roveyayinevi.com.tr\/index.php\/urun\/sevgi-ve-para-arasinda-ana-baba-olmak\/","title":{"rendered":"Sevgi ve Para Aras\u0131nda Ana Baba Olmak"},"content":{"rendered":"<p>\u00c7OCUK YET\u0130\u015eT\u0130RMEN\u0130N EKONOM\u0130K BOYUTUNUN ANLATILDI\u011eI \u201cSEVG\u0130 VE PARA ARASINDA ANA BABA OLMAK\u201d RAFLARDA YER\u0130N\u0130 ALIYOR   1970 ve 1980\u2019lerde \u00e7ok daha rahat bir \u00e7ocukluk ge\u00e7irenler bug\u00fcn\u00fcn ebeveynleri olarak neden \u201chelikopter ebeveynli\u011fe\u201d ve \u201ckaplan anneli\u011fe\u201d b\u00fcr\u00fcnd\u00fcler? Bug\u00fcn ebeveynlerin \u00e7o\u011fu \u00e7ocuklar\u0131 uygunsuz bir \u015fey yapt\u0131\u011f\u0131nda onlar\u0131 sert bir \u015fekilde disipline etmekten ka\u00e7\u0131n\u0131rken \u201csert ebeveynlik\u201d y\u00fczy\u0131llar boyunca neden o kadar pop\u00fclerdi? \u00dclkeler aras\u0131 \u00e7ocuk yeti\u015ftirme tarzlar\u0131ndaki farkl\u0131l\u0131klar\u0131n nedeni neydi? Ebeveynlik s\u00f6zkonusu oldu\u011funda, insanlar genelde ekonomi hakk\u0131nda d\u00fc\u015f\u00fcnmezler. Oysa ekonomi, insanlar\u0131n nas\u0131l karar verdi\u011fini ve ebeveynler olarak al\u0131nan kararlar\u0131n neden en \u00f6nemli kararlar aras\u0131nda say\u0131ld\u0131\u011f\u0131n\u0131 anlamay\u0131 ama\u00e7layan bir sosyal bilimdir. Elinizdeki kitapta, insanlar\u0131n ka\u00e7 \u00e7ocuk yapmak istediklerini, \u00e7ocuk yeti\u015ftirmeye ne kadar yat\u0131r\u0131m yapt\u0131klar\u0131n\u0131 ve hangi ebeveynlik tarz\u0131n\u0131 se\u00e7tiklerini anlaman\u0131zda ekonominin yard\u0131mc\u0131 olabilece\u011fi savunuluyor. Ayr\u0131ca yine ayn\u0131 bak\u0131\u015f a\u00e7\u0131s\u0131yla ebeveynlikteki toplumsal cinsiyet rollerinin d\u00f6n\u00fc\u015f\u00fcm\u00fc, ekonomik geli\u015fim s\u00fcrecinde geni\u015f aileden \u00e7ekirdek aileye ge\u00e7i\u015fi, <\/p>\n","protected":false},"excerpt":{"rendered":"<p>\u00c7OCUK YET\u0130\u015eT\u0130RMEN\u0130N EKONOM\u0130K BOYUTUNUN ANLATILDI\u011eI \u201cSEVG\u0130 VE PARA ARASINDA ANA BABA OLMAK\u201d RAFLARDA YER\u0130N\u0130 ALIYOR 1970 ve 1980\u2019lerde \u00e7ok daha rahat bir \u00e7ocukluk ge\u00e7irenler bug\u00fcn\u00fcn ebeveynleri<span class=\"excerpt-hellip\"> [\u2026]<\/span><\/p>\n","protected":false},"featured_media":0,"template":"","meta":{"_monsterinsights_skip_tracking":false,"_monsterinsights_sitenote_active":false,"_monsterinsights_sitenote_note":"","_monsterinsights_sitenote_category":0},"product_brand":[],"product_cat":[12831,12324],"product_tag":[],"class_list":{"0":"post-727548","1":"product","2":"type-product","3":"status-publish","5":"product_cat-aile-ve-cocuk","6":"product_cat-sosyoloji","7":"pa_cilt-ciltsiz","8":"pa_tur-kitap","9":"pa_yayinevi-the-kitap","10":"pa_yazar-fabrizio-zilibotti-matthias-doepke","12":"first","13":"instock","14":"sale","15":"shipping-taxable","16":"purchasable","17":"product-type-simple"},"_links":{"self":[{"href":"https:\/\/roveyayinevi.com.tr\/index.php\/wp-json\/wp\/v2\/product\/727548","targetHints":{"allow":["GET"]}}],"collection":[{"href":"https:\/\/roveyayinevi.com.tr\/index.php\/wp-json\/wp\/v2\/product"}],"about":[{"href":"https:\/\/roveyayinevi.com.tr\/index.php\/wp-json\/wp\/v2\/types\/product"}],"wp:attachment":[{"href":"https:\/\/roveyayinevi.com.tr\/index.php\/wp-json\/wp\/v2\/media?parent=727548"}],"wp:term":[{"taxonomy":"product_brand","embeddable":true,"href":"https:\/\/roveyayinevi.com.tr\/index.php\/wp-json\/wp\/v2\/product_brand?post=727548"},{"taxonomy":"product_cat","embeddable":true,"href":"https:\/\/roveyayinevi.com.tr\/index.php\/wp-json\/wp\/v2\/product_cat?post=727548"},{"taxonomy":"product_tag","embeddable":true,"href":"https:\/\/roveyayinevi.com.tr\/index.php\/wp-json\/wp\/v2\/product_tag?post=727548"}],"curies":[{"name":"wp","href":"https:\/\/api.w.org\/{rel}","templated":true}]}}