{"id":727545,"date":"2025-08-27T20:23:56","date_gmt":"2025-08-27T17:23:56","guid":{"rendered":"https:\/\/roveyayinevi.com.tr\/index.php\/urun\/modern-love\/"},"modified":"2026-04-16T02:35:21","modified_gmt":"2026-04-15T23:35:21","slug":"modern-love","status":"publish","type":"product","link":"https:\/\/roveyayinevi.com.tr\/index.php\/urun\/modern-love\/","title":{"rendered":"Modern Love"},"content":{"rendered":"<p>Amazon Prime\u2019\u0131n en pop\u00fcler dizisi Modern Love hen\u00fcz izlemedi\u011finiz b\u00f6l\u00fcmleriyle \u015fimdi T\u00fcrk\u00e7ede! Mesajlar\u0131na hi\u00e7 cevap alamayan bir kad\u0131n, umut verici d\u00f6rd\u00fcnc\u00fc randevusu acil serviste sona eren bir adam, bipolar bozuklu\u011fuyla ba\u015fa \u00e7\u0131kmaya \u00e7al\u0131\u015fan bir avukat, kanser oldu\u011funu \u00f6\u011frendikten sonra e\u015fi i\u00e7in \u2018date\u2019 profili olu\u015fturan ve yaz\u0131s\u0131n\u0131 tamamlayamadan hayata veda eden bir yazar, babas\u0131na \u00e7ekti\u011fi \u00f6zlemi ona benzeyen erkeklerde arayan bir \u015fark\u0131c\u0131, ge\u00e7mi\u015f ili\u015fkilerinin g\u00fczelli\u011fine ve enkaz\u0131na bakan insanlar\u2026   Gazeteci Daniel Jones\u2019un 2004 y\u0131l\u0131ndan bu yana ger\u00e7ek hikayeleri toplayarak haz\u0131rlad\u0131\u011f\u0131 ve d\u00fcnyan\u0131n d\u00f6rt bir yan\u0131ndan pek \u00e7ok insan\u0131n an\u0131lar\u0131n\u0131 biriktirdi\u011fi \u201cModern Love\u201d uzun y\u0131llard\u0131r soluksuz takip edilen bir seriye d\u00f6n\u00fc\u015fmesinin yan\u0131 s\u0131ra ayn\u0131 zamanda podcast, kitap ve dizi oldu. Tina Fey, Andy Garcia, Anne Hathaway, Catherine Keener, Dev Patel ve John Slattery gibi pop\u00fcler isimlerle Amazon Prime\u2019da \u00fcst s\u0131ralarda yer alan dizinin hen\u00fcz izlemedi\u011finiz b\u00f6l\u00fcmlerine bu kitapla kavu\u015facaks\u0131n\u0131z. Modern d\u00fcnyan\u0131n yaln\u0131zl\u0131\u011f\u0131n\u0131, ideal ili\u015fki kavram\u0131n\u0131, hayallerdeki a\u015fk\u0131 ke\u015ffedece\u011finiz; t\u00fcm bunlar\u0131n imkans\u0131zl\u0131\u011f\u0131yla bar\u0131\u015fman\u0131z gerekti\u011fini bir solukta anlayaca\u011f\u0131n\u0131z; nahif diliyle elinizden b\u0131rakamayaca\u011f\u0131n\u0131z \u201cModern Love\u201d sadece a\u015fk\u0131 de\u011fil ayn\u0131 zamanda dostlu\u011fu, \u00e7ocuk sevgisini, hayatlar\u0131n\u0131n sonbahar\u0131nda olan insanlar\u0131n ya\u015fad\u0131klar\u0131 ikilemleri ve \u00f6zsevgiyi anlat\u0131yor<\/p>\n","protected":false},"excerpt":{"rendered":"<p>Amazon Prime\u2019\u0131n en pop\u00fcler dizisi Modern Love hen\u00fcz izlemedi\u011finiz b\u00f6l\u00fcmleriyle \u015fimdi T\u00fcrk\u00e7ede! Mesajlar\u0131na hi\u00e7 cevap alamayan bir kad\u0131n, umut verici d\u00f6rd\u00fcnc\u00fc randevusu acil serviste sona eren<span class=\"excerpt-hellip\"> [\u2026]<\/span><\/p>\n","protected":false},"featured_media":0,"template":"","meta":{"_monsterinsights_skip_tracking":false,"_monsterinsights_sitenote_active":false,"_monsterinsights_sitenote_note":"","_monsterinsights_sitenote_category":0},"product_brand":[],"product_cat":[12291,12711],"product_tag":[],"class_list":{"0":"post-727545","1":"product","2":"type-product","3":"status-publish","5":"product_cat-edebiyat","6":"product_cat-roman-oyku","7":"pa_cilt-ciltsiz","8":"pa_tur-kitap","9":"pa_yayinevi-okuyan-us-yayin","10":"pa_yazar-daniel-jones","12":"first","13":"instock","14":"sale","15":"shipping-taxable","16":"purchasable","17":"product-type-simple"},"_links":{"self":[{"href":"https:\/\/roveyayinevi.com.tr\/index.php\/wp-json\/wp\/v2\/product\/727545","targetHints":{"allow":["GET"]}}],"collection":[{"href":"https:\/\/roveyayinevi.com.tr\/index.php\/wp-json\/wp\/v2\/product"}],"about":[{"href":"https:\/\/roveyayinevi.com.tr\/index.php\/wp-json\/wp\/v2\/types\/product"}],"wp:attachment":[{"href":"https:\/\/roveyayinevi.com.tr\/index.php\/wp-json\/wp\/v2\/media?parent=727545"}],"wp:term":[{"taxonomy":"product_brand","embeddable":true,"href":"https:\/\/roveyayinevi.com.tr\/index.php\/wp-json\/wp\/v2\/product_brand?post=727545"},{"taxonomy":"product_cat","embeddable":true,"href":"https:\/\/roveyayinevi.com.tr\/index.php\/wp-json\/wp\/v2\/product_cat?post=727545"},{"taxonomy":"product_tag","embeddable":true,"href":"https:\/\/roveyayinevi.com.tr\/index.php\/wp-json\/wp\/v2\/product_tag?post=727545"}],"curies":[{"name":"wp","href":"https:\/\/api.w.org\/{rel}","templated":true}]}}