{"id":727543,"date":"2025-08-27T20:23:54","date_gmt":"2025-08-27T17:23:54","guid":{"rendered":"https:\/\/roveyayinevi.com.tr\/index.php\/urun\/dokuz-otuz\/"},"modified":"2026-04-16T02:35:21","modified_gmt":"2026-04-15T23:35:21","slug":"dokuz-otuz","status":"publish","type":"product","link":"https:\/\/roveyayinevi.com.tr\/index.php\/urun\/dokuz-otuz\/","title":{"rendered":"Dokuz Otuz"},"content":{"rendered":"<p>\u201cE\u011fer bir g\u00fcn kalbinde bir yerlerde Ven\u00fcs\u2019e rastlarsan onu \u00e7ok sevdi\u011fimi s\u00f6yle,\u201d dedim i\u00e7imdeki sese g\u00fcvenerek. \u201cOnu tan\u0131mak \u00e7ok g\u00fczeldi.\u201d Bedriye Zobu&#8217;nun kaleminden hikayenin ba\u015f\u0131n\u0131 ve sonunu okurun belirleyece\u011fi heyecan dolu bir roman.  <\/p>\n","protected":false},"excerpt":{"rendered":"<p>\u201cE\u011fer bir g\u00fcn kalbinde bir yerlerde Ven\u00fcs\u2019e rastlarsan onu \u00e7ok sevdi\u011fimi s\u00f6yle,\u201d dedim i\u00e7imdeki sese g\u00fcvenerek. \u201cOnu tan\u0131mak \u00e7ok g\u00fczeldi.\u201d Bedriye Zobu&#8217;nun kaleminden hikayenin ba\u015f\u0131n\u0131 ve<span class=\"excerpt-hellip\"> [\u2026]<\/span><\/p>\n","protected":false},"featured_media":0,"template":"","meta":{"_monsterinsights_skip_tracking":false,"_monsterinsights_sitenote_active":false,"_monsterinsights_sitenote_note":"","_monsterinsights_sitenote_category":0},"product_brand":[],"product_cat":[12291,50487],"product_tag":[],"class_list":{"0":"post-727543","1":"product","2":"type-product","3":"status-publish","5":"product_cat-edebiyat","6":"product_cat-kurgu","7":"pa_cilt-ciltsiz","8":"pa_tur-kitap","9":"pa_yayinevi-epsilon-yayinlari","10":"pa_yazar-bedriye-zobu","12":"first","13":"instock","14":"sale","15":"shipping-taxable","16":"purchasable","17":"product-type-simple"},"_links":{"self":[{"href":"https:\/\/roveyayinevi.com.tr\/index.php\/wp-json\/wp\/v2\/product\/727543","targetHints":{"allow":["GET"]}}],"collection":[{"href":"https:\/\/roveyayinevi.com.tr\/index.php\/wp-json\/wp\/v2\/product"}],"about":[{"href":"https:\/\/roveyayinevi.com.tr\/index.php\/wp-json\/wp\/v2\/types\/product"}],"wp:attachment":[{"href":"https:\/\/roveyayinevi.com.tr\/index.php\/wp-json\/wp\/v2\/media?parent=727543"}],"wp:term":[{"taxonomy":"product_brand","embeddable":true,"href":"https:\/\/roveyayinevi.com.tr\/index.php\/wp-json\/wp\/v2\/product_brand?post=727543"},{"taxonomy":"product_cat","embeddable":true,"href":"https:\/\/roveyayinevi.com.tr\/index.php\/wp-json\/wp\/v2\/product_cat?post=727543"},{"taxonomy":"product_tag","embeddable":true,"href":"https:\/\/roveyayinevi.com.tr\/index.php\/wp-json\/wp\/v2\/product_tag?post=727543"}],"curies":[{"name":"wp","href":"https:\/\/api.w.org\/{rel}","templated":true}]}}