{"id":727542,"date":"2025-08-27T20:23:53","date_gmt":"2025-08-27T17:23:53","guid":{"rendered":"https:\/\/roveyayinevi.com.tr\/index.php\/urun\/cifte-olum\/"},"modified":"2026-04-16T02:35:21","modified_gmt":"2026-04-15T23:35:21","slug":"cifte-olum","status":"publish","type":"product","link":"https:\/\/roveyayinevi.com.tr\/index.php\/urun\/cifte-olum\/","title":{"rendered":"\u00c7ifte \u00d6l\u00fcm"},"content":{"rendered":"<p>\u00c7oksatan listelerinin de\u011fi\u015fmez ismi Nora Roberts\u2019tan polisiye tutkunlar\u0131na \u00f6zel bir seri\u2026 Bir kez \u00e7\u0131\u011fl\u0131k att\u0131. O anda bir \u015fey&#8230; birisi g\u00f6lgelerin aras\u0131na kar\u0131\u015ft\u0131 ve Reva kendisine ihanet eden o \u00f6l\u00fclerin yan\u0131na y\u0131\u011f\u0131ld\u0131. Kocas\u0131n\u0131n ve en yak\u0131n arkada\u015f\u0131n\u0131n ihanetine u\u011frayan eski gizli servis \u00fcyesi Reva Ewing intikam almaya kararl\u0131d\u0131r. \u0130ntikam plan\u0131n\u0131 uygulamak \u00fczereyken biri ya da birilerinin kendisinden \u00f6nce davranm\u0131\u015f oldu\u011funu g\u00f6r\u00fcr. Kendi kocas\u0131yla en yak\u0131n arkada\u015f\u0131, evlerindeki yatakta kanlar i\u00e7indedir. Cinayetler onun \u00fczerine kal\u0131r.  Masumiyetini kan\u0131tlamak i\u00e7in \u00e7aresizce m\u00fccadele ederken g\u00fcvendi\u011fi tek bir insan vard\u0131r: Roarke, Te\u011fmen Eve Dallas\u2019\u0131n cazibeli kocas\u0131. Ger\u00e7e\u011fin \u00fcst\u00fcndeki \u00f6rt\u00fcler kal\u0131nd\u0131r: Saplant\u0131l\u0131 bir heykelt\u0131ra\u015f, uzun s\u00fcredir ortal\u0131kta g\u00f6r\u00fcnmeyen bir erkek karde\u015f, tekno-ter\u00f6ristler taraf\u0131ndan tasarlanm\u0131\u015f tehlikeli bir bilgisayar solucan\u0131&#8230; Te\u011fmen Eve Dallas ve kocas\u0131 Roarke bu i\u015fte beraber \u00e7al\u0131\u015fmaya karar verirler. Att\u0131klar\u0131 her ad\u0131mda gizli te\u015fkilatlar, derin devlet ter\u00f6rizmi ve teknolojinin a\u015f\u0131lmas\u0131 g\u00fc\u00e7 duvarlar\u0131n\u0131 a\u015fmak zorunda kal\u0131rlar. Karma\u015fan\u0131n ortas\u0131nda hi\u00e7bir \u015fey g\u00f6r\u00fcnd\u00fc\u011f\u00fc gibi de\u011fildir. Eve ve Roarke bu hi\u00e7bir \u015feye g\u00f6rerek, d\u00fc\u015f\u00fcnerek, nefes almadan \u00e7al\u0131\u015farak var\u0131rlar. Tek yol kendi yollar\u0131d\u0131r ve asl\u0131nda her \u015fey g\u00f6r\u00fcnd\u00fc\u011f\u00fc gibidir. \u00c7\u00fcnk\u00fc ger\u00e7ek sadece onu g\u00f6rmek isteyenlere g\u00f6r\u00fcn\u00fcr. Nora Roberts, \u00d6l\u00fcm serisinin bu kitab\u0131nda gelece\u011fin teknolojik oyuncaklar\u0131ndan \u00fcrk\u00fct\u00fcc\u00fc bir d\u00fcnya kuruyor. Okuru, pe\u015fine tak\u0131p etraf\u0131nda d\u00f6nd\u00fcrd\u00fc\u011f\u00fc ger\u00e7e\u011fe adeta susat\u0131yor. <\/p>\n","protected":false},"excerpt":{"rendered":"<p>\u00c7oksatan listelerinin de\u011fi\u015fmez ismi Nora Roberts\u2019tan polisiye tutkunlar\u0131na \u00f6zel bir seri\u2026 Bir kez \u00e7\u0131\u011fl\u0131k att\u0131. O anda bir \u015fey&#8230; birisi g\u00f6lgelerin aras\u0131na kar\u0131\u015ft\u0131 ve Reva kendisine<span class=\"excerpt-hellip\"> [\u2026]<\/span><\/p>\n","protected":false},"featured_media":0,"template":"","meta":{"_monsterinsights_skip_tracking":false,"_monsterinsights_sitenote_active":false,"_monsterinsights_sitenote_note":"","_monsterinsights_sitenote_category":0},"product_brand":[],"product_cat":[12291,50487],"product_tag":[],"class_list":{"0":"post-727542","1":"product","2":"type-product","3":"status-publish","5":"product_cat-edebiyat","6":"product_cat-kurgu","7":"pa_cilt-ciltsiz","8":"pa_tur-kitap","9":"pa_yayinevi-epsilon-yayinlari","10":"pa_yazar-nora-roberts","12":"first","13":"instock","14":"sale","15":"shipping-taxable","16":"purchasable","17":"product-type-simple"},"_links":{"self":[{"href":"https:\/\/roveyayinevi.com.tr\/index.php\/wp-json\/wp\/v2\/product\/727542","targetHints":{"allow":["GET"]}}],"collection":[{"href":"https:\/\/roveyayinevi.com.tr\/index.php\/wp-json\/wp\/v2\/product"}],"about":[{"href":"https:\/\/roveyayinevi.com.tr\/index.php\/wp-json\/wp\/v2\/types\/product"}],"wp:attachment":[{"href":"https:\/\/roveyayinevi.com.tr\/index.php\/wp-json\/wp\/v2\/media?parent=727542"}],"wp:term":[{"taxonomy":"product_brand","embeddable":true,"href":"https:\/\/roveyayinevi.com.tr\/index.php\/wp-json\/wp\/v2\/product_brand?post=727542"},{"taxonomy":"product_cat","embeddable":true,"href":"https:\/\/roveyayinevi.com.tr\/index.php\/wp-json\/wp\/v2\/product_cat?post=727542"},{"taxonomy":"product_tag","embeddable":true,"href":"https:\/\/roveyayinevi.com.tr\/index.php\/wp-json\/wp\/v2\/product_tag?post=727542"}],"curies":[{"name":"wp","href":"https:\/\/api.w.org\/{rel}","templated":true}]}}