{"id":727540,"date":"2025-08-27T20:23:52","date_gmt":"2025-08-27T17:23:52","guid":{"rendered":"https:\/\/roveyayinevi.com.tr\/index.php\/urun\/edebiyat-edimleri\/"},"modified":"2026-04-16T02:35:21","modified_gmt":"2026-04-15T23:35:21","slug":"edebiyat-edimleri","status":"publish","type":"product","link":"https:\/\/roveyayinevi.com.tr\/index.php\/urun\/edebiyat-edimleri\/","title":{"rendered":"Edebiyat Edimleri"},"content":{"rendered":"<p>\u201c\u2026 benim en daimi ilgim, hatta diyebilirim ki, felsefi ilgimden \u00f6nce gelen ilgim, edebiyata y\u00f6neliktir, edebi olarak adland\u0131r\u0131lan oyaz\u0131ma y\u00f6neliktir.\u201d Jacques Derrida, Th\u00e8se d\u2019\u00c9tat Jacques Derrida felsefede ve edebiyat teorisinde g\u00fcn\u00fcm\u00fcz\u00fcn en etkili fig\u00fcrlerinden biridir ve temel felsefi yaz\u0131lar\u0131 kadar edebi metinler ve edebiyat sorunu \u00fczerine yaz\u0131lar\u0131 da \u00e7eviri g\u00fc\u00e7l\u00fc\u011f\u00fcyle an\u0131lmaktad\u0131r. Edebiyat Edimleri Derrida\u2019n\u0131n Rousseau, Mallarm\u00e9, Kafka, Blanchot, Joyce, Ponge, Celan ve Shakespeare\u2019in de aralar\u0131nda yer ald\u0131\u011f\u0131 Frans\u0131z, Alman ve \u0130ngiliz edebiyat\u0131n\u0131n \u00f6nde gelen fig\u00fcrleri ve metinleri \u00fczerine yaz\u0131lar\u0131ndan baz\u0131lar\u0131n\u0131 bir araya getiriyor. Ayr\u0131ca edebiyat, yap\u0131bozum, politika, feminizm ve tarih sorunlar\u0131 \u00fczerine Derrida\u2019yla yap\u0131lan \u00f6nemli bir s\u00f6yle\u015fiyi de i\u00e7eriyor. Edit\u00f6r Derek Attridge, Derrida\u2019n\u0131n yaz\u0131lar\u0131na a\u015fina olmayanlar i\u00e7in yap\u0131bozum ve edebiyat sorunu \u00fczerine bir giri\u015f makalesinin yan\u0131 s\u0131ra daha \u00f6te okumalar i\u00e7in \u00f6neriler de sunuyor. Edebiyat Edimleri Derrida\u2019n\u0131n edebi incelemelere dikkate de\u011fer katk\u0131s\u0131na ayd\u0131nlat\u0131c\u0131 bir giri\u015f olarak hizmet edecek ve edebiyat\u0131n \u00f6nemini sergilerken, bir kurumlar filozofu ve ele\u015ftirmeni olarak Derrida\u2019n\u0131n eserlerinde tekillik, sorumluluk ve olumlama gibi konulara dikkat \u00e7ekecektir.<\/p>\n","protected":false},"excerpt":{"rendered":"<p>\u201c\u2026 benim en daimi ilgim, hatta diyebilirim ki, felsefi ilgimden \u00f6nce gelen ilgim, edebiyata y\u00f6neliktir, edebi olarak adland\u0131r\u0131lan oyaz\u0131ma y\u00f6neliktir.\u201d Jacques Derrida, Th\u00e8se d\u2019\u00c9tat Jacques Derrida<span class=\"excerpt-hellip\"> [\u2026]<\/span><\/p>\n","protected":false},"featured_media":0,"template":"","meta":{"_monsterinsights_skip_tracking":false,"_monsterinsights_sitenote_active":false,"_monsterinsights_sitenote_note":"","_monsterinsights_sitenote_category":0},"product_brand":[],"product_cat":[12389,12388],"product_tag":[],"class_list":{"0":"post-727540","1":"product","2":"type-product","3":"status-publish","5":"product_cat-diger-felsefe","6":"product_cat-felsefe","7":"pa_cilt-ciltsiz","8":"pa_tur-kitap","9":"pa_yayinevi-ketebe-yayinlari","10":"pa_yazar-jacques-derrida","12":"first","13":"instock","14":"sale","15":"shipping-taxable","16":"purchasable","17":"product-type-simple"},"_links":{"self":[{"href":"https:\/\/roveyayinevi.com.tr\/index.php\/wp-json\/wp\/v2\/product\/727540","targetHints":{"allow":["GET"]}}],"collection":[{"href":"https:\/\/roveyayinevi.com.tr\/index.php\/wp-json\/wp\/v2\/product"}],"about":[{"href":"https:\/\/roveyayinevi.com.tr\/index.php\/wp-json\/wp\/v2\/types\/product"}],"wp:attachment":[{"href":"https:\/\/roveyayinevi.com.tr\/index.php\/wp-json\/wp\/v2\/media?parent=727540"}],"wp:term":[{"taxonomy":"product_brand","embeddable":true,"href":"https:\/\/roveyayinevi.com.tr\/index.php\/wp-json\/wp\/v2\/product_brand?post=727540"},{"taxonomy":"product_cat","embeddable":true,"href":"https:\/\/roveyayinevi.com.tr\/index.php\/wp-json\/wp\/v2\/product_cat?post=727540"},{"taxonomy":"product_tag","embeddable":true,"href":"https:\/\/roveyayinevi.com.tr\/index.php\/wp-json\/wp\/v2\/product_tag?post=727540"}],"curies":[{"name":"wp","href":"https:\/\/api.w.org\/{rel}","templated":true}]}}