{"id":727539,"date":"2025-08-27T20:23:51","date_gmt":"2025-08-27T17:23:51","guid":{"rendered":"https:\/\/roveyayinevi.com.tr\/index.php\/urun\/insansiz-ordular\/"},"modified":"2026-04-16T02:35:21","modified_gmt":"2026-04-15T23:35:21","slug":"insansiz-ordular","status":"publish","type":"product","link":"https:\/\/roveyayinevi.com.tr\/index.php\/urun\/insansiz-ordular\/","title":{"rendered":"\u0130nsans\u0131z Ordular"},"content":{"rendered":"<p>\u201cSava\u015f teknolojisinin gelece\u011fine dair b\u00fcy\u00fck bir ba\u015far\u0131&#8230; Muharebe meydanlar\u0131n\u0131n ve \u00f6tesindeki robotlar\u0131n d\u00fcnyas\u0131ndan ge\u00e7en son derece okunas\u0131 bir yolculuk.\u201d &#8211; P.W SINGER, Wired for War kitab\u0131n\u0131n yazar\u0131 &#8220;Askeri konularla ilgili son zamanlarda okudu\u011fum en ilgin\u00e7 kitap.&#8221; &#8211; THOMAS E. RICKS, New York Times Book Review &#8220;Yapay zek\u00e2 ve sava\u015f\u0131n gelece\u011fiyle ilgilenen herkesin mutlaka okumas\u0131 gereken bir kitap.&#8221; &#8211; TASK &amp; PURPOSE &#8220;\u00c7ok yak\u0131n zamanda askeri m\u00fccadeleleri \u015fekillendirecek olan otomatikle\u015ftirilmi\u015f muharebe alanlar\u0131na dair g\u00fcvenilir ve \u00e7arp\u0131c\u0131 bir bak\u0131\u015f a\u00e7\u0131s\u0131.&#8221; &#8211; SCIENCEOtonom silahlar\u0131n devri geldi. Peki, d\u00fcnya buna nas\u0131l ayak uyduracak? Sava\u015f\u0131n kaderini otonom silahlara b\u0131rakmak, muharebe meydanlar\u0131n\u0131 nas\u0131l de\u011fi\u015ftirecek? \u00d6l\u00fcm-kal\u0131m karar\u0131 art\u0131k robotlar\u0131n eline mi ge\u00e7iyor? Gelece\u011fin sava\u015flar\u0131nda insan ne kadar rol \u00fcstlenecek? Askerler, siyasiler, hukuk\u00e7ular, m\u00fchendisler, bilim insanlar\u0131 ve sivil toplum \u00f6rg\u00fctleri bu konu hakk\u0131nda ne d\u00fc\u015f\u00fcn\u00fcyor? Terminat\u00f6r ger\u00e7e\u011fe mi d\u00f6n\u00fc\u015f\u00fcyor?\u0130nsans\u0131z Ordular, silahlara \u00f6l\u00fcm-kal\u0131m kararlar\u0131n\u0131 verme \u00f6zg\u00fcrl\u00fc\u011f\u00fcn\u00fc tan\u0131man\u0131n sonu\u00e7lar\u0131n\u0131 ke\u015ffetmek i\u00e7in t\u00fcm dikkatleri askeri tarihe, k\u00fcresel politikalara ve modern bilime \u00e7ekiyor. Irak ve Afganistan\u2019da \u00e7al\u0131\u015fm\u0131\u015f emekli ABD Kara Kuvvetleri Ranger\u2019\u0131 ve Yeni Amerikan G\u00fcvenlik Merkezi, Teknoloji ve Ulusal G\u00fcvenlik Program\u0131 direkt\u00f6r\u00fc Paul Scharre, sava\u015f\u0131 daha kesin ve insani h\u00e2le getirebilecek teknolojiyi benimsememiz gerekti\u011fini s\u00f6yl\u00fcyor. Ancak ola\u011fan\u00fcst\u00fc teknolojik geli\u015fmeler neticesinde art\u0131k \u00f6l\u00fcm-kal\u0131m kararlar\u0131nda insan kalbine yer kalmad\u0131\u011f\u0131n\u0131 da belirtiyor. \u00dcst d\u00fczey teknolojiye sahip silah sistemlerini anlat\u0131rken, g\u00fcn ge\u00e7tik\u00e7e belirgin bi\u00e7imde ortaya \u00e7\u0131kan hukuki ve ahlaki sorunlar\u0131 da ele al\u0131yor.\u0130nsans\u0131z Ordular: Katil Robotlar, Otonom Silahlar ve Makine Sava\u015flar\u0131, gelece\u011fin sava\u015flar\u0131n\u0131 bir bilimkurgu roman\u0131 gibi sars\u0131c\u0131 ve s\u00fcr\u00fckleyici bi\u00e7imde, t\u00fcm ger\u00e7ekleriyle ortaya seriyor.<\/p>\n","protected":false},"excerpt":{"rendered":"<p>\u201cSava\u015f teknolojisinin gelece\u011fine dair b\u00fcy\u00fck bir ba\u015far\u0131&#8230; Muharebe meydanlar\u0131n\u0131n ve \u00f6tesindeki robotlar\u0131n d\u00fcnyas\u0131ndan ge\u00e7en son derece okunas\u0131 bir yolculuk.\u201d &#8211; P.W SINGER, Wired for War kitab\u0131n\u0131n<span class=\"excerpt-hellip\"> [\u2026]<\/span><\/p>\n","protected":false},"featured_media":0,"template":"","meta":{"_monsterinsights_skip_tracking":false,"_monsterinsights_sitenote_active":false,"_monsterinsights_sitenote_note":"","_monsterinsights_sitenote_category":0},"product_brand":[],"product_cat":[13043,17647],"product_tag":[],"class_list":{"0":"post-727539","1":"product","2":"type-product","3":"status-publish","5":"product_cat-ekonomi","6":"product_cat-is-dunyasi","7":"pa_cilt-ciltsiz","8":"pa_tur-kitap","9":"pa_yayinevi-kronik-kitap","10":"pa_yazar-paul-scharre","12":"first","13":"instock","14":"sale","15":"shipping-taxable","16":"purchasable","17":"product-type-simple"},"_links":{"self":[{"href":"https:\/\/roveyayinevi.com.tr\/index.php\/wp-json\/wp\/v2\/product\/727539","targetHints":{"allow":["GET"]}}],"collection":[{"href":"https:\/\/roveyayinevi.com.tr\/index.php\/wp-json\/wp\/v2\/product"}],"about":[{"href":"https:\/\/roveyayinevi.com.tr\/index.php\/wp-json\/wp\/v2\/types\/product"}],"wp:attachment":[{"href":"https:\/\/roveyayinevi.com.tr\/index.php\/wp-json\/wp\/v2\/media?parent=727539"}],"wp:term":[{"taxonomy":"product_brand","embeddable":true,"href":"https:\/\/roveyayinevi.com.tr\/index.php\/wp-json\/wp\/v2\/product_brand?post=727539"},{"taxonomy":"product_cat","embeddable":true,"href":"https:\/\/roveyayinevi.com.tr\/index.php\/wp-json\/wp\/v2\/product_cat?post=727539"},{"taxonomy":"product_tag","embeddable":true,"href":"https:\/\/roveyayinevi.com.tr\/index.php\/wp-json\/wp\/v2\/product_tag?post=727539"}],"curies":[{"name":"wp","href":"https:\/\/api.w.org\/{rel}","templated":true}]}}