{"id":727538,"date":"2025-08-27T20:23:50","date_gmt":"2025-08-27T17:23:50","guid":{"rendered":"https:\/\/roveyayinevi.com.tr\/index.php\/urun\/selcuklu-caginda-yasamak\/"},"modified":"2026-04-16T02:35:21","modified_gmt":"2026-04-15T23:35:21","slug":"selcuklu-caginda-yasamak","status":"publish","type":"product","link":"https:\/\/roveyayinevi.com.tr\/index.php\/urun\/selcuklu-caginda-yasamak\/","title":{"rendered":"Sel\u00e7uklu \u00c7a\u011f\u0131nda Ya\u015famak"},"content":{"rendered":"<p>SEL\u00c7UKLU \u015eEH\u0130R HAYATINIYEN\u0130DEN KE\u015eFETMEK\u2026Sel\u00e7uklu \u015fehirlerinin g\u00fcvenli\u011fi nas\u0131l sa\u011flan\u0131rd\u0131? Mahalle hayat\u0131nda M\u00fcsl\u00fcmanlar ve gayrim\u00fcslimler m\u00fc\u015fterek bir ya\u015fam\u0131 ne \u015fekilde kurmu\u015flard\u0131? \u00c7ar\u015f\u0131lar\u0131n ve pazarlar\u0131n \u015fehrin ekonomisindeki rol\u00fc neydi? \u00d6zellikle \u015fehir idaresi konusunda halk ve y\u00f6netici z\u00fcmre aras\u0131ndaki ili\u015fki nas\u0131ld\u0131? \u00c7ocuklar hangi oyunlarla e\u011flenirdi? Bayramlar nas\u0131l ya\u015fan\u0131rd\u0131? Yard\u0131mla\u015fma hangi yollarla sa\u011flan\u0131rd\u0131? Do\u011fum, \u00f6l\u00fcm, do\u011fal afet, hastal\u0131k, e\u011flence, kutlama gibi hadiselerde \u015fehir halk\u0131 nas\u0131l bir kader ortakl\u0131\u011f\u0131 sa\u011flam\u0131\u015ft\u0131?\u015eehirler insan hayat\u0131n\u0131n \u00e7ehresini g\u00f6rebildi\u011fimiz en duru mek\u00e2nlard\u0131r. Kaynaklardaki bilgiler veya madd\u00ee izler ge\u00e7mi\u015fin hik\u00e2yesini bug\u00fcne aktararak \u015fehre dair bir resim \u00e7izmemizi sa\u011flar. Sel\u00e7uklular\u0131n T\u00fcrk-\u0130sl\u00e2m medeniyetine kazand\u0131rd\u0131klar\u0131n\u0131n ba\u015f\u0131nda ku\u015fkusuz \u015fehirle\u015fme gelmektedir. \u00dc\u00e7 y\u00fczy\u0131l boyunca T\u00fcrk tarihine ev sahipli\u011fi yapm\u0131\u015f olan Sel\u00e7uklularla birlikte \u015fehirle\u015fme faaliyetleri parlak bir y\u00fckseli\u015f ya\u015fam\u0131\u015ft\u0131r. G\u00fcn\u00fcm\u00fcz \u015fehir hayat\u0131na temel olu\u015fturan yap\u0131lar Sel\u00e7uklu \u015fehrinin b\u00fcy\u00fckl\u00fc\u011f\u00fcn\u00fcn tart\u0131\u015f\u0131lamaz oldu\u011funu g\u00f6stermektedir.Sel\u00e7uklular ve Beylikler tarihi, \u015fehir tarihi, Orta\u00e7a\u011f\u2019da sosyal, k\u00fclt\u00fcrel ve iktisad\u00ee hayat hakk\u0131nda \u00e7al\u0131\u015fmalar yapan Do\u00e7. Dr. T\u00fclay Metin\u2019in elinizdeki \u00e7al\u0131\u015fmas\u0131nda Sel\u00e7uklu \u015fehirlerinin olu\u015fumu, isk\u00e2n\u0131, savunma yap\u0131lar\u0131, idar\u00ee yap\u0131s\u0131, m\u00fcesseseleri ve \u015fehir halk\u0131n\u0131n k\u00fclt\u00fcrel, din\u00ee ve sosyoekonomik hayat\u0131 ayr\u0131 ba\u015fl\u0131klar alt\u0131nda inceleniyor. Sel\u00e7uklu \u015fehirleri hakk\u0131nda bilgi veren d\u00f6nemin seyahatn\u00e2melerinden yararlan\u0131larak seyyahlar\u0131n aktard\u0131klar\u0131yla Sel\u00e7uklu \u015fehirlerine \u0131\u015f\u0131k tutuluyor. Sel\u00e7uklu \u015fehirlerinin kimli\u011fini belirleyen unvanlar\u0131 yeniden hat\u0131rlan\u0131yor. S\u0131radan bir insan\u0131, esnaf\u0131 ve y\u00f6neticiyi evinden \u015fehrin surlar\u0131na dek takip eden bu \u00e7al\u0131\u015fmayla birlikte Sel\u00e7uklu ya\u015fam\u0131 bir b\u00fct\u00fcn i\u00e7inde ele al\u0131n\u0131yor.Sel\u00e7uklu \u00c7a\u011f\u0131nda Ya\u015famak, T\u00fcrk tarihinin en \u00f6zel devirlerinden birini t\u00fcm canl\u0131l\u0131\u011f\u0131yla aktar\u0131rken merakl\u0131 okurlara da yeni ke\u015fifler sunuyor\u2026<\/p>\n","protected":false},"excerpt":{"rendered":"<p>SEL\u00c7UKLU \u015eEH\u0130R HAYATINIYEN\u0130DEN KE\u015eFETMEK\u2026Sel\u00e7uklu \u015fehirlerinin g\u00fcvenli\u011fi nas\u0131l sa\u011flan\u0131rd\u0131? Mahalle hayat\u0131nda M\u00fcsl\u00fcmanlar ve gayrim\u00fcslimler m\u00fc\u015fterek bir ya\u015fam\u0131 ne \u015fekilde kurmu\u015flard\u0131? \u00c7ar\u015f\u0131lar\u0131n ve pazarlar\u0131n \u015fehrin ekonomisindeki rol\u00fc neydi?<span class=\"excerpt-hellip\"> [\u2026]<\/span><\/p>\n","protected":false},"featured_media":0,"template":"","meta":{"_monsterinsights_skip_tracking":false,"_monsterinsights_sitenote_active":false,"_monsterinsights_sitenote_note":"","_monsterinsights_sitenote_category":0},"product_brand":[],"product_cat":[12312,12304],"product_tag":[],"class_list":{"0":"post-727538","1":"product","2":"type-product","3":"status-publish","5":"product_cat-diger","6":"product_cat-tarih","7":"pa_cilt-ciltsiz","8":"pa_tur-kitap","9":"pa_yayinevi-kronik-kitap","10":"pa_yazar-tulay-metin","12":"first","13":"instock","14":"sale","15":"shipping-taxable","16":"purchasable","17":"product-type-simple"},"_links":{"self":[{"href":"https:\/\/roveyayinevi.com.tr\/index.php\/wp-json\/wp\/v2\/product\/727538","targetHints":{"allow":["GET"]}}],"collection":[{"href":"https:\/\/roveyayinevi.com.tr\/index.php\/wp-json\/wp\/v2\/product"}],"about":[{"href":"https:\/\/roveyayinevi.com.tr\/index.php\/wp-json\/wp\/v2\/types\/product"}],"wp:attachment":[{"href":"https:\/\/roveyayinevi.com.tr\/index.php\/wp-json\/wp\/v2\/media?parent=727538"}],"wp:term":[{"taxonomy":"product_brand","embeddable":true,"href":"https:\/\/roveyayinevi.com.tr\/index.php\/wp-json\/wp\/v2\/product_brand?post=727538"},{"taxonomy":"product_cat","embeddable":true,"href":"https:\/\/roveyayinevi.com.tr\/index.php\/wp-json\/wp\/v2\/product_cat?post=727538"},{"taxonomy":"product_tag","embeddable":true,"href":"https:\/\/roveyayinevi.com.tr\/index.php\/wp-json\/wp\/v2\/product_tag?post=727538"}],"curies":[{"name":"wp","href":"https:\/\/api.w.org\/{rel}","templated":true}]}}