{"id":727537,"date":"2025-08-27T20:23:49","date_gmt":"2025-08-27T17:23:49","guid":{"rendered":"https:\/\/roveyayinevi.com.tr\/index.php\/urun\/baburluler\/"},"modified":"2026-04-16T02:35:21","modified_gmt":"2026-04-15T23:35:21","slug":"baburluler","status":"publish","type":"product","link":"https:\/\/roveyayinevi.com.tr\/index.php\/urun\/baburluler\/","title":{"rendered":"Bab\u00fcrl\u00fcler"},"content":{"rendered":"<p>H\u0130ND\u0130STAN\u2019DA \u00dc\u00c7 ASIR H\u00dcK\u00dcM S\u00dcREN B\u0130R T\u00dcRK \u0130MPARATORLU\u011eU: B\u00c2B\u00dcRL\u00dcLER\u2026Atas\u0131 Emir Timur\u02bcun 14. y\u00fczy\u0131l\u0131n sonunda ger\u00e7ekle\u015ftirdi\u011fi Delhi fethi, B\u00e2b\u00fcr \u015eah\u02bc\u0131n Hint topraklar\u0131n\u0131 kendisine b\u0131rak\u0131lm\u0131\u015f bir miras olarak g\u00f6rmesini sa\u011flad\u0131. Azim, sebat ve kararl\u0131l\u0131kla hareket eden B\u00e2b\u00fcr ve o\u011fullar\u0131, 1526\u2019da kurulan devleti ad\u0131m ad\u0131m geni\u015flettiler. Zirve y\u0131llar\u0131nda Avrupa k\u0131tas\u0131n\u0131n yakla\u015f\u0131k \u00fc\u00e7te biri b\u00fcy\u00fckl\u00fc\u011f\u00fcne ula\u015fan T\u00fcrk-Mo\u011fol k\u00f6kenli bu imparatorluk, d\u00f6nemin Avrupa n\u00fcfusunun yakla\u015f\u0131k iki kat\u0131 bir n\u00fcfusa ve Hindistan topraklar\u0131n\u0131n b\u00fcy\u00fck bir b\u00f6l\u00fcm\u00fcne h\u00e2kim olmay\u0131 ba\u015fard\u0131.Michael H. Fisher\u2019\u0131n elinizdeki kitab\u0131, 16. y\u00fczy\u0131lda Hindistan\u2019da h\u00e2kimiyet kuran B\u00e2b\u00fcrl\u00fcler hakk\u0131nda uzun zamand\u0131r beklenen bir \u00e7al\u0131\u015fma ve bu alanda T\u00fcrk\u00e7eye kazand\u0131r\u0131lan bir ilk eser olmas\u0131yla b\u00fcy\u00fck \u00f6nem arz ediyor. Tarih\u00ee olaylar\u0131 zengin ve kapsaml\u0131 bir ba\u011flama oturtan tarih\u00e7i Fisher, bir taraftan B\u00e2b\u00fcrl\u00fcler d\u00f6nemi Hindistan siyaseti ve k\u00fclt\u00fcr\u00fcn\u00fcn ayr\u0131nt\u0131l\u0131 bir incelemesini sunarken \u00f6te yandan hanedan kad\u0131nlar\u0131, din\u00ee gruplar ve ta\u015fra memurlar\u0131 gibi pek incelenmemi\u015f konulara dikkatleri \u00e7ekiyor. D\u00f6nemin dil, \u015fiir, sanat ve mimari arka plan\u0131 da kitapta kendine geni\u015f bir yer buluyor. B\u00e2b\u00fcrl\u00fclerden bug\u00fcne kalan maddi ve k\u00fclt\u00fcrel miras, Asya ve \u0130slam d\u00fcnyas\u0131ndaki imparatorluk s\u00fcre\u00e7lerinin do\u011fas\u0131n\u0131 anlamam\u0131za ve Asyal\u0131lar ile H\u0131ristiyan Avrupa\u2019n\u0131n s\u00f6m\u00fcrgeci g\u00fc\u00e7leri aras\u0131ndaki ili\u015fkiler hakk\u0131nda etrafl\u0131ca fikir sahibi olmam\u0131za imk\u00e2n sa\u011fl\u0131yor.B\u00e2b\u00fcrl\u00fcler ke\u015ffedilmeyi bekleyen bir T\u00fcrk \u0130mparatorlu\u011fu\u2019nu ve G\u00fcney Asya tarihini yak\u0131ndan tan\u0131mak isteyen okurlar i\u00e7in \u00e7arp\u0131c\u0131 bilgiler i\u00e7eren ve kolay okunur bir ba\u015fucu kitab\u0131\u2026 <\/p>\n","protected":false},"excerpt":{"rendered":"<p>H\u0130ND\u0130STAN\u2019DA \u00dc\u00c7 ASIR H\u00dcK\u00dcM S\u00dcREN B\u0130R T\u00dcRK \u0130MPARATORLU\u011eU: B\u00c2B\u00dcRL\u00dcLER\u2026Atas\u0131 Emir Timur\u02bcun 14. y\u00fczy\u0131l\u0131n sonunda ger\u00e7ekle\u015ftirdi\u011fi Delhi fethi, B\u00e2b\u00fcr \u015eah\u02bc\u0131n Hint topraklar\u0131n\u0131 kendisine b\u0131rak\u0131lm\u0131\u015f bir miras olarak<span class=\"excerpt-hellip\"> [\u2026]<\/span><\/p>\n","protected":false},"featured_media":0,"template":"","meta":{"_monsterinsights_skip_tracking":false,"_monsterinsights_sitenote_active":false,"_monsterinsights_sitenote_note":"","_monsterinsights_sitenote_category":0},"product_brand":[],"product_cat":[12312,12304],"product_tag":[],"class_list":{"0":"post-727537","1":"product","2":"type-product","3":"status-publish","5":"product_cat-diger","6":"product_cat-tarih","7":"pa_cilt-ciltsiz","8":"pa_tur-kitap","9":"pa_yayinevi-kronik-kitap","10":"pa_yazar-michael-h-fisher","12":"first","13":"instock","14":"sale","15":"shipping-taxable","16":"purchasable","17":"product-type-simple"},"_links":{"self":[{"href":"https:\/\/roveyayinevi.com.tr\/index.php\/wp-json\/wp\/v2\/product\/727537","targetHints":{"allow":["GET"]}}],"collection":[{"href":"https:\/\/roveyayinevi.com.tr\/index.php\/wp-json\/wp\/v2\/product"}],"about":[{"href":"https:\/\/roveyayinevi.com.tr\/index.php\/wp-json\/wp\/v2\/types\/product"}],"wp:attachment":[{"href":"https:\/\/roveyayinevi.com.tr\/index.php\/wp-json\/wp\/v2\/media?parent=727537"}],"wp:term":[{"taxonomy":"product_brand","embeddable":true,"href":"https:\/\/roveyayinevi.com.tr\/index.php\/wp-json\/wp\/v2\/product_brand?post=727537"},{"taxonomy":"product_cat","embeddable":true,"href":"https:\/\/roveyayinevi.com.tr\/index.php\/wp-json\/wp\/v2\/product_cat?post=727537"},{"taxonomy":"product_tag","embeddable":true,"href":"https:\/\/roveyayinevi.com.tr\/index.php\/wp-json\/wp\/v2\/product_tag?post=727537"}],"curies":[{"name":"wp","href":"https:\/\/api.w.org\/{rel}","templated":true}]}}