{"id":727535,"date":"2025-08-27T20:23:48","date_gmt":"2025-08-27T17:23:48","guid":{"rendered":"https:\/\/roveyayinevi.com.tr\/index.php\/urun\/feslegen-2\/"},"modified":"2026-04-16T02:35:21","modified_gmt":"2026-04-15T23:35:21","slug":"feslegen-2","status":"publish","type":"product","link":"https:\/\/roveyayinevi.com.tr\/index.php\/urun\/feslegen-2\/","title":{"rendered":"Fesle\u011fen"},"content":{"rendered":"<p>G\u00f6\u00e7menlikleri sadece vatanlar\u0131ndan g\u00f6\u00e7melerinden de\u011fildi onlar\u0131n. G\u00f6\u00e7t\u00fckleri hayatlar\u0131yd\u0131, an\u0131lar\u0131yd\u0131, dostlar\u0131, hayalleri, \u00e7i\u00e7ekleriydi pencere pervaz\u0131nda b\u0131rakt\u0131klar\u0131\u2026 Bir adam\u0131n ko\u015fu\u015fuyla ba\u015flayan, bir kad\u0131n\u0131n ko\u015fu\u015fuyla biten upuzun bir hayat! Sava\u015f\u0131n sadece cephede verilmedi\u011fini, cephede kazan\u0131lsa da evlerde kaybedildi\u011fini nahif bir dille, yollar\u0131 ayn\u0131 ac\u0131larda kesi\u015fen ailelerde okuyacaks\u0131n\u0131z bu kitapta.  Ama sava\u015f ate\u015ften g\u00f6mlek. Gitmesen memleketi, gitsen kar\u0131n\u0131, k\u0131z\u0131n\u0131, anan\u0131 b\u0131rak\u0131yorsun ard\u0131nda. Hangisi daha fena? H\u00e2l\u00e2 bilemedim.<\/p>\n","protected":false},"excerpt":{"rendered":"<p>G\u00f6\u00e7menlikleri sadece vatanlar\u0131ndan g\u00f6\u00e7melerinden de\u011fildi onlar\u0131n. G\u00f6\u00e7t\u00fckleri hayatlar\u0131yd\u0131, an\u0131lar\u0131yd\u0131, dostlar\u0131, hayalleri, \u00e7i\u00e7ekleriydi pencere pervaz\u0131nda b\u0131rakt\u0131klar\u0131\u2026 Bir adam\u0131n ko\u015fu\u015fuyla ba\u015flayan, bir kad\u0131n\u0131n ko\u015fu\u015fuyla biten upuzun bir hayat!<span class=\"excerpt-hellip\"> [\u2026]<\/span><\/p>\n","protected":false},"featured_media":0,"template":"","meta":{"_monsterinsights_skip_tracking":false,"_monsterinsights_sitenote_active":false,"_monsterinsights_sitenote_note":"","_monsterinsights_sitenote_category":0},"product_brand":[],"product_cat":[12291,12711],"product_tag":[],"class_list":{"0":"post-727535","1":"product","2":"type-product","3":"status-publish","5":"product_cat-edebiyat","6":"product_cat-roman-oyku","7":"pa_cilt-ciltsiz","8":"pa_tur-kitap","9":"pa_yayinevi-perseus","10":"pa_yazar-ozge-kurt","12":"first","13":"instock","14":"sale","15":"shipping-taxable","16":"purchasable","17":"product-type-simple"},"_links":{"self":[{"href":"https:\/\/roveyayinevi.com.tr\/index.php\/wp-json\/wp\/v2\/product\/727535","targetHints":{"allow":["GET"]}}],"collection":[{"href":"https:\/\/roveyayinevi.com.tr\/index.php\/wp-json\/wp\/v2\/product"}],"about":[{"href":"https:\/\/roveyayinevi.com.tr\/index.php\/wp-json\/wp\/v2\/types\/product"}],"wp:attachment":[{"href":"https:\/\/roveyayinevi.com.tr\/index.php\/wp-json\/wp\/v2\/media?parent=727535"}],"wp:term":[{"taxonomy":"product_brand","embeddable":true,"href":"https:\/\/roveyayinevi.com.tr\/index.php\/wp-json\/wp\/v2\/product_brand?post=727535"},{"taxonomy":"product_cat","embeddable":true,"href":"https:\/\/roveyayinevi.com.tr\/index.php\/wp-json\/wp\/v2\/product_cat?post=727535"},{"taxonomy":"product_tag","embeddable":true,"href":"https:\/\/roveyayinevi.com.tr\/index.php\/wp-json\/wp\/v2\/product_tag?post=727535"}],"curies":[{"name":"wp","href":"https:\/\/api.w.org\/{rel}","templated":true}]}}