{"id":727532,"date":"2025-08-27T20:23:45","date_gmt":"2025-08-27T17:23:45","guid":{"rendered":"https:\/\/roveyayinevi.com.tr\/index.php\/urun\/kugu-kardinalinin-olumu\/"},"modified":"2026-04-16T02:35:20","modified_gmt":"2026-04-15T23:35:20","slug":"kugu-kardinalinin-olumu","status":"publish","type":"product","link":"https:\/\/roveyayinevi.com.tr\/index.php\/urun\/kugu-kardinalinin-olumu\/","title":{"rendered":"Ku\u011fu Kardinalinin \u00d6l\u00fcm\u00fc"},"content":{"rendered":"<p>\u201cBen ruhumu arkada b\u0131rakt\u0131m\u201d S\u0131rt\u0131m\u0131 bah\u00e7endeki hu\u015f a\u011fac\u0131na yaslad\u0131m Mantomun d\u00fc\u011fmeleri a\u00e7\u0131k, nemli r\u00fczg\u00e2r g\u00f6\u011fs\u00fcm\u00fc sel\u00e2ml\u0131yor ve sa\u00e7lar\u0131m\u0131 Ben bir reyhan annesiyim estik\u00e7e kokusu savrulan Konu\u015f, susma konu\u015f S\u00f6yle bir yaran\u0131n g\u00f6lgesinde herkesin kendine a\u011flad\u0131\u011f\u0131n\u0131. K\u0131rlang\u0131\u00e7otu \u00c7oban\u00e7antas\u0131 A\u00e7amad\u0131\u011f\u0131m attarlar kap\u0131s\u0131 S\u00f6yle d\u00fcnya ge\u00e7ecek mi? <\/p>\n","protected":false},"excerpt":{"rendered":"<p>\u201cBen ruhumu arkada b\u0131rakt\u0131m\u201d S\u0131rt\u0131m\u0131 bah\u00e7endeki hu\u015f a\u011fac\u0131na yaslad\u0131m Mantomun d\u00fc\u011fmeleri a\u00e7\u0131k, nemli r\u00fczg\u00e2r g\u00f6\u011fs\u00fcm\u00fc sel\u00e2ml\u0131yor ve sa\u00e7lar\u0131m\u0131 Ben bir reyhan annesiyim estik\u00e7e kokusu savrulan Konu\u015f,<span class=\"excerpt-hellip\"> [\u2026]<\/span><\/p>\n","protected":false},"featured_media":0,"template":"","meta":{"_monsterinsights_skip_tracking":false,"_monsterinsights_sitenote_active":false,"_monsterinsights_sitenote_note":"","_monsterinsights_sitenote_category":0},"product_brand":[],"product_cat":[12291,12509],"product_tag":[],"class_list":{"0":"post-727532","1":"product","2":"type-product","3":"status-publish","5":"product_cat-edebiyat","6":"product_cat-siir","7":"pa_cilt-ciltsiz","8":"pa_tur-kitap","9":"pa_yayinevi-favori-yayinlari","10":"pa_yazar-nevin-kocoglu","12":"first","13":"instock","14":"sale","15":"shipping-taxable","16":"purchasable","17":"product-type-simple"},"_links":{"self":[{"href":"https:\/\/roveyayinevi.com.tr\/index.php\/wp-json\/wp\/v2\/product\/727532","targetHints":{"allow":["GET"]}}],"collection":[{"href":"https:\/\/roveyayinevi.com.tr\/index.php\/wp-json\/wp\/v2\/product"}],"about":[{"href":"https:\/\/roveyayinevi.com.tr\/index.php\/wp-json\/wp\/v2\/types\/product"}],"wp:attachment":[{"href":"https:\/\/roveyayinevi.com.tr\/index.php\/wp-json\/wp\/v2\/media?parent=727532"}],"wp:term":[{"taxonomy":"product_brand","embeddable":true,"href":"https:\/\/roveyayinevi.com.tr\/index.php\/wp-json\/wp\/v2\/product_brand?post=727532"},{"taxonomy":"product_cat","embeddable":true,"href":"https:\/\/roveyayinevi.com.tr\/index.php\/wp-json\/wp\/v2\/product_cat?post=727532"},{"taxonomy":"product_tag","embeddable":true,"href":"https:\/\/roveyayinevi.com.tr\/index.php\/wp-json\/wp\/v2\/product_tag?post=727532"}],"curies":[{"name":"wp","href":"https:\/\/api.w.org\/{rel}","templated":true}]}}