{"id":727531,"date":"2025-08-27T20:23:44","date_gmt":"2025-08-27T17:23:44","guid":{"rendered":"https:\/\/roveyayinevi.com.tr\/index.php\/urun\/aya-yolculuk-8\/"},"modified":"2025-11-21T06:26:15","modified_gmt":"2025-11-21T03:26:15","slug":"aya-yolculuk-8","status":"publish","type":"product","link":"https:\/\/roveyayinevi.com.tr\/index.php\/urun\/aya-yolculuk-8\/","title":{"rendered":"Ay\u2019a Yolculuk"},"content":{"rendered":"<p>\u0130\u00e7 Sava\u015f sonras\u0131 bir grup emekli askerin kurdu\u011fu Silah Kul\u00fcb\u00fc\u2019nde b\u00fcy\u00fck bir tart\u0131\u015fma ya\u015fanmaktad\u0131r. Kul\u00fcp ba\u015fkan\u0131 Ay\u2019a yap\u0131lacak bir seyahatten bahsetmektedir. O d\u00f6nemde b\u00f6yle bir \u015fey m\u00fcmk\u00fcn m\u00fcd\u00fcr? Kul\u00fcp ba\u015fkan\u0131 ve iki dostu i\u00e7in b\u00f6yle bir yolculuk m\u00fcmk\u00fcnd\u00fcr. Bu ekibe bir de Frans\u0131z bir maceraperest de kat\u0131l\u0131nca \u00e7al\u0131\u015fmalar b\u00fcy\u00fck bir h\u0131zla ba\u015flar. Bir f\u0131rlatma makinesi, b\u00fcy\u00fck bir g\u00fclle ve \u00fc\u00e7 maceraperest Ay\u2019a gitmeye haz\u0131rd\u0131r. <\/p>\n","protected":false},"excerpt":{"rendered":"<p>\u0130\u00e7 Sava\u015f sonras\u0131 bir grup emekli askerin kurdu\u011fu Silah Kul\u00fcb\u00fc\u2019nde b\u00fcy\u00fck bir tart\u0131\u015fma ya\u015fanmaktad\u0131r. Kul\u00fcp ba\u015fkan\u0131 Ay\u2019a yap\u0131lacak bir seyahatten bahsetmektedir. O d\u00f6nemde b\u00f6yle bir \u015fey<span class=\"excerpt-hellip\"> [\u2026]<\/span><\/p>\n","protected":false},"featured_media":0,"template":"","meta":{"_monsterinsights_skip_tracking":false,"_monsterinsights_sitenote_active":false,"_monsterinsights_sitenote_note":"","_monsterinsights_sitenote_category":0},"product_brand":[],"product_cat":[12274,12467],"product_tag":[],"class_list":{"0":"post-727531","1":"product","2":"type-product","3":"status-publish","5":"product_cat-cocuk-ve-genclik-kitaplari","6":"product_cat-dunya-klasikleri","7":"pa_cilt-ciltsiz","8":"pa_tur-kitap","9":"pa_yayinevi-sifir6-yayinevi","10":"pa_yazar-jules-verne","12":"first","13":"instock","14":"sale","15":"shipping-taxable","16":"purchasable","17":"product-type-simple"},"_links":{"self":[{"href":"https:\/\/roveyayinevi.com.tr\/index.php\/wp-json\/wp\/v2\/product\/727531","targetHints":{"allow":["GET"]}}],"collection":[{"href":"https:\/\/roveyayinevi.com.tr\/index.php\/wp-json\/wp\/v2\/product"}],"about":[{"href":"https:\/\/roveyayinevi.com.tr\/index.php\/wp-json\/wp\/v2\/types\/product"}],"wp:attachment":[{"href":"https:\/\/roveyayinevi.com.tr\/index.php\/wp-json\/wp\/v2\/media?parent=727531"}],"wp:term":[{"taxonomy":"product_brand","embeddable":true,"href":"https:\/\/roveyayinevi.com.tr\/index.php\/wp-json\/wp\/v2\/product_brand?post=727531"},{"taxonomy":"product_cat","embeddable":true,"href":"https:\/\/roveyayinevi.com.tr\/index.php\/wp-json\/wp\/v2\/product_cat?post=727531"},{"taxonomy":"product_tag","embeddable":true,"href":"https:\/\/roveyayinevi.com.tr\/index.php\/wp-json\/wp\/v2\/product_tag?post=727531"}],"curies":[{"name":"wp","href":"https:\/\/api.w.org\/{rel}","templated":true}]}}