{"id":727529,"date":"2025-08-27T20:23:42","date_gmt":"2025-08-27T17:23:42","guid":{"rendered":"https:\/\/roveyayinevi.com.tr\/index.php\/urun\/dunyada-tarihciligin-gundemi\/"},"modified":"2026-04-16T02:35:20","modified_gmt":"2026-04-15T23:35:20","slug":"dunyada-tarihciligin-gundemi","status":"publish","type":"product","link":"https:\/\/roveyayinevi.com.tr\/index.php\/urun\/dunyada-tarihciligin-gundemi\/","title":{"rendered":"D\u00fcnyada Tarih\u00e7ili\u011fin G\u00fcndemi"},"content":{"rendered":"<p>Bu kitapta d\u00fcnyadaki tarih\u00e7ili\u011fin son yirmi y\u0131l\u0131, k\u00f6kl\u00fc tarih\u00e7ilik geleneklerine sahip olan, g\u00fcn\u00fcm\u00fcz d\u00fcnya tarih\u00e7ili\u011fine de katk\u0131 sa\u011flad\u0131\u011f\u0131 s\u00f6ylenebilecek ABD, \u0130ngiltere, Fransa, Almanya, \u0130spanya, M\u0131s\u0131r, \u0130ran, \u00c7in, Japonya ve Rusya gibi \u00fclkeler \u00fczerinden inceleniyor. On ayr\u0131 \u00fclkedeki tarih\u00e7ili\u011fin son yirmi y\u0131l\u0131n\u0131 inceleyen bu \u00e7al\u0131\u015fmadaki her bir tarih\u00e7i yazar\u0131m\u0131z, ilgili \u00fclkelerde doktora ya da post doktoras\u0131n\u0131 yapm\u0131\u015f akademisyenlerdir. B\u00f6ylelikle ilgili \u00fclkenin dili ve k\u00fclt\u00fcr\u00fcne n\u00fcfuz etmi\u015f tarih\u00e7ilerin incelemeleriyle, bir anlamda d\u00fcnyada tarih\u00e7ilik ad\u0131na nelerin tart\u0131\u015f\u0131ld\u0131\u011f\u0131, konu\u015fuldu\u011fu ve g\u00fcndem olu\u015fturdu\u011funu okuma imk\u00e2n\u0131na eri\u015fiyoruz. D\u00fcnyada Tarih\u00e7ili\u011fin G\u00fcndemi, g\u00fcn\u00fcm\u00fcz T\u00fcrkiye\u2019sinde, d\u00fcnyadan farkl\u0131 \u00fclkeleri yak\u0131ndan takip eden \u00f6nemli bir tarih\u00e7i potansiyelinin varl\u0131\u011f\u0131na i\u015faret etmesi bak\u0131m\u0131ndan da \u00f6nemlidir. Maksad\u0131m\u0131z, T\u00fcrkiye\u2019deki tarih\u00e7ilerin, d\u00fcnyada tarih\u00e7ilik ad\u0131na nelerin konu edildi\u011finden haberdar olmalar\u0131n\u0131 sa\u011flamak ve bundan ilham almalar\u0131na vesile olmakt\u0131r. <\/p>\n","protected":false},"excerpt":{"rendered":"<p>Bu kitapta d\u00fcnyadaki tarih\u00e7ili\u011fin son yirmi y\u0131l\u0131, k\u00f6kl\u00fc tarih\u00e7ilik geleneklerine sahip olan, g\u00fcn\u00fcm\u00fcz d\u00fcnya tarih\u00e7ili\u011fine de katk\u0131 sa\u011flad\u0131\u011f\u0131 s\u00f6ylenebilecek ABD, \u0130ngiltere, Fransa, Almanya, \u0130spanya, M\u0131s\u0131r, \u0130ran,<span class=\"excerpt-hellip\"> [\u2026]<\/span><\/p>\n","protected":false},"featured_media":0,"template":"","meta":{"_monsterinsights_skip_tracking":false,"_monsterinsights_sitenote_active":false,"_monsterinsights_sitenote_note":"","_monsterinsights_sitenote_category":0},"product_brand":[],"product_cat":[12370,12304],"product_tag":[],"class_list":{"0":"post-727529","1":"product","2":"type-product","3":"status-publish","5":"product_cat-arastirma-inceleme","6":"product_cat-tarih","7":"pa_cilt-ciltsiz","8":"pa_tur-kitap","9":"pa_yayinevi-yeni-insan-yayinlari","10":"pa_yazar-ahmet-simsek","12":"first","13":"instock","14":"sale","15":"shipping-taxable","16":"purchasable","17":"product-type-simple"},"_links":{"self":[{"href":"https:\/\/roveyayinevi.com.tr\/index.php\/wp-json\/wp\/v2\/product\/727529","targetHints":{"allow":["GET"]}}],"collection":[{"href":"https:\/\/roveyayinevi.com.tr\/index.php\/wp-json\/wp\/v2\/product"}],"about":[{"href":"https:\/\/roveyayinevi.com.tr\/index.php\/wp-json\/wp\/v2\/types\/product"}],"wp:attachment":[{"href":"https:\/\/roveyayinevi.com.tr\/index.php\/wp-json\/wp\/v2\/media?parent=727529"}],"wp:term":[{"taxonomy":"product_brand","embeddable":true,"href":"https:\/\/roveyayinevi.com.tr\/index.php\/wp-json\/wp\/v2\/product_brand?post=727529"},{"taxonomy":"product_cat","embeddable":true,"href":"https:\/\/roveyayinevi.com.tr\/index.php\/wp-json\/wp\/v2\/product_cat?post=727529"},{"taxonomy":"product_tag","embeddable":true,"href":"https:\/\/roveyayinevi.com.tr\/index.php\/wp-json\/wp\/v2\/product_tag?post=727529"}],"curies":[{"name":"wp","href":"https:\/\/api.w.org\/{rel}","templated":true}]}}